{"id":15711,"date":"2025-02-24T22:49:36","date_gmt":"2025-02-24T21:49:36","guid":{"rendered":"https:\/\/staviori.com.pl\/product\/srebrne-kolczyki-sss5929\/"},"modified":"2026-03-30T10:08:42","modified_gmt":"2026-03-30T08:08:42","slug":"srebrne-kolczyki-sss5929","status":"publish","type":"product","link":"https:\/\/staviori.com.pl\/en\/product\/srebrne-kolczyki-sss5929\/","title":{"rendered":"Silver ear cuff with cubic zirconia"},"content":{"rendered":"<p>Model: SSS5929<br \/>\nWeight approx. 1.00g<\/p>\n<p>Earrings.<br \/>\nEar cuff<br \/>\n0.925 silver.<br \/>\nZirconia.<\/p>\n<p>Szeroko\u015b\u0107 2.80 mm.<\/p>\n<p>Nowoczesny i elegancki wygl\u0105d tego mankietu do uszu dope\u0142niaj\u0105 \u015bliczne, po\u0142yskuj\u0105ce cyrkonie.<\/p>","protected":false},"excerpt":{"rendered":"<p>Elegancki srebrny mankiet do ucha ozdobiony b\u0142yszcz\u0105cymi cyrkoniami to nowoczesna bi\u017cuteria, kt\u00f3ra podkre\u015bla indywidualny styl. Wykonany ze srebra pr\u00f3by 925, zachwyca subtelnym blaskiem i wygod\u0105 noszenia \u2013 bez konieczno\u015bci przek\u0142uwania ucha. Idealny na co dzie\u0144, jak i do wyj\u0105tkowych okazji, dodaj\u0105c odrobiny glamour ka\u017cdej stylizacji.<\/p>","protected":false},"featured_media":7788,"comment_status":"closed","ping_status":"closed","template":"","meta":{"om_disable_all_campaigns":false},"product_brand":[2284],"product_cat":[199,1818,1817],"product_tag":[6013,3403,6012,6015,6010,6014,5998,5997,2427,6000],"class_list":{"0":"post-15711","1":"product","2":"type-product","3":"status-publish","4":"has-post-thumbnail","6":"product_brand-staviori","7":"product_cat-kolczyki","8":"product_cat-srebrne-kolczyki","9":"product_cat-srebro-2","10":"product_tag-cubic-zirconia-ear-cuff","11":"product_tag-ear-cuff","12":"product_tag-mankiet-z-cyrkoniami","13":"product_tag-nausnice-zirkony","14":"product_tag-ohrmanschette-silber","15":"product_tag-ohrmanschette-zirkonia","16":"product_tag-silver-ear-cuff","17":"product_tag-srebrny-mankiet-do-ucha","18":"product_tag-srebro-925","19":"product_tag-stribrna-nausnice-manzeta","20":"pa_dostawca-karen-silver","21":"pa_kamien-cyrkonia","22":"pa_kruszec-srebro","23":"pa_proba-0-925","24":"pa_szerokosc-2-80mm","25":"pa_waga-100g-2","27":"first","28":"instock","29":"purchasable","30":"product-type-simple"},"aioseo_notices":[],"_links":{"self":[{"href":"https:\/\/staviori.com.pl\/en\/wp-json\/wp\/v2\/product\/15711","targetHints":{"allow":["GET"]}}],"collection":[{"href":"https:\/\/staviori.com.pl\/en\/wp-json\/wp\/v2\/product"}],"about":[{"href":"https:\/\/staviori.com.pl\/en\/wp-json\/wp\/v2\/types\/product"}],"replies":[{"embeddable":true,"href":"https:\/\/staviori.com.pl\/en\/wp-json\/wp\/v2\/comments?post=15711"}],"wp:featuredmedia":[{"embeddable":true,"href":"https:\/\/staviori.com.pl\/en\/wp-json\/wp\/v2\/media\/7788"}],"wp:attachment":[{"href":"https:\/\/staviori.com.pl\/en\/wp-json\/wp\/v2\/media?parent=15711"}],"wp:term":[{"taxonomy":"product_brand","embeddable":true,"href":"https:\/\/staviori.com.pl\/en\/wp-json\/wp\/v2\/product_brand?post=15711"},{"taxonomy":"product_cat","embeddable":true,"href":"https:\/\/staviori.com.pl\/en\/wp-json\/wp\/v2\/product_cat?post=15711"},{"taxonomy":"product_tag","embeddable":true,"href":"https:\/\/staviori.com.pl\/en\/wp-json\/wp\/v2\/product_tag?post=15711"}],"curies":[{"name":"wp","href":"https:\/\/api.w.org\/{rel}","templated":true}]}}