{"id":15708,"date":"2025-02-24T22:49:36","date_gmt":"2025-02-24T21:49:36","guid":{"rendered":"https:\/\/staviori.com.pl\/product\/srebrne-kolczyki-sss5928\/"},"modified":"2026-04-13T16:06:37","modified_gmt":"2026-04-13T14:06:37","slug":"srebrne-kolczyki-sss5928","status":"publish","type":"product","link":"https:\/\/staviori.com.pl\/en\/product\/srebrne-kolczyki-sss5928\/","title":{"rendered":"Silver wide beautiful ear cuff in 3 colours"},"content":{"rendered":"<p>Model: SSS5928<br \/>\nWaga ok. 1,65g<\/p>\n<p>Kolczyk \/ Mankiet do uszu<br \/>\n0.925 silver.<\/p>\n<p>Szeroko\u015b\u0107 6.19 mm.<br \/>\nWysoko\u015b\u0107 10.39 mm.<\/p>\n<p>Pi\u0119kny, szeroki mankiet do ucha, wykonany ze srebra 0,925. Prosty i elegancki.<br \/>\nDost\u0119pny rodowany lub poz\u0142acany | w 3 kolorach<\/p>","protected":false},"excerpt":{"rendered":"<p>Szeroki mankiet do ucha wykonany ze srebra pr\u00f3by 925 to propozycja dla os\u00f3b ceni\u0105cych prostot\u0119 i nowoczesny styl. Dzi\u0119ki g\u0142adkiej powierzchni prezentuje si\u0119 niezwykle elegancko, a jednocze\u015bnie pozostaje wygodny w noszeniu. Dost\u0119pny w trzech wyko\u0144czeniach \u2013 rodowanym srebrze, z\u0142ocie oraz r\u00f3\u017cowym z\u0142ocie \u2013 pozwala dopasowa\u0107 bi\u017cuteri\u0119 do indywidualnych upodoba\u0144 i stylizacji.<\/p>","protected":false},"featured_media":7779,"comment_status":"closed","ping_status":"closed","template":"","meta":{"om_disable_all_campaigns":false},"product_brand":[2284],"product_cat":[199,1818,1817],"product_tag":[3403,6008,6001,6010,6011,6007,6006,2427,6000,6005,6009],"class_list":{"0":"post-15708","1":"product","2":"type-product","3":"status-publish","4":"has-post-thumbnail","6":"product_brand-staviori","7":"product_cat-kolczyki","8":"product_cat-srebrne-kolczyki","9":"product_cat-srebro-2","10":"product_tag-ear-cuff","11":"product_tag-mankiet-rozowe-zloto","12":"product_tag-nausnice-bez-propichnuti","13":"product_tag-ohrmanschette-silber","14":"product_tag-ohrmanschette-vergoldet","15":"product_tag-pozlacany-mankiet-do-ucha","16":"product_tag-srebrny-mankiet","17":"product_tag-srebro-925","18":"product_tag-stribrna-nausnice-manzeta","19":"product_tag-szeroki-mankiet-do-ucha","20":"product_tag-wide-ear-cuff","21":"pa_barwa-rozowy","22":"pa_barwa-srebrny","23":"pa_barwa-zloty","24":"pa_dostawca-karen-silver","25":"pa_kruszec-srebro","26":"pa_kruszec-srebro-pozlacane","27":"pa_kruszec-srebro-rodowane","28":"pa_proba-0-925","29":"pa_szerokosc-6-19mm","30":"pa_waga-165g","31":"pa_wysokosc-10-39mm","33":"first","34":"instock","35":"purchasable","36":"product-type-variable"},"aioseo_notices":[],"_links":{"self":[{"href":"https:\/\/staviori.com.pl\/en\/wp-json\/wp\/v2\/product\/15708","targetHints":{"allow":["GET"]}}],"collection":[{"href":"https:\/\/staviori.com.pl\/en\/wp-json\/wp\/v2\/product"}],"about":[{"href":"https:\/\/staviori.com.pl\/en\/wp-json\/wp\/v2\/types\/product"}],"replies":[{"embeddable":true,"href":"https:\/\/staviori.com.pl\/en\/wp-json\/wp\/v2\/comments?post=15708"}],"wp:featuredmedia":[{"embeddable":true,"href":"https:\/\/staviori.com.pl\/en\/wp-json\/wp\/v2\/media\/7779"}],"wp:attachment":[{"href":"https:\/\/staviori.com.pl\/en\/wp-json\/wp\/v2\/media?parent=15708"}],"wp:term":[{"taxonomy":"product_brand","embeddable":true,"href":"https:\/\/staviori.com.pl\/en\/wp-json\/wp\/v2\/product_brand?post=15708"},{"taxonomy":"product_cat","embeddable":true,"href":"https:\/\/staviori.com.pl\/en\/wp-json\/wp\/v2\/product_cat?post=15708"},{"taxonomy":"product_tag","embeddable":true,"href":"https:\/\/staviori.com.pl\/en\/wp-json\/wp\/v2\/product_tag?post=15708"}],"curies":[{"name":"wp","href":"https:\/\/api.w.org\/{rel}","templated":true}]}}