{"id":15701,"date":"2025-02-24T22:49:36","date_gmt":"2025-02-24T21:49:36","guid":{"rendered":"https:\/\/staviori.com.pl\/product\/srebrne-kolczyki-sss5923\/"},"modified":"2026-02-11T00:09:27","modified_gmt":"2026-02-10T23:09:27","slug":"srebrne-kolczyki-sss5923","status":"publish","type":"product","link":"https:\/\/staviori.com.pl\/en\/product\/srebrne-kolczyki-sss5923\/","title":{"rendered":"Silver pineapple earrings with post fastening"},"content":{"rendered":"<p>Model: SSS5923<br \/>\nWaga ok. 1,39g<\/p>\n<p>Earrings.<br \/>\n0.925 silver.<\/p>\n<p>Szeroko\u015b\u0107 6.54 mm.<br \/>\nWysoko\u015b\u0107 11.86 mm.<\/p>","protected":false},"excerpt":{"rendered":"<p>Urocze srebrne kolczyki w kszta\u0142cie ananasa to propozycja pe\u0142na wdzi\u0119ku i wakacyjnego uroku. Wykonane z najwy\u017cszej jako\u015bci srebra pr\u00f3by 925, zachwycaj\u0105 precyzyjnym wyko\u0144czeniem i lekk\u0105 form\u0105. B\u0119d\u0105 idealnym dodatkiem, kt\u00f3ry doda \u015bwie\u017co\u015bci i oryginalno\u015bci zar\u00f3wno codziennym, jak i letnim stylizacjom.<\/p>","protected":false},"featured_media":11193,"comment_status":"closed","ping_status":"closed","template":"","meta":{"om_disable_all_campaigns":false},"product_brand":[2284],"product_cat":[199,1818,1817],"product_tag":[5986,5984,5987,5826,5985,5820,2942,2427,5824],"class_list":{"0":"post-15701","1":"product","2":"type-product","3":"status-publish","4":"has-post-thumbnail","6":"product_brand-staviori","7":"product_cat-kolczyki","8":"product_cat-srebrne-kolczyki","9":"product_cat-srebro-2","10":"product_tag-ananas-ohrringe","11":"product_tag-kolczyki-ananas","12":"product_tag-nausnice-ananas","13":"product_tag-ohrringe-silber","14":"product_tag-pineapple-earrings","15":"product_tag-silver-earrings","16":"product_tag-srebrne-kolczyki","17":"product_tag-srebro-925","18":"product_tag-stribrne-nausnice","19":"pa_dostawca-karen-silver","20":"pa_kruszec-srebro","21":"pa_kruszec-srebro-oksydowane","22":"pa_motyw-ananas","23":"pa_motyw-owoc","24":"pa_proba-0-925","25":"pa_szerokosc-6-54mm","26":"pa_waga-139g","27":"pa_wysokosc-11-86mm","28":"pa_zapiecie-sztyft","30":"first","31":"instock","32":"purchasable","33":"product-type-simple"},"aioseo_notices":[],"_links":{"self":[{"href":"https:\/\/staviori.com.pl\/en\/wp-json\/wp\/v2\/product\/15701","targetHints":{"allow":["GET"]}}],"collection":[{"href":"https:\/\/staviori.com.pl\/en\/wp-json\/wp\/v2\/product"}],"about":[{"href":"https:\/\/staviori.com.pl\/en\/wp-json\/wp\/v2\/types\/product"}],"replies":[{"embeddable":true,"href":"https:\/\/staviori.com.pl\/en\/wp-json\/wp\/v2\/comments?post=15701"}],"wp:featuredmedia":[{"embeddable":true,"href":"https:\/\/staviori.com.pl\/en\/wp-json\/wp\/v2\/media\/11193"}],"wp:attachment":[{"href":"https:\/\/staviori.com.pl\/en\/wp-json\/wp\/v2\/media?parent=15701"}],"wp:term":[{"taxonomy":"product_brand","embeddable":true,"href":"https:\/\/staviori.com.pl\/en\/wp-json\/wp\/v2\/product_brand?post=15701"},{"taxonomy":"product_cat","embeddable":true,"href":"https:\/\/staviori.com.pl\/en\/wp-json\/wp\/v2\/product_cat?post=15701"},{"taxonomy":"product_tag","embeddable":true,"href":"https:\/\/staviori.com.pl\/en\/wp-json\/wp\/v2\/product_tag?post=15701"}],"curies":[{"name":"wp","href":"https:\/\/api.w.org\/{rel}","templated":true}]}}