{"id":15700,"date":"2025-02-24T22:49:36","date_gmt":"2025-02-24T21:49:36","guid":{"rendered":"https:\/\/staviori.com.pl\/product\/srebrne-kolczyki-sss5921y\/"},"modified":"2026-02-11T00:09:27","modified_gmt":"2026-02-10T23:09:27","slug":"srebrne-kolczyki-sss5921y","status":"publish","type":"product","link":"https:\/\/staviori.com.pl\/en\/product\/srebrne-kolczyki-sss5921y\/","title":{"rendered":"Silver plated gold plated honeycomb post earrings"},"content":{"rendered":"<p>Model: SSS5921Y<br \/>\nWeight approx. 3.50g<\/p>\n<p>Earrings.<br \/>\nSrebro 925 pokryte \u017c\u00f3\u0142tym z\u0142otem<\/p>\n<p>Szeroko\u015b\u0107 19 mm.<br \/>\nWysoko\u015b\u0107 15 mm.<\/p>\n<p>Srebrne kolczyki inspirowane srebrnymi \u0107wiekami o otwartym geometrycznym kszta\u0142cie plastra miodu, solidarnie i ze wsparciem dla zapracowanych bohater\u00f3w natury! Kolczyki idealnie uzupe\u0142niaj\u0105 stylizacje na codzie\u0144, ale tak\u017ce na wyj\u0105tkowe okazje.<\/p>","protected":false},"excerpt":{"rendered":"<p>Stylowe kolczyki o geometrycznym kszta\u0142cie plastra miodu, wykonane ze srebra pr\u00f3by 0,925 i pokryte \u017c\u00f3\u0142tym z\u0142otem. Ich otwarta forma symbolizuje harmoni\u0119 i natur\u0119, a zarazem przyci\u0105ga uwag\u0119 nowoczesnym designem. Doskona\u0142e zar\u00f3wno do codziennych stylizacji, jak i eleganckich okazji.<\/p>","protected":false},"featured_media":7761,"comment_status":"closed","ping_status":"closed","template":"","meta":{"om_disable_all_campaigns":false},"product_brand":[2284],"product_cat":[199,1818,1817],"product_tag":[2660,5829,5916,5976,3158,5975,3568,3718,5980,5979,5914,2427,5905],"class_list":{"0":"post-15700","1":"product","2":"type-product","3":"status-publish","4":"has-post-thumbnail","6":"product_brand-staviori","7":"product_cat-kolczyki","8":"product_cat-srebrne-kolczyki","9":"product_cat-srebro-2","10":"product_tag-eleganckie-kolczyki","11":"product_tag-geometric-earrings","12":"product_tag-gold-plated-earrings","13":"product_tag-honeycomb-earrings","14":"product_tag-kolczyki-geometryczne","15":"product_tag-kolczyki-plastry-miodu","16":"product_tag-kolczyki-zolte-zloto","17":"product_tag-modne-kolczyki","18":"product_tag-nausnice-plastve-zlato","19":"product_tag-ohrringe-wabe-gold","20":"product_tag-srebrne-kolczyki-pozlacane","21":"product_tag-srebro-925","22":"product_tag-sterling-silver","23":"pa_dostawca-karen-silver","24":"pa_kruszec-srebro","25":"pa_kruszec-srebro-pozlacane","26":"pa_proba-0-925","27":"pa_szerokosc-19mm","28":"pa_waga-350g","29":"pa_wysokosc-15mm","30":"pa_zapiecie-sztyft","32":"first","33":"instock","34":"purchasable","35":"product-type-simple"},"aioseo_notices":[],"_links":{"self":[{"href":"https:\/\/staviori.com.pl\/en\/wp-json\/wp\/v2\/product\/15700","targetHints":{"allow":["GET"]}}],"collection":[{"href":"https:\/\/staviori.com.pl\/en\/wp-json\/wp\/v2\/product"}],"about":[{"href":"https:\/\/staviori.com.pl\/en\/wp-json\/wp\/v2\/types\/product"}],"replies":[{"embeddable":true,"href":"https:\/\/staviori.com.pl\/en\/wp-json\/wp\/v2\/comments?post=15700"}],"wp:featuredmedia":[{"embeddable":true,"href":"https:\/\/staviori.com.pl\/en\/wp-json\/wp\/v2\/media\/7761"}],"wp:attachment":[{"href":"https:\/\/staviori.com.pl\/en\/wp-json\/wp\/v2\/media?parent=15700"}],"wp:term":[{"taxonomy":"product_brand","embeddable":true,"href":"https:\/\/staviori.com.pl\/en\/wp-json\/wp\/v2\/product_brand?post=15700"},{"taxonomy":"product_cat","embeddable":true,"href":"https:\/\/staviori.com.pl\/en\/wp-json\/wp\/v2\/product_cat?post=15700"},{"taxonomy":"product_tag","embeddable":true,"href":"https:\/\/staviori.com.pl\/en\/wp-json\/wp\/v2\/product_tag?post=15700"}],"curies":[{"name":"wp","href":"https:\/\/api.w.org\/{rel}","templated":true}]}}