{"id":15685,"date":"2025-02-24T22:49:32","date_gmt":"2025-02-24T21:49:32","guid":{"rendered":"https:\/\/staviori.com.pl\/product\/srebrne-kolczyki-sss5906\/"},"modified":"2026-02-11T00:09:25","modified_gmt":"2026-02-10T23:09:25","slug":"srebrne-kolczyki-sss5906","status":"publish","type":"product","link":"https:\/\/staviori.com.pl\/en\/product\/srebrne-kolczyki-sss5906\/","title":{"rendered":"Small silver heart earrings | silver"},"content":{"rendered":"<p>Model: SSS5906<br \/>\nWaga ok. 0.43g<\/p>\n<p>Earrings.<br \/>\nSrebro 0.925.<\/p>\n<p>Szeroko\u015b\u0107 4.58 mm.<br \/>\nWysoko\u015b\u0107 4.14 mm.<\/p>\n<p>Eleganckie i urocze srebrne kolczyki w kszta\u0142cie serca, s\u0105 idealne na codzie\u0144.<br \/>\nA\u017curowe serca s\u0105 bardzo popularn\u0105 i modne, a te pi\u0119kne srebrne kolczyki pod\u0105\u017caj\u0105 za tym trendem z ponadczasowym urokiem.<\/p>","protected":false},"excerpt":{"rendered":"<p>Subtelne i urocze kolczyki w kszta\u0142cie serca wykonane ze srebra pr\u00f3by 0,925. Delikatny a\u017curowy wz\u00f3r sprawia, \u017ce s\u0105 lekkie i pe\u0142ne wdzi\u0119ku. Idealne na co dzie\u0144, ale tak\u017ce jako romantyczny dodatek na wyj\u0105tkowe okazje. Ponadczasowy motyw serca czyni je \u015bwietnym pomys\u0142em na prezent.<\/p>\n<p>https:\/\/www.youtube.com\/watch?v=jTqKtqVFWy4<\/p>","protected":false},"featured_media":7706,"comment_status":"closed","ping_status":"closed","template":"","meta":{"om_disable_all_campaigns":false},"product_brand":[2284],"product_cat":[199,1818,1817],"product_tag":[2858,5939,2995,3096,5941,5940,5938,5820,2942,2427,5905],"class_list":{"0":"post-15685","1":"product","2":"type-product","3":"status-publish","4":"has-post-thumbnail","6":"product_brand-staviori","7":"product_cat-kolczyki","8":"product_cat-srebrne-kolczyki","9":"product_cat-srebro-2","10":"product_tag-delikatne-kolczyki","11":"product_tag-heart-earrings","12":"product_tag-kolczyki-azurowe","13":"product_tag-kolczyki-serca","14":"product_tag-nausnice-srdce","15":"product_tag-ohrringe-herz","16":"product_tag-romantyczne-kolczyki","17":"product_tag-silver-earrings","18":"product_tag-srebrne-kolczyki","19":"product_tag-srebro-925","20":"product_tag-sterling-silver","21":"pa_dostawca-karen-silver","22":"pa_kruszec-srebro","23":"pa_kruszec-srebro-rodowane","24":"pa_motyw-serce","25":"pa_proba-0-925","26":"pa_szerokosc-4-58mm","27":"pa_waga-043g","28":"pa_wysokosc-4-14mm","30":"first","31":"instock","32":"purchasable","33":"product-type-simple"},"aioseo_notices":[],"_links":{"self":[{"href":"https:\/\/staviori.com.pl\/en\/wp-json\/wp\/v2\/product\/15685","targetHints":{"allow":["GET"]}}],"collection":[{"href":"https:\/\/staviori.com.pl\/en\/wp-json\/wp\/v2\/product"}],"about":[{"href":"https:\/\/staviori.com.pl\/en\/wp-json\/wp\/v2\/types\/product"}],"replies":[{"embeddable":true,"href":"https:\/\/staviori.com.pl\/en\/wp-json\/wp\/v2\/comments?post=15685"}],"wp:featuredmedia":[{"embeddable":true,"href":"https:\/\/staviori.com.pl\/en\/wp-json\/wp\/v2\/media\/7706"}],"wp:attachment":[{"href":"https:\/\/staviori.com.pl\/en\/wp-json\/wp\/v2\/media?parent=15685"}],"wp:term":[{"taxonomy":"product_brand","embeddable":true,"href":"https:\/\/staviori.com.pl\/en\/wp-json\/wp\/v2\/product_brand?post=15685"},{"taxonomy":"product_cat","embeddable":true,"href":"https:\/\/staviori.com.pl\/en\/wp-json\/wp\/v2\/product_cat?post=15685"},{"taxonomy":"product_tag","embeddable":true,"href":"https:\/\/staviori.com.pl\/en\/wp-json\/wp\/v2\/product_tag?post=15685"}],"curies":[{"name":"wp","href":"https:\/\/api.w.org\/{rel}","templated":true}]}}