{"id":15682,"date":"2025-02-24T22:49:32","date_gmt":"2025-02-24T21:49:32","guid":{"rendered":"https:\/\/staviori.com.pl\/product\/srebrne-kolczyki-sss5200y\/"},"modified":"2026-02-11T00:09:25","modified_gmt":"2026-02-10T23:09:25","slug":"srebrne-kolczyki-sss5200y","status":"publish","type":"product","link":"https:\/\/staviori.com.pl\/en\/product\/srebrne-kolczyki-sss5200y\/","title":{"rendered":"Silver plated gold plated long pendant earrings | yellow"},"content":{"rendered":"<p>Model: SSS5200Y<br \/>\nWaga ok. 1,39g<\/p>\n<p>Earrings.<br \/>\nSrebro 925 pokryte \u017c\u00f3\u0142tym z\u0142otem<\/p>\n<p>6 mm wide.<br \/>\nD\u0142ugo\u015b\u0107 62 mm.<\/p>\n<p>Odwa\u017cne i stylowe, serpentynowe kolczyki w wysokim po\u0142ysku. Srebro pokryte 18-karatowym z\u0142otem. Eleganckie, pi\u0119kne, wisz\u0105ce kolczyki na ka\u017cd\u0105 okazj\u0119.<\/p>","protected":false},"excerpt":{"rendered":"<p>Eleganckie kolczyki wisz\u0105ce wykonane ze srebra pr\u00f3by 0,925, pokryte 18-karatowym \u017c\u00f3\u0142tym z\u0142otem. Smuk\u0142e serpentynowe ogniwa o d\u0142ugo\u015bci 62 mm pi\u0119knie po\u0142yskuj\u0105, poruszaj\u0105c si\u0119 lekko przy ka\u017cdym ruchu. To odwa\u017cny i stylowy akcent, kt\u00f3ry doda klasy zar\u00f3wno codziennym stylizacjom, jak i wyj\u0105tkowym okazjom.<\/p>","protected":false},"featured_media":7693,"comment_status":"closed","ping_status":"closed","template":"","meta":{"om_disable_all_campaigns":false},"product_brand":[2284],"product_cat":[199,1818,1817],"product_tag":[2891,2660,5916,5923,2770,3568,5924,5918,5917,5914,2427,5905],"class_list":{"0":"post-15682","1":"product","2":"type-product","3":"status-publish","4":"has-post-thumbnail","6":"product_brand-staviori","7":"product_cat-kolczyki","8":"product_cat-srebrne-kolczyki","9":"product_cat-srebro-2","10":"product_tag-dlugie-kolczyki","11":"product_tag-eleganckie-kolczyki","12":"product_tag-gold-plated-earrings","13":"product_tag-kolczyki-serpentynowe","14":"product_tag-kolczyki-wiszace","15":"product_tag-kolczyki-zolte-zloto","16":"product_tag-long-earrings","17":"product_tag-nausnice-pozlacene","18":"product_tag-ohrringe-vergoldet","19":"product_tag-srebrne-kolczyki-pozlacane","20":"product_tag-srebro-925","21":"product_tag-sterling-silver","22":"pa_dlugosc-62mm","23":"pa_dostawca-karen-silver","24":"pa_kruszec-srebro","25":"pa_kruszec-srebro-pozlacane","26":"pa_proba-0-925","27":"pa_szerokosc-6mm","28":"pa_waga-139g","30":"first","31":"instock","32":"purchasable","33":"product-type-simple"},"aioseo_notices":[],"_links":{"self":[{"href":"https:\/\/staviori.com.pl\/en\/wp-json\/wp\/v2\/product\/15682","targetHints":{"allow":["GET"]}}],"collection":[{"href":"https:\/\/staviori.com.pl\/en\/wp-json\/wp\/v2\/product"}],"about":[{"href":"https:\/\/staviori.com.pl\/en\/wp-json\/wp\/v2\/types\/product"}],"replies":[{"embeddable":true,"href":"https:\/\/staviori.com.pl\/en\/wp-json\/wp\/v2\/comments?post=15682"}],"wp:featuredmedia":[{"embeddable":true,"href":"https:\/\/staviori.com.pl\/en\/wp-json\/wp\/v2\/media\/7693"}],"wp:attachment":[{"href":"https:\/\/staviori.com.pl\/en\/wp-json\/wp\/v2\/media?parent=15682"}],"wp:term":[{"taxonomy":"product_brand","embeddable":true,"href":"https:\/\/staviori.com.pl\/en\/wp-json\/wp\/v2\/product_brand?post=15682"},{"taxonomy":"product_cat","embeddable":true,"href":"https:\/\/staviori.com.pl\/en\/wp-json\/wp\/v2\/product_cat?post=15682"},{"taxonomy":"product_tag","embeddable":true,"href":"https:\/\/staviori.com.pl\/en\/wp-json\/wp\/v2\/product_tag?post=15682"}],"curies":[{"name":"wp","href":"https:\/\/api.w.org\/{rel}","templated":true}]}}