{"id":15681,"date":"2025-02-24T22:49:32","date_gmt":"2025-02-24T21:49:32","guid":{"rendered":"https:\/\/staviori.com.pl\/product\/srebrne-kolczyki-sss5200r\/"},"modified":"2026-02-11T00:09:25","modified_gmt":"2026-02-10T23:09:25","slug":"srebrne-kolczyki-sss5200r","status":"publish","type":"product","link":"https:\/\/staviori.com.pl\/en\/product\/srebrne-kolczyki-sss5200r\/","title":{"rendered":"Silver plated gold plated long pendant earrings | pink"},"content":{"rendered":"<p>Model: SSS5200R<br \/>\nWaga ok. 1,39g<\/p>\n<p>Earrings.<br \/>\nSrebro 0,925 pokryte r\u00f3\u017cowym z\u0142otem<\/p>\n<p>2 mm wide.<br \/>\nD\u0142ugo\u015b\u0107 60 mm.<\/p>\n<p>Bold and stylish serpentine earrings in high shine.<br \/>\nSrebro pokryte r\u00f3\u017cowym 18-karatowym z\u0142otem. Eleganckie, pi\u0119kne, wisz\u0105ce kolczyki na ka\u017cd\u0105 okazj\u0119.<\/p>","protected":false},"excerpt":{"rendered":"<p>Eleganckie kolczyki wisz\u0105ce wykonane ze srebra pr\u00f3by 0,925, pokryte r\u00f3\u017cowym z\u0142otem. Smuk\u0142e serpentynowe ogniwa o d\u0142ugo\u015bci 60 mm l\u015bni\u0105 subtelnym blaskiem i poruszaj\u0105 si\u0119 z gracj\u0105 przy ka\u017cdym kroku. Stylowy wyb\u00f3r na wyj\u0105tkowe okazje, jak i modny akcent do codziennych stylizacji.<\/p>","protected":false},"featured_media":7689,"comment_status":"closed","ping_status":"closed","template":"","meta":{"om_disable_all_campaigns":false},"product_brand":[2284],"product_cat":[199,1818,1817],"product_tag":[2891,2660,3270,5923,2770,5924,5929,5928,5927,5914,2427,5905],"class_list":{"0":"post-15681","1":"product","2":"type-product","3":"status-publish","4":"has-post-thumbnail","6":"product_brand-staviori","7":"product_cat-kolczyki","8":"product_cat-srebrne-kolczyki","9":"product_cat-srebro-2","10":"product_tag-dlugie-kolczyki","11":"product_tag-eleganckie-kolczyki","12":"product_tag-kolczyki-rozowe-zloto","13":"product_tag-kolczyki-serpentynowe","14":"product_tag-kolczyki-wiszace","15":"product_tag-long-earrings","16":"product_tag-nausnice-ruzove-zlato","17":"product_tag-ohrringe-rosegold","18":"product_tag-rose-gold-earrings","19":"product_tag-srebrne-kolczyki-pozlacane","20":"product_tag-srebro-925","21":"product_tag-sterling-silver","22":"pa_dlugosc-60mm","23":"pa_dostawca-karen-silver","24":"pa_kruszec-srebro","25":"pa_kruszec-srebro-pozlacane","26":"pa_proba-0-925","27":"pa_szerokosc-2mm","28":"pa_waga-139g","30":"first","31":"instock","32":"purchasable","33":"product-type-simple"},"aioseo_notices":[],"_links":{"self":[{"href":"https:\/\/staviori.com.pl\/en\/wp-json\/wp\/v2\/product\/15681","targetHints":{"allow":["GET"]}}],"collection":[{"href":"https:\/\/staviori.com.pl\/en\/wp-json\/wp\/v2\/product"}],"about":[{"href":"https:\/\/staviori.com.pl\/en\/wp-json\/wp\/v2\/types\/product"}],"replies":[{"embeddable":true,"href":"https:\/\/staviori.com.pl\/en\/wp-json\/wp\/v2\/comments?post=15681"}],"wp:featuredmedia":[{"embeddable":true,"href":"https:\/\/staviori.com.pl\/en\/wp-json\/wp\/v2\/media\/7689"}],"wp:attachment":[{"href":"https:\/\/staviori.com.pl\/en\/wp-json\/wp\/v2\/media?parent=15681"}],"wp:term":[{"taxonomy":"product_brand","embeddable":true,"href":"https:\/\/staviori.com.pl\/en\/wp-json\/wp\/v2\/product_brand?post=15681"},{"taxonomy":"product_cat","embeddable":true,"href":"https:\/\/staviori.com.pl\/en\/wp-json\/wp\/v2\/product_cat?post=15681"},{"taxonomy":"product_tag","embeddable":true,"href":"https:\/\/staviori.com.pl\/en\/wp-json\/wp\/v2\/product_tag?post=15681"}],"curies":[{"name":"wp","href":"https:\/\/api.w.org\/{rel}","templated":true}]}}