{"id":15680,"date":"2025-02-24T22:49:32","date_gmt":"2025-02-24T21:49:32","guid":{"rendered":"https:\/\/staviori.com.pl\/product\/srebrne-kolczyki-sss5200\/"},"modified":"2026-02-18T10:23:33","modified_gmt":"2026-02-18T09:23:33","slug":"srebrne-kolczyki-sss5200","status":"publish","type":"product","link":"https:\/\/staviori.com.pl\/en\/product\/srebrne-kolczyki-sss5200\/","title":{"rendered":"Silver long pendant earrings | silver"},"content":{"rendered":"<p>Model: SSS5200<br \/>\nWaga ok. 1,39g<\/p>\n<p>Earrings.<br \/>\n0.925 rhodium-plated silver.<\/p>\n<p>2 mm wide.<br \/>\nD\u0142ugo\u015b\u0107 60 mm.<\/p>\n<p>Odwa\u017cne i stylowe, te eleganckie serpentynowe kolczyki b\u0142yszcz\u0105 w wysokim po\u0142ysku srebra. Eleganckie ogniwa zwisaj\u0105 i ko\u0142ysaj\u0105 si\u0119 i pi\u0119knymi ruchami.<\/p>","protected":false},"excerpt":{"rendered":"<p>Eleganckie srebrne kolczyki o d\u0142ugo\u015bci 60 mm, wykonane z wysokiej jako\u015bci srebra pr\u00f3by 0,925. Smuk\u0142e, serpentynowe ogniwa pi\u0119knie po\u0142yskuj\u0105 i delikatnie ko\u0142ysz\u0105 si\u0119 przy ka\u017cdym ruchu, dodaj\u0105c szyku i lekko\u015bci stylizacji. Idealne na wieczorne wyj\u015bcia, ale tak\u017ce jako modny akcent codziennych zestaw\u00f3w.<\/p>","protected":false},"featured_media":7685,"comment_status":"closed","ping_status":"closed","template":"","meta":{"om_disable_all_campaigns":false},"product_brand":[2284],"product_cat":[199,1818,1817],"product_tag":[2891,3133,5923,2686,5924,5926,5925,5820,2942,2427,5905],"class_list":{"0":"post-15680","1":"product","2":"type-product","3":"status-publish","4":"has-post-thumbnail","6":"product_brand-staviori","7":"product_cat-kolczyki","8":"product_cat-srebrne-kolczyki","9":"product_cat-srebro-2","10":"product_tag-dlugie-kolczyki","11":"product_tag-kolczyki-eleganckie","12":"product_tag-kolczyki-serpentynowe","13":"product_tag-kolczyki-wieczorowe","14":"product_tag-long-earrings","15":"product_tag-nausnice-dlouhe","16":"product_tag-ohrringe-lang","17":"product_tag-silver-earrings","18":"product_tag-srebrne-kolczyki","19":"product_tag-srebro-925","20":"product_tag-sterling-silver","21":"pa_dlugosc-60mm","22":"pa_kruszec-srebro","23":"pa_kruszec-srebro-rodowane","24":"pa_proba-0-925","25":"pa_szerokosc-2mm","26":"pa_waga-139g","28":"first","29":"instock","30":"purchasable","31":"product-type-simple"},"aioseo_notices":[],"_links":{"self":[{"href":"https:\/\/staviori.com.pl\/en\/wp-json\/wp\/v2\/product\/15680","targetHints":{"allow":["GET"]}}],"collection":[{"href":"https:\/\/staviori.com.pl\/en\/wp-json\/wp\/v2\/product"}],"about":[{"href":"https:\/\/staviori.com.pl\/en\/wp-json\/wp\/v2\/types\/product"}],"replies":[{"embeddable":true,"href":"https:\/\/staviori.com.pl\/en\/wp-json\/wp\/v2\/comments?post=15680"}],"wp:featuredmedia":[{"embeddable":true,"href":"https:\/\/staviori.com.pl\/en\/wp-json\/wp\/v2\/media\/7685"}],"wp:attachment":[{"href":"https:\/\/staviori.com.pl\/en\/wp-json\/wp\/v2\/media?parent=15680"}],"wp:term":[{"taxonomy":"product_brand","embeddable":true,"href":"https:\/\/staviori.com.pl\/en\/wp-json\/wp\/v2\/product_brand?post=15680"},{"taxonomy":"product_cat","embeddable":true,"href":"https:\/\/staviori.com.pl\/en\/wp-json\/wp\/v2\/product_cat?post=15680"},{"taxonomy":"product_tag","embeddable":true,"href":"https:\/\/staviori.com.pl\/en\/wp-json\/wp\/v2\/product_tag?post=15680"}],"curies":[{"name":"wp","href":"https:\/\/api.w.org\/{rel}","templated":true}]}}