{"id":15678,"date":"2025-02-24T22:49:32","date_gmt":"2025-02-24T21:49:32","guid":{"rendered":"https:\/\/staviori.com.pl\/product\/srebrne-kolczyki-sss5192y\/"},"modified":"2026-02-11T00:09:25","modified_gmt":"2026-02-10T23:09:25","slug":"srebrne-kolczyki-sss5192y","status":"publish","type":"product","link":"https:\/\/staviori.com.pl\/en\/product\/srebrne-kolczyki-sss5192y\/","title":{"rendered":"Silver plated gold plated baton earrings | 925 silver"},"content":{"rendered":"<p>Model: SSS5192Y<br \/>\nWaga ok. 2,69g<\/p>\n<p>Earrings.<br \/>\nSilver 0.925 plated with yellow gold<\/p>\n<p>D\u0142ugo\u015b\u0107 33 mm.<br \/>\nThickness 3 mm.<\/p>","protected":false},"excerpt":{"rendered":"<p>Stylowe kolczyki o nowoczesnym, minimalistycznym designie. Wykonane ze srebra pr\u00f3by 0,925 i pokryte \u017c\u00f3\u0142tym z\u0142otem, zachwycaj\u0105 prost\u0105, pod\u0142u\u017cn\u0105 lini\u0105, kt\u00f3ra dodaje elegancji i klasy ka\u017cdej stylizacji. Doskona\u0142y wyb\u00f3r dla kobiet ceni\u0105cych subtelne, a zarazem modne dodatki.<\/p>","protected":false},"featured_media":7676,"comment_status":"closed","ping_status":"closed","template":"","meta":{"om_disable_all_campaigns":false},"product_brand":[2284],"product_cat":[199,1818,1817],"product_tag":[2891,5916,3197,3196,5822,5918,5917,5914,2427,5905,5915],"class_list":{"0":"post-15678","1":"product","2":"type-product","3":"status-publish","4":"has-post-thumbnail","6":"product_brand-staviori","7":"product_cat-kolczyki","8":"product_cat-srebrne-kolczyki","9":"product_cat-srebro-2","10":"product_tag-dlugie-kolczyki","11":"product_tag-gold-plated-earrings","12":"product_tag-kolczyki-minimalistyczne","13":"product_tag-kolczyki-nowoczesne","14":"product_tag-minimalist-earrings","15":"product_tag-nausnice-pozlacene","16":"product_tag-ohrringe-vergoldet","17":"product_tag-srebrne-kolczyki-pozlacane","18":"product_tag-srebro-925","19":"product_tag-sterling-silver","20":"product_tag-zlocone-kolczyki","21":"pa_dlugosc-33mm","22":"pa_dostawca-karen-silver","23":"pa_grubosc-3mm","24":"pa_kruszec-srebro","25":"pa_kruszec-srebro-pozlacane","26":"pa_proba-0-925","27":"pa_waga-260g","29":"first","30":"instock","31":"purchasable","32":"product-type-simple"},"aioseo_notices":[],"_links":{"self":[{"href":"https:\/\/staviori.com.pl\/en\/wp-json\/wp\/v2\/product\/15678","targetHints":{"allow":["GET"]}}],"collection":[{"href":"https:\/\/staviori.com.pl\/en\/wp-json\/wp\/v2\/product"}],"about":[{"href":"https:\/\/staviori.com.pl\/en\/wp-json\/wp\/v2\/types\/product"}],"replies":[{"embeddable":true,"href":"https:\/\/staviori.com.pl\/en\/wp-json\/wp\/v2\/comments?post=15678"}],"wp:featuredmedia":[{"embeddable":true,"href":"https:\/\/staviori.com.pl\/en\/wp-json\/wp\/v2\/media\/7676"}],"wp:attachment":[{"href":"https:\/\/staviori.com.pl\/en\/wp-json\/wp\/v2\/media?parent=15678"}],"wp:term":[{"taxonomy":"product_brand","embeddable":true,"href":"https:\/\/staviori.com.pl\/en\/wp-json\/wp\/v2\/product_brand?post=15678"},{"taxonomy":"product_cat","embeddable":true,"href":"https:\/\/staviori.com.pl\/en\/wp-json\/wp\/v2\/product_cat?post=15678"},{"taxonomy":"product_tag","embeddable":true,"href":"https:\/\/staviori.com.pl\/en\/wp-json\/wp\/v2\/product_tag?post=15678"}],"curies":[{"name":"wp","href":"https:\/\/api.w.org\/{rel}","templated":true}]}}