{"id":15672,"date":"2025-02-24T22:49:28","date_gmt":"2025-02-24T21:49:28","guid":{"rendered":"https:\/\/staviori.com.pl\/product\/srebrne-kolczyki-sss5124\/"},"modified":"2026-02-11T00:09:25","modified_gmt":"2026-02-10T23:09:25","slug":"srebrne-kolczyki-sss5124","status":"publish","type":"product","link":"https:\/\/staviori.com.pl\/en\/product\/srebrne-kolczyki-sss5124\/","title":{"rendered":"silver minimalist earrings"},"content":{"rendered":"<p>Model: SSS5124<br \/>\nWeight approx. 0.80g<\/p>\n<p>Earrings.<br \/>\n0.925 silver.<br \/>\nWymiary 3&#215;13 mm.<\/p>","protected":false},"excerpt":{"rendered":"<p>Minimalistyczne kolczyki wykonane ze srebra pr\u00f3by 0,925 o geometrycznym kszta\u0142cie wyd\u0142u\u017conego rombu. Prosta forma i eleganckie wyko\u0144czenie sprawiaj\u0105, \u017ce s\u0105 doskona\u0142ym wyborem zar\u00f3wno na co dzie\u0144, jak i do bardziej formalnych stylizacji. Subtelny akcent, kt\u00f3ry dodaje nowoczesnego charakteru ka\u017cdemu outfitowi.<\/p>","protected":false},"featured_media":7623,"comment_status":"closed","ping_status":"closed","template":"","meta":{"om_disable_all_campaigns":false},"product_brand":[2284],"product_cat":[199,1818,1817],"product_tag":[3932,3158,3197,5880,5888,5890,5889,5887,2942,5882],"class_list":{"0":"post-15672","1":"product","2":"type-product","3":"status-publish","4":"has-post-thumbnail","6":"product_brand-staviori","7":"product_cat-kolczyki","8":"product_cat-srebrne-kolczyki","9":"product_cat-srebro-2","10":"product_tag-3932","11":"product_tag-kolczyki-geometryczne","12":"product_tag-kolczyki-minimalistyczne","13":"product_tag-kolczyki-srebro-0","14":"product_tag-minimalisticke-stribrne-nausnice","15":"product_tag-nowoczesna-bizuteria-srebrna","16":"product_tag-silber-ohrringe-minimalistisch","17":"product_tag-silver-minimalist-earrings","18":"product_tag-srebrne-kolczyki","19":"product_tag-srebro-925-earrings","20":"pa_dostawca-karen-silver","21":"pa_kruszec-srebro","22":"pa_kruszec-srebro-rodowane","23":"pa_proba-0-925","24":"pa_waga-080g","25":"pa_wymiary-3x13mm","27":"first","28":"instock","29":"purchasable","30":"product-type-simple"},"aioseo_notices":[],"_links":{"self":[{"href":"https:\/\/staviori.com.pl\/en\/wp-json\/wp\/v2\/product\/15672","targetHints":{"allow":["GET"]}}],"collection":[{"href":"https:\/\/staviori.com.pl\/en\/wp-json\/wp\/v2\/product"}],"about":[{"href":"https:\/\/staviori.com.pl\/en\/wp-json\/wp\/v2\/types\/product"}],"replies":[{"embeddable":true,"href":"https:\/\/staviori.com.pl\/en\/wp-json\/wp\/v2\/comments?post=15672"}],"wp:featuredmedia":[{"embeddable":true,"href":"https:\/\/staviori.com.pl\/en\/wp-json\/wp\/v2\/media\/7623"}],"wp:attachment":[{"href":"https:\/\/staviori.com.pl\/en\/wp-json\/wp\/v2\/media?parent=15672"}],"wp:term":[{"taxonomy":"product_brand","embeddable":true,"href":"https:\/\/staviori.com.pl\/en\/wp-json\/wp\/v2\/product_brand?post=15672"},{"taxonomy":"product_cat","embeddable":true,"href":"https:\/\/staviori.com.pl\/en\/wp-json\/wp\/v2\/product_cat?post=15672"},{"taxonomy":"product_tag","embeddable":true,"href":"https:\/\/staviori.com.pl\/en\/wp-json\/wp\/v2\/product_tag?post=15672"}],"curies":[{"name":"wp","href":"https:\/\/api.w.org\/{rel}","templated":true}]}}