{"id":15670,"date":"2025-02-24T22:49:28","date_gmt":"2025-02-24T21:49:28","guid":{"rendered":"https:\/\/staviori.com.pl\/product\/srebrny-pierscionek-sss4814\/"},"modified":"2026-02-11T00:09:58","modified_gmt":"2026-02-10T23:09:58","slug":"srebrny-pierscionek-sss4814","status":"publish","type":"product","link":"https:\/\/staviori.com.pl\/en\/product\/srebrny-pierscionek-sss4814\/","title":{"rendered":"silver stately openwork ring"},"content":{"rendered":"<p>Model: SSS4814<br \/>\nWaga ok. 15,30g<\/p>\n<p>Ring.<br \/>\n0.925 silver.<\/p>\n<p>Szeroko\u015b\u0107 obr\u0105czki ok. 7 mm.<br \/>\n30 mm wide.<br \/>\nWysoko\u015b\u0107 19 mm.<\/p>\n<p>Only certain sizes available.<br \/>\nAvailable sizes: 16, 19<\/p>","protected":false},"excerpt":{"rendered":"<p>Efektowny pier\u015bcionek ze srebra pr\u00f3by 0,925, kt\u00f3ry zachwyca a\u017curowym wzorem inspirowanym organicznymi kszta\u0142tami. Du\u017ca, kopu\u0142owa forma o szeroko\u015bci 30 mm nadaje mu odwa\u017cnego, artystycznego charakteru. To bi\u017cuteria, kt\u00f3ra przyci\u0105ga uwag\u0119 i doskonale podkre\u015bla indywidualny styl swojej w\u0142a\u015bcicielki. Idealny wyb\u00f3r dla kobiet, kt\u00f3re lubi\u0105 wyraziste dodatki.<\/p>\n<p>Only certain sizes available.<\/p>","protected":false},"featured_media":7603,"comment_status":"closed","ping_status":"closed","template":"","meta":{"om_disable_all_campaigns":false},"product_brand":[2284],"product_cat":[801,2206,1817],"product_tag":[3932,5877,5297,5873,5860,5876,5874,5304,5861,5875],"class_list":{"0":"post-15670","1":"product","2":"type-product","3":"status-publish","4":"has-post-thumbnail","6":"product_brand-staviori","7":"product_cat-pierscionki","8":"product_cat-srebrny-pierscionek","9":"product_cat-srebro-2","10":"product_tag-3932","11":"product_tag-bizuteria-artystyczna-srebrna","12":"product_tag-pierscionek-azurowy","13":"product_tag-pierscionek-srebrny-designerski","14":"product_tag-pierscionek-srebro-0","15":"product_tag-silberring-filigran","16":"product_tag-silver-filigree-ring","17":"product_tag-srebrny-pierscionek","18":"product_tag-srebro-925-ring","19":"product_tag-stribrny-prsten-filigranovy","20":"pa_dostawca-karen-silver","21":"pa_kruszec-srebro","22":"pa_proba-0-925","23":"pa_rozmiar-2356","24":"pa_rozmiar-2359","25":"pa_szerokosc-30mm","26":"pa_szerokosc-obraczki-ok-7mm","27":"pa_waga-1530g","29":"first","30":"instock","31":"purchasable","32":"product-type-variable","33":"has-default-attributes"},"aioseo_notices":[],"_links":{"self":[{"href":"https:\/\/staviori.com.pl\/en\/wp-json\/wp\/v2\/product\/15670","targetHints":{"allow":["GET"]}}],"collection":[{"href":"https:\/\/staviori.com.pl\/en\/wp-json\/wp\/v2\/product"}],"about":[{"href":"https:\/\/staviori.com.pl\/en\/wp-json\/wp\/v2\/types\/product"}],"replies":[{"embeddable":true,"href":"https:\/\/staviori.com.pl\/en\/wp-json\/wp\/v2\/comments?post=15670"}],"wp:featuredmedia":[{"embeddable":true,"href":"https:\/\/staviori.com.pl\/en\/wp-json\/wp\/v2\/media\/7603"}],"wp:attachment":[{"href":"https:\/\/staviori.com.pl\/en\/wp-json\/wp\/v2\/media?parent=15670"}],"wp:term":[{"taxonomy":"product_brand","embeddable":true,"href":"https:\/\/staviori.com.pl\/en\/wp-json\/wp\/v2\/product_brand?post=15670"},{"taxonomy":"product_cat","embeddable":true,"href":"https:\/\/staviori.com.pl\/en\/wp-json\/wp\/v2\/product_cat?post=15670"},{"taxonomy":"product_tag","embeddable":true,"href":"https:\/\/staviori.com.pl\/en\/wp-json\/wp\/v2\/product_tag?post=15670"}],"curies":[{"name":"wp","href":"https:\/\/api.w.org\/{rel}","templated":true}]}}