{"id":15664,"date":"2025-02-24T22:49:28","date_gmt":"2025-02-24T21:49:28","guid":{"rendered":"https:\/\/staviori.com.pl\/product\/srebrny-pierscionek-sss4802\/"},"modified":"2026-02-11T00:09:57","modified_gmt":"2026-02-10T23:09:57","slug":"srebrny-pierscionek-sss4802","status":"publish","type":"product","link":"https:\/\/staviori.com.pl\/en\/product\/srebrny-pierscionek-sss4802\/","title":{"rendered":"delicate silver heart ring"},"content":{"rendered":"<p>Model: SSS4802<br \/>\nWaga ok. 0,64g<\/p>\n<p>Ring.<br \/>\n0.925 silver.<br \/>\nWymiary 10&#215;8 mm.<br \/>\nWidth of the ring approx. 1 mm.<\/p>\n<p>Only certain sizes available.<\/p>\n<p>Minimalistyczny design tego \u015blicznego pier\u015bcionka \u015bwietnie pasuje do ka\u017cdego wyboru garderoby, zar\u00f3wno w dzie\u0144, jak iw nocy.<\/p>","protected":false},"excerpt":{"rendered":"<p>Uroczy srebrny pier\u015bcionek pr\u00f3by 0,925 zachwyca subtelnym wzorem splecionego serca. Jego minimalistyczny design sprawia, \u017ce idealnie dope\u0142nia zar\u00f3wno codzienne stylizacje, jak i eleganckie kreacje. Lekki, wygodny i pe\u0142en symboliki \u2013 doskona\u0142y wyb\u00f3r na prezent dla ukochanej osoby.<\/p>\n<p>https:\/\/www.youtube.com\/watch?v=4z4Xa58bsqI<\/p>\n<p>Only certain sizes available.<\/p>","protected":false},"featured_media":7555,"comment_status":"closed","ping_status":"closed","template":"","meta":{"om_disable_all_campaigns":false},"product_brand":[2284],"product_cat":[801,2206,1817],"product_tag":[3932,3097,5836,4856,5552,5160,5841,4996,5833,5842,5229,3967,5289,5234],"class_list":{"0":"post-15664","1":"product","2":"type-product","3":"status-publish","4":"has-post-thumbnail","6":"product_brand-staviori","7":"product_cat-pierscionki","8":"product_cat-srebrny-pierscionek","9":"product_cat-srebro-2","10":"product_tag-3932","11":"product_tag-bizuteria-romantyczna","12":"product_tag-heart-ring","13":"product_tag-minimalistyczny-pierscionek","14":"product_tag-pierscionek-serce","15":"product_tag-pierscionek-srebrny","16":"product_tag-prsten-srdce","17":"product_tag-romantic-jewelry","18":"product_tag-schmuck-minimalistisch","19":"product_tag-silber-herz-ring","20":"product_tag-silver-ring","21":"product_tag-srebro-0","22":"product_tag-sterling-silver-925","23":"product_tag-stribrny-prsten","24":"pa_dostawca-karen-silver","25":"pa_kruszec-srebro","26":"pa_motyw-serce","27":"pa_proba-0-925","28":"pa_rozmiar-2351","29":"pa_rozmiar-2356","30":"pa_szerokosc-obraczki-ok-1mm","31":"pa_waga-060g","32":"pa_wymiary-10x8mm","34":"first","35":"instock","36":"purchasable","37":"product-type-variable"},"aioseo_notices":[],"_links":{"self":[{"href":"https:\/\/staviori.com.pl\/en\/wp-json\/wp\/v2\/product\/15664","targetHints":{"allow":["GET"]}}],"collection":[{"href":"https:\/\/staviori.com.pl\/en\/wp-json\/wp\/v2\/product"}],"about":[{"href":"https:\/\/staviori.com.pl\/en\/wp-json\/wp\/v2\/types\/product"}],"replies":[{"embeddable":true,"href":"https:\/\/staviori.com.pl\/en\/wp-json\/wp\/v2\/comments?post=15664"}],"wp:featuredmedia":[{"embeddable":true,"href":"https:\/\/staviori.com.pl\/en\/wp-json\/wp\/v2\/media\/7555"}],"wp:attachment":[{"href":"https:\/\/staviori.com.pl\/en\/wp-json\/wp\/v2\/media?parent=15664"}],"wp:term":[{"taxonomy":"product_brand","embeddable":true,"href":"https:\/\/staviori.com.pl\/en\/wp-json\/wp\/v2\/product_brand?post=15664"},{"taxonomy":"product_cat","embeddable":true,"href":"https:\/\/staviori.com.pl\/en\/wp-json\/wp\/v2\/product_cat?post=15664"},{"taxonomy":"product_tag","embeddable":true,"href":"https:\/\/staviori.com.pl\/en\/wp-json\/wp\/v2\/product_tag?post=15664"}],"curies":[{"name":"wp","href":"https:\/\/api.w.org\/{rel}","templated":true}]}}