{"id":15662,"date":"2025-02-24T22:49:28","date_gmt":"2025-02-24T21:49:28","guid":{"rendered":"https:\/\/staviori.com.pl\/product\/srebrne-kolczyki-sss4782\/"},"modified":"2026-02-11T00:09:24","modified_gmt":"2026-02-10T23:09:24","slug":"srebrne-kolczyki-sss4782","status":"publish","type":"product","link":"https:\/\/staviori.com.pl\/en\/product\/srebrne-kolczyki-sss4782\/","title":{"rendered":"Geometric silver earrings - triangles and circles"},"content":{"rendered":"<p>Model: SSS4782<br \/>\nWeight approx. 1.00g<\/p>\n<p>Earrings.<br \/>\n0.925 silver.<br \/>\nLength 17 mm.<\/p>\n<p>Beautiful and expressive earrings. The brushed silver gives a spectacular visual effect. These earrings, as well as the whole set, are absolutely sensational.<\/p>","protected":false},"excerpt":{"rendered":"<p>Nowoczesne kolczyki wykonane ze srebra pr\u00f3by 0,925 zachwycaj\u0105 geometrycznym designem. Po\u0142\u0105czenie ko\u0142a i tr\u00f3jk\u0105ta w matowym, szczotkowanym wyko\u0144czeniu sprawia, \u017ce bi\u017cuteria prezentuje si\u0119 niezwykle oryginalnie i stylowo. To doskona\u0142y wyb\u00f3r dla kobiet, kt\u00f3re ceni\u0105 minimalizm i wyj\u0105tkowe detale. Subtelne, a jednocze\u015bnie wyraziste kolczyki dodadz\u0105 charakteru ka\u017cdej stylizacji.<\/p>","protected":false},"featured_media":7529,"comment_status":"closed","ping_status":"closed","template":"","meta":{"om_disable_all_campaigns":false},"product_brand":[2284],"product_cat":[199,1818,1817],"product_tag":[3932,5829,5832,2978,1396,3848,2384,5830,5833,5831,5820,3967,5834,5289,5824],"class_list":{"0":"post-15662","1":"product","2":"type-product","3":"status-publish","4":"has-post-thumbnail","6":"product_brand-staviori","7":"product_cat-kolczyki","8":"product_cat-srebrne-kolczyki","9":"product_cat-srebro-2","10":"product_tag-3932","11":"product_tag-geometric-earrings","12":"product_tag-geometrische-ohrringe","13":"product_tag-geometryczne-kolczyki","14":"product_tag-kolczyki-srebrne","15":"product_tag-minimalist-jewelry","16":"product_tag-minimalistyczna-bizuteria","17":"product_tag-nausnice-geometricke","18":"product_tag-schmuck-minimalistisch","19":"product_tag-silber-ohrringe","20":"product_tag-silver-earrings","21":"product_tag-srebro-0","22":"product_tag-srebro-szczotkowane","23":"product_tag-sterling-silver-925","24":"product_tag-stribrne-nausnice","25":"pa_dlugosc-17mm","26":"pa_kruszec-srebro","27":"pa_kruszec-srebro-szczotkowane","28":"pa_motyw-figury-geomentryczne","29":"pa_proba-0-925","30":"pa_waga-100g-2","32":"first","33":"instock","34":"purchasable","35":"product-type-simple"},"aioseo_notices":[],"_links":{"self":[{"href":"https:\/\/staviori.com.pl\/en\/wp-json\/wp\/v2\/product\/15662","targetHints":{"allow":["GET"]}}],"collection":[{"href":"https:\/\/staviori.com.pl\/en\/wp-json\/wp\/v2\/product"}],"about":[{"href":"https:\/\/staviori.com.pl\/en\/wp-json\/wp\/v2\/types\/product"}],"replies":[{"embeddable":true,"href":"https:\/\/staviori.com.pl\/en\/wp-json\/wp\/v2\/comments?post=15662"}],"wp:featuredmedia":[{"embeddable":true,"href":"https:\/\/staviori.com.pl\/en\/wp-json\/wp\/v2\/media\/7529"}],"wp:attachment":[{"href":"https:\/\/staviori.com.pl\/en\/wp-json\/wp\/v2\/media?parent=15662"}],"wp:term":[{"taxonomy":"product_brand","embeddable":true,"href":"https:\/\/staviori.com.pl\/en\/wp-json\/wp\/v2\/product_brand?post=15662"},{"taxonomy":"product_cat","embeddable":true,"href":"https:\/\/staviori.com.pl\/en\/wp-json\/wp\/v2\/product_cat?post=15662"},{"taxonomy":"product_tag","embeddable":true,"href":"https:\/\/staviori.com.pl\/en\/wp-json\/wp\/v2\/product_tag?post=15662"}],"curies":[{"name":"wp","href":"https:\/\/api.w.org\/{rel}","templated":true}]}}