{"id":15651,"date":"2025-02-24T22:49:28","date_gmt":"2025-02-24T21:49:28","guid":{"rendered":"https:\/\/staviori.com.pl\/product\/srebrna-broszka-rsm6305\/"},"modified":"2026-04-02T09:29:21","modified_gmt":"2026-04-02T07:29:21","slug":"srebrna-broszka-rsm6305","status":"publish","type":"product","link":"https:\/\/staviori.com.pl\/en\/product\/srebrna-broszka-rsm6305\/","title":{"rendered":"silver rose brooch with enamel and marcasites"},"content":{"rendered":"<p>Model: RSM6305<br \/>\nWaga ok. 2,60g<\/p>\n<p>Brooch.<br \/>\n0.925 silver.<br \/>\nEnamel.<br \/>\nMarcasites.<\/p>\n<p>D\u0142ugo\u015b\u0107 33 mm.<br \/>\n11 mm wide.<\/p>","protected":false},"excerpt":{"rendered":"<p>Subtelna broszka w kszta\u0142cie r\u00f3\u017cy, wykonana ze srebra pr\u00f3by 0,925. Delikatne p\u0142atki zdobione czerwon\u0105 emali\u0105 pi\u0119knie kontrastuj\u0105 z zielonymi listkami, kt\u00f3re podkre\u015blaj\u0105 naturalny charakter motywu. Ca\u0142o\u015b\u0107 dope\u0142niaj\u0105 b\u0142yszcz\u0105ce markazyty, nadaj\u0105ce bi\u017cuterii elegancji i blasku. To wyj\u0105tkowy detal, kt\u00f3ry doda romantyzmu i wyrafinowania ka\u017cdej stylizacji.<\/p>","protected":false},"featured_media":21142,"comment_status":"closed","ping_status":"closed","template":"","meta":{"om_disable_all_campaigns":false},"product_brand":[2284,2350],"product_cat":[2233,2235,1817],"product_tag":[2855,5787,5715,5672,5675,5674,5785,5767,5784,5780,5786,5725,2579,5783,5782,5781,5768,5676,2427,5766],"class_list":{"0":"post-15651","1":"product","2":"type-product","3":"status-publish","4":"has-post-thumbnail","6":"product_brand-staviori","7":"product_brand-verona","8":"product_cat-broszki-3","9":"product_cat-srebrna-broszka","10":"product_cat-srebro-2","11":"product_tag-bizuteria-kwiatowa","12":"product_tag-brosche-rose","13":"product_tag-broszka-kwiat","14":"product_tag-broszka-srebrna","15":"product_tag-broszka-z-emalia","16":"product_tag-broszka-z-markazytami","17":"product_tag-broz-ruze","18":"product_tag-emailova-broz","19":"product_tag-enamel-jewelry","20":"product_tag-irex133","21":"product_tag-kvetinova-broz","22":"product_tag-marcasite-brooch","23":"product_tag-romantyczna-bizuteria","24":"product_tag-rose-brooch","25":"product_tag-roza","26":"product_tag-rsm6305","27":"product_tag-schmuck-silber-925","28":"product_tag-silver-brooch","29":"product_tag-srebro-925","30":"product_tag-stribrna-broz","31":"pa_dlugosc-33mm","32":"pa_kamien-emalia","33":"pa_kruszec-srebro","34":"pa_motyw-kwiatek","35":"pa_motyw-roza","36":"pa_proba-0-925","37":"pa_szerokosc-11mm","38":"pa_waga-260g","40":"first","41":"instock","42":"purchasable","43":"product-type-simple"},"aioseo_notices":[],"_links":{"self":[{"href":"https:\/\/staviori.com.pl\/en\/wp-json\/wp\/v2\/product\/15651","targetHints":{"allow":["GET"]}}],"collection":[{"href":"https:\/\/staviori.com.pl\/en\/wp-json\/wp\/v2\/product"}],"about":[{"href":"https:\/\/staviori.com.pl\/en\/wp-json\/wp\/v2\/types\/product"}],"replies":[{"embeddable":true,"href":"https:\/\/staviori.com.pl\/en\/wp-json\/wp\/v2\/comments?post=15651"}],"wp:featuredmedia":[{"embeddable":true,"href":"https:\/\/staviori.com.pl\/en\/wp-json\/wp\/v2\/media\/21142"}],"wp:attachment":[{"href":"https:\/\/staviori.com.pl\/en\/wp-json\/wp\/v2\/media?parent=15651"}],"wp:term":[{"taxonomy":"product_brand","embeddable":true,"href":"https:\/\/staviori.com.pl\/en\/wp-json\/wp\/v2\/product_brand?post=15651"},{"taxonomy":"product_cat","embeddable":true,"href":"https:\/\/staviori.com.pl\/en\/wp-json\/wp\/v2\/product_cat?post=15651"},{"taxonomy":"product_tag","embeddable":true,"href":"https:\/\/staviori.com.pl\/en\/wp-json\/wp\/v2\/product_tag?post=15651"}],"curies":[{"name":"wp","href":"https:\/\/api.w.org\/{rel}","templated":true}]}}