{"id":15648,"date":"2025-02-24T22:49:24","date_gmt":"2025-02-24T21:49:24","guid":{"rendered":"https:\/\/staviori.com.pl\/product\/srebrna-broszka-rsm3283\/"},"modified":"2026-04-02T09:31:11","modified_gmt":"2026-04-02T07:31:11","slug":"srebrna-broszka-rsm3283","status":"publish","type":"product","link":"https:\/\/staviori.com.pl\/en\/product\/srebrna-broszka-rsm3283\/","title":{"rendered":"Coloured silver brooch - PAW - with marcasites and enamel"},"content":{"rendered":"<p>Model: RSM3283<br \/>\nWaga ok. 6,20g<\/p>\n<p>Brooch.<br \/>\n0.925 silver.<br \/>\nMarcasites.<br \/>\nEnamel.<\/p>\n<p>Wymiary 15&#215;61 mm.<\/p>","protected":false},"excerpt":{"rendered":"<p>Elegancka broszka w kszta\u0142cie pawia, wykonana ze srebra pr\u00f3by 0,925. Skrzy si\u0119 blaskiem markazyt\u00f3w, a intensywna emalia w odcieniach zieleni i b\u0142\u0119kitu podkre\u015bla majestatyczny charakter ptaka. Subtelne detale dodaj\u0105 jej artystycznego wyrazu, sprawiaj\u0105c, \u017ce bi\u017cuteria ta przyci\u0105ga spojrzenia i nadaje stylizacji wyj\u0105tkowego charakteru. Idealna zar\u00f3wno na co dzie\u0144, jak i do eleganckich kreacji.<\/p>","protected":false},"featured_media":21134,"comment_status":"closed","ping_status":"closed","template":"","meta":{"om_disable_all_campaigns":false},"product_brand":[2284,2350],"product_cat":[2233,2235,1817],"product_tag":[2907,5772,5681,5672,5675,5674,5771,5767,5677,5763,4118,5770,5684,5768,5676,2427,5766],"class_list":{"0":"post-15648","1":"product","2":"type-product","3":"status-publish","4":"has-post-thumbnail","6":"product_brand-staviori","7":"product_brand-verona","8":"product_cat-broszki-3","9":"product_cat-srebrna-broszka","10":"product_cat-srebro-2","11":"product_tag-bizuteria-artystyczna","12":"product_tag-brosche-pfau","13":"product_tag-broszka-paw","14":"product_tag-broszka-srebrna","15":"product_tag-broszka-z-emalia","16":"product_tag-broszka-z-markazytami","17":"product_tag-broz-pava","18":"product_tag-emailova-broz","19":"product_tag-enamel-brooch","20":"product_tag-kolorowa-broszka","21":"product_tag-marcasite-jewelry","22":"product_tag-paw-bizuteria","23":"product_tag-peacock-brooch","24":"product_tag-schmuck-silber-925","25":"product_tag-silver-brooch","26":"product_tag-srebro-925","27":"product_tag-stribrna-broz","28":"pa_kamien-emalia","29":"pa_kamien-markazyty","30":"pa_kruszec-srebro","31":"pa_motyw-ptak","32":"pa_proba-0-925","33":"pa_waga-620g","34":"pa_wymiary-15x61mm","36":"first","37":"instock","38":"purchasable","39":"product-type-simple"},"aioseo_notices":[],"_links":{"self":[{"href":"https:\/\/staviori.com.pl\/en\/wp-json\/wp\/v2\/product\/15648","targetHints":{"allow":["GET"]}}],"collection":[{"href":"https:\/\/staviori.com.pl\/en\/wp-json\/wp\/v2\/product"}],"about":[{"href":"https:\/\/staviori.com.pl\/en\/wp-json\/wp\/v2\/types\/product"}],"replies":[{"embeddable":true,"href":"https:\/\/staviori.com.pl\/en\/wp-json\/wp\/v2\/comments?post=15648"}],"wp:featuredmedia":[{"embeddable":true,"href":"https:\/\/staviori.com.pl\/en\/wp-json\/wp\/v2\/media\/21134"}],"wp:attachment":[{"href":"https:\/\/staviori.com.pl\/en\/wp-json\/wp\/v2\/media?parent=15648"}],"wp:term":[{"taxonomy":"product_brand","embeddable":true,"href":"https:\/\/staviori.com.pl\/en\/wp-json\/wp\/v2\/product_brand?post=15648"},{"taxonomy":"product_cat","embeddable":true,"href":"https:\/\/staviori.com.pl\/en\/wp-json\/wp\/v2\/product_cat?post=15648"},{"taxonomy":"product_tag","embeddable":true,"href":"https:\/\/staviori.com.pl\/en\/wp-json\/wp\/v2\/product_tag?post=15648"}],"curies":[{"name":"wp","href":"https:\/\/api.w.org\/{rel}","templated":true}]}}