{"id":15643,"date":"2025-02-24T22:49:24","date_gmt":"2025-02-24T21:49:24","guid":{"rendered":"https:\/\/staviori.com.pl\/product\/srebrna-broszka-rdm4397\/"},"modified":"2026-02-11T00:09:23","modified_gmt":"2026-02-10T23:09:23","slug":"srebrna-broszka-rdm4397","status":"publish","type":"product","link":"https:\/\/staviori.com.pl\/en\/product\/srebrna-broszka-rdm4397\/","title":{"rendered":"Silver oval brooch with coral and marcasites"},"content":{"rendered":"<p>Model: RDM4397<br \/>\nWaga ok. 9,70g<\/p>\n<p>Brooch.<br \/>\nPendant.<br \/>\n0.925 rhodium-plated silver.<br \/>\nMarcasites.<br \/>\nKoral syntetyczny.<\/p>\n<p>Wymiary 30&#215;22 mm.<br \/>\nGrubo\u015b\u0107 10 mm.<\/p>","protected":false},"excerpt":{"rendered":"<p>Stylowa broszka-wisiorek w formie klasycznej owalu, wykonana z rodowanego srebra pr\u00f3by 0,925. Centralnym elementem jest intensywnie czerwony koral syntetyczny, kt\u00f3ry pi\u0119knie kontrastuje z otaczaj\u0105cymi go l\u015bni\u0105cymi markazytami. To wyrazisty i elegancki dodatek, kt\u00f3ry doda charakteru zar\u00f3wno codziennym, jak i wieczorowym stylizacjom.<\/p>","protected":false},"featured_media":7475,"comment_status":"closed","ping_status":"closed","template":"","meta":{"om_disable_all_campaigns":false},"product_brand":[2284],"product_cat":[2233,2235,1817],"product_tag":[5719,5672,5690,5674,5692,5723,5737,5725,5728,5745,5676,2427,5744],"class_list":{"0":"post-15643","1":"product","2":"type-product","3":"status-publish","4":"has-post-thumbnail","6":"product_brand-staviori","7":"product_cat-broszki-3","8":"product_cat-srebrna-broszka","9":"product_cat-srebro-2","10":"product_tag-broszka-owalna","11":"product_tag-broszka-srebrna","12":"product_tag-broszka-z-koralem","13":"product_tag-broszka-z-markazytami","14":"product_tag-coral-brooch","15":"product_tag-elegancka-broszka","16":"product_tag-korallenbrosche","17":"product_tag-marcasite-brooch","18":"product_tag-markasitbrosche","19":"product_tag-oval-brooch","20":"product_tag-silver-brooch","21":"product_tag-srebro-925","22":"product_tag-wisiorek-srebrny","23":"pa_dostawca-markazyty-hong","24":"pa_grubosc-10mm","25":"pa_kamien-koral-syntetyczny","26":"pa_kamien-markazyty","27":"pa_kruszec-srebro-rodowane","28":"pa_proba-0-925","29":"pa_waga-970g","30":"pa_wymiary-30x22mm","32":"first","33":"instock","34":"purchasable","35":"product-type-simple"},"aioseo_notices":[],"_links":{"self":[{"href":"https:\/\/staviori.com.pl\/en\/wp-json\/wp\/v2\/product\/15643","targetHints":{"allow":["GET"]}}],"collection":[{"href":"https:\/\/staviori.com.pl\/en\/wp-json\/wp\/v2\/product"}],"about":[{"href":"https:\/\/staviori.com.pl\/en\/wp-json\/wp\/v2\/types\/product"}],"replies":[{"embeddable":true,"href":"https:\/\/staviori.com.pl\/en\/wp-json\/wp\/v2\/comments?post=15643"}],"wp:featuredmedia":[{"embeddable":true,"href":"https:\/\/staviori.com.pl\/en\/wp-json\/wp\/v2\/media\/7475"}],"wp:attachment":[{"href":"https:\/\/staviori.com.pl\/en\/wp-json\/wp\/v2\/media?parent=15643"}],"wp:term":[{"taxonomy":"product_brand","embeddable":true,"href":"https:\/\/staviori.com.pl\/en\/wp-json\/wp\/v2\/product_brand?post=15643"},{"taxonomy":"product_cat","embeddable":true,"href":"https:\/\/staviori.com.pl\/en\/wp-json\/wp\/v2\/product_cat?post=15643"},{"taxonomy":"product_tag","embeddable":true,"href":"https:\/\/staviori.com.pl\/en\/wp-json\/wp\/v2\/product_tag?post=15643"}],"curies":[{"name":"wp","href":"https:\/\/api.w.org\/{rel}","templated":true}]}}