{"id":15640,"date":"2025-02-24T22:49:24","date_gmt":"2025-02-24T21:49:24","guid":{"rendered":"https:\/\/staviori.com.pl\/product\/srebrna-broszka-rdm3731\/"},"modified":"2026-02-11T00:09:23","modified_gmt":"2026-02-10T23:09:23","slug":"srebrna-broszka-rdm3731","status":"publish","type":"product","link":"https:\/\/staviori.com.pl\/en\/product\/srebrna-broszka-rdm3731\/","title":{"rendered":"Silver brooch with mother-of-pearl and marcasites"},"content":{"rendered":"<p>Model: RDM3731<br \/>\nWaga ok. 11,00g<\/p>\n<p>Brooch.<br \/>\n0.925 rhodium-plated silver.<br \/>\nMarcasites.<br \/>\nMother of Pearl.<\/p>\n<p>Wymiary 21&#215;69 mm.<\/p>","protected":false},"excerpt":{"rendered":"<p>Wyj\u0105tkowa broszka w kszta\u0142cie fantazyjnej wst\u0105\u017cki, wykonana z rodowanego srebra pr\u00f3by 0,925. Centralnym elementem jest subtelna masa per\u0142owa o delikatnym po\u0142ysku, pi\u0119knie podkre\u015blona l\u015bni\u0105cymi markazytami. Eleganckie zdobienie i finezyjny kszta\u0142t sprawiaj\u0105, \u017ce broszka doskonale uzupe\u0142ni zar\u00f3wno codzienne, jak i wieczorowe stylizacje.<\/p>","protected":false},"featured_media":7458,"comment_status":"closed","ping_status":"closed","template":"","meta":{"om_disable_all_campaigns":false},"product_brand":[2284],"product_cat":[2233,2235,1817],"product_tag":[5672,5732,5674,5695,5723,5725,5728,5735,5736,5676,2427],"class_list":{"0":"post-15640","1":"product","2":"type-product","3":"status-publish","4":"has-post-thumbnail","6":"product_brand-staviori","7":"product_cat-broszki-3","8":"product_cat-srebrna-broszka","9":"product_cat-srebro-2","10":"product_tag-broszka-srebrna","11":"product_tag-broszka-wstazka","12":"product_tag-broszka-z-markazytami","13":"product_tag-broszka-z-masa-perlowa","14":"product_tag-elegancka-broszka","15":"product_tag-marcasite-brooch","16":"product_tag-markasitbrosche","17":"product_tag-mother-of-pearl-brooch","18":"product_tag-perlmuttbrosche","19":"product_tag-silver-brooch","20":"product_tag-srebro-925","21":"pa_dostawca-markazyty-hong","22":"pa_kamien-markazyty","23":"pa_kamien-masa-perlowa","24":"pa_kruszec-srebro-rodowane","25":"pa_proba-0-925","26":"pa_waga-1100g","27":"pa_wymiary-21x69mm","29":"first","30":"instock","31":"purchasable","32":"product-type-simple"},"aioseo_notices":[],"_links":{"self":[{"href":"https:\/\/staviori.com.pl\/en\/wp-json\/wp\/v2\/product\/15640","targetHints":{"allow":["GET"]}}],"collection":[{"href":"https:\/\/staviori.com.pl\/en\/wp-json\/wp\/v2\/product"}],"about":[{"href":"https:\/\/staviori.com.pl\/en\/wp-json\/wp\/v2\/types\/product"}],"replies":[{"embeddable":true,"href":"https:\/\/staviori.com.pl\/en\/wp-json\/wp\/v2\/comments?post=15640"}],"wp:featuredmedia":[{"embeddable":true,"href":"https:\/\/staviori.com.pl\/en\/wp-json\/wp\/v2\/media\/7458"}],"wp:attachment":[{"href":"https:\/\/staviori.com.pl\/en\/wp-json\/wp\/v2\/media?parent=15640"}],"wp:term":[{"taxonomy":"product_brand","embeddable":true,"href":"https:\/\/staviori.com.pl\/en\/wp-json\/wp\/v2\/product_brand?post=15640"},{"taxonomy":"product_cat","embeddable":true,"href":"https:\/\/staviori.com.pl\/en\/wp-json\/wp\/v2\/product_cat?post=15640"},{"taxonomy":"product_tag","embeddable":true,"href":"https:\/\/staviori.com.pl\/en\/wp-json\/wp\/v2\/product_tag?post=15640"}],"curies":[{"name":"wp","href":"https:\/\/api.w.org\/{rel}","templated":true}]}}