{"id":15632,"date":"2025-02-24T22:49:24","date_gmt":"2025-02-24T21:49:24","guid":{"rendered":"https:\/\/staviori.com.pl\/product\/srebrna-broszka-rdm2856\/"},"modified":"2026-02-11T00:09:23","modified_gmt":"2026-02-10T23:09:23","slug":"srebrna-broszka-rdm2856","status":"publish","type":"product","link":"https:\/\/staviori.com.pl\/en\/product\/srebrna-broszka-rdm2856\/","title":{"rendered":"beautiful sterling silver flower brooch - poppy - with marcasites"},"content":{"rendered":"<p>Model: RDM2856<br \/>\nWaga ok. 13,90g<\/p>\n<p>Broszka \/ Wisiorek.<br \/>\n0.925 rhodium-plated silver.<br \/>\nMarcasites.<\/p>\n<p>Wymiary 42&#215;43 mm.<\/p>","protected":false},"excerpt":{"rendered":"<p>Efektowna broszka w kszta\u0142cie kwiatka, wykonana z rodowanego srebra pr\u00f3by 0,925. P\u0142atki o a\u017curowej formie zdobione s\u0105 b\u0142yszcz\u0105cymi markazytami, kt\u00f3re dodaj\u0105 kompozycji elegancji i blasku. Centralna cz\u0119\u015b\u0107 wype\u0142niona markazytami pi\u0119knie podkre\u015bla florystyczny motyw. Broszk\u0119 mo\u017cna nosi\u0107 tak\u017ce jako wisiorek, dzi\u0119ki czemu stanowi uniwersalny i wyj\u0105tkowy dodatek do wielu stylizacji.<\/p>","protected":false},"featured_media":21102,"comment_status":"closed","ping_status":"closed","template":"","meta":{"om_disable_all_campaigns":false},"product_brand":[2284],"product_cat":[2233,2235,1817],"product_tag":[5717,5715,5672,5705,5674,5716,5718,4118,5706,5676,2427],"class_list":{"0":"post-15632","1":"product","2":"type-product","3":"status-publish","4":"has-post-thumbnail","6":"product_brand-staviori","7":"product_cat-broszki-3","8":"product_cat-srebrna-broszka","9":"product_cat-srebro-2","10":"product_tag-blumen-brosche","11":"product_tag-broszka-kwiat","12":"product_tag-broszka-srebrna","13":"product_tag-broszka-wisiorek","14":"product_tag-broszka-z-markazytami","15":"product_tag-flower-brooch","16":"product_tag-mak","17":"product_tag-marcasite-jewelry","18":"product_tag-pendant-brooch","19":"product_tag-silver-brooch","20":"product_tag-srebro-925","21":"pa_dostawca-markazyty-hong","22":"pa_kamien-markazyty","23":"pa_kruszec-srebro-rodowane","24":"pa_motyw-kwiatek","25":"pa_motyw-mak","26":"pa_proba-0-925","27":"pa_waga-1390g","28":"pa_wymiary-42x43mm","30":"first","31":"instock","32":"purchasable","33":"product-type-simple"},"aioseo_notices":[],"_links":{"self":[{"href":"https:\/\/staviori.com.pl\/en\/wp-json\/wp\/v2\/product\/15632","targetHints":{"allow":["GET"]}}],"collection":[{"href":"https:\/\/staviori.com.pl\/en\/wp-json\/wp\/v2\/product"}],"about":[{"href":"https:\/\/staviori.com.pl\/en\/wp-json\/wp\/v2\/types\/product"}],"replies":[{"embeddable":true,"href":"https:\/\/staviori.com.pl\/en\/wp-json\/wp\/v2\/comments?post=15632"}],"wp:featuredmedia":[{"embeddable":true,"href":"https:\/\/staviori.com.pl\/en\/wp-json\/wp\/v2\/media\/21102"}],"wp:attachment":[{"href":"https:\/\/staviori.com.pl\/en\/wp-json\/wp\/v2\/media?parent=15632"}],"wp:term":[{"taxonomy":"product_brand","embeddable":true,"href":"https:\/\/staviori.com.pl\/en\/wp-json\/wp\/v2\/product_brand?post=15632"},{"taxonomy":"product_cat","embeddable":true,"href":"https:\/\/staviori.com.pl\/en\/wp-json\/wp\/v2\/product_cat?post=15632"},{"taxonomy":"product_tag","embeddable":true,"href":"https:\/\/staviori.com.pl\/en\/wp-json\/wp\/v2\/product_tag?post=15632"}],"curies":[{"name":"wp","href":"https:\/\/api.w.org\/{rel}","templated":true}]}}