{"id":15629,"date":"2025-02-24T22:49:20","date_gmt":"2025-02-24T21:49:20","guid":{"rendered":"https:\/\/staviori.com.pl\/product\/srebrna-broszka-rdm2853\/"},"modified":"2026-03-30T15:07:36","modified_gmt":"2026-03-30T13:07:36","slug":"srebrna-broszka-rdm2853","status":"publish","type":"product","link":"https:\/\/staviori.com.pl\/en\/product\/srebrna-broszka-rdm2853\/","title":{"rendered":"silver feather brooch with onyx and marcasites"},"content":{"rendered":"<p>Model: RDM2853<br \/>\nWaga ok. 11,00g<\/p>\n<p>Brooch.<br \/>\n0.925 rhodium-plated silver.<br \/>\nMarcasites.<br \/>\nOnyx.<br \/>\nWymiary 33&#215;58 mm.<\/p>\n<p>Can be used as a pendant.<\/p>","protected":false},"excerpt":{"rendered":"<p>Wyj\u0105tkowa broszka w kszta\u0142cie stylizowanego pi\u00f3ra, wykonana z rodowanego srebra pr\u00f3by 0,925. Jej misterny wz\u00f3r ozdobiono l\u015bni\u0105cymi markazytami, kt\u00f3re podkre\u015blaj\u0105 ka\u017cdy detal. Centralnym akcentem s\u0105 eleganckie onyksy, dodaj\u0105ce ca\u0142o\u015bci g\u0142\u0119bi i tajemniczego charakteru. Broszk\u0119 mo\u017cna nosi\u0107 tak\u017ce jako wisiorek, co czyni j\u0105 uniwersalnym dodatkiem do wielu stylizacji.<\/p>","protected":false},"featured_media":7375,"comment_status":"closed","ping_status":"closed","template":"","meta":{"om_disable_all_campaigns":false},"product_brand":[2284],"product_cat":[2233,2235,1817],"product_tag":[5704,5702,5672,5674,5682,5703,4118,5685,5676,2427],"class_list":{"0":"post-15629","1":"product","2":"type-product","3":"status-publish","4":"has-post-thumbnail","6":"product_brand-staviori","7":"product_cat-broszki-3","8":"product_cat-srebrna-broszka","9":"product_cat-srebro-2","10":"product_tag-brosche-feder","11":"product_tag-broszka-pioro","12":"product_tag-broszka-srebrna","13":"product_tag-broszka-z-markazytami","14":"product_tag-broszka-z-onyksem","15":"product_tag-feather-brooch","16":"product_tag-marcasite-jewelry","17":"product_tag-onyx-jewelry","18":"product_tag-silver-brooch","19":"product_tag-srebro-925","20":"pa_dostawca-markazyty-hong","21":"pa_kamien-markazyty","22":"pa_kamien-onyks","23":"pa_kruszec-srebro-rodowane","24":"pa_proba-0-925","25":"pa_waga-1150g","26":"pa_wymiary-33x58mm","28":"first","29":"outofstock","30":"purchasable","31":"product-type-simple"},"aioseo_notices":[],"_links":{"self":[{"href":"https:\/\/staviori.com.pl\/en\/wp-json\/wp\/v2\/product\/15629","targetHints":{"allow":["GET"]}}],"collection":[{"href":"https:\/\/staviori.com.pl\/en\/wp-json\/wp\/v2\/product"}],"about":[{"href":"https:\/\/staviori.com.pl\/en\/wp-json\/wp\/v2\/types\/product"}],"replies":[{"embeddable":true,"href":"https:\/\/staviori.com.pl\/en\/wp-json\/wp\/v2\/comments?post=15629"}],"wp:featuredmedia":[{"embeddable":true,"href":"https:\/\/staviori.com.pl\/en\/wp-json\/wp\/v2\/media\/7375"}],"wp:attachment":[{"href":"https:\/\/staviori.com.pl\/en\/wp-json\/wp\/v2\/media?parent=15629"}],"wp:term":[{"taxonomy":"product_brand","embeddable":true,"href":"https:\/\/staviori.com.pl\/en\/wp-json\/wp\/v2\/product_brand?post=15629"},{"taxonomy":"product_cat","embeddable":true,"href":"https:\/\/staviori.com.pl\/en\/wp-json\/wp\/v2\/product_cat?post=15629"},{"taxonomy":"product_tag","embeddable":true,"href":"https:\/\/staviori.com.pl\/en\/wp-json\/wp\/v2\/product_tag?post=15629"}],"curies":[{"name":"wp","href":"https:\/\/api.w.org\/{rel}","templated":true}]}}