{"id":15628,"date":"2025-02-24T22:49:20","date_gmt":"2025-02-24T21:49:20","guid":{"rendered":"https:\/\/staviori.com.pl\/product\/srebrna-broszka-rdm2851\/"},"modified":"2026-02-11T00:09:22","modified_gmt":"2026-02-10T23:09:22","slug":"srebrna-broszka-rdm2851","status":"publish","type":"product","link":"https:\/\/staviori.com.pl\/en\/product\/srebrna-broszka-rdm2851\/","title":{"rendered":"Silver brooch with marcasites in the shape of a bow"},"content":{"rendered":"<p>Model: RDM2851<br \/>\nWeight approx. 9.50g<\/p>\n<p>Brooch.<br \/>\n0.925 rhodium-plated silver.<br \/>\nMarcasites.<\/p>\n<p>Wymiary 25&#215;52 mm.<\/p>","protected":false},"excerpt":{"rendered":"<p>Elegancka broszka w kszta\u0142cie kokardy, wykonana z rodowanego srebra pr\u00f3by 0,925. Jej finezyjny kszta\u0142t zdobi\u0105 b\u0142yszcz\u0105ce markazyty, kt\u00f3re pi\u0119knie odbijaj\u0105 \u015bwiat\u0142o i nadaj\u0105 ca\u0142o\u015bci wyrafinowanego charakteru. Stylowa i kobieca, b\u0119dzie doskona\u0142ym dodatkiem zar\u00f3wno do codziennych stylizacji, jak i eleganckich kreacji wieczorowych.<\/p>","protected":false},"featured_media":7368,"comment_status":"closed","ping_status":"closed","template":"","meta":{"om_disable_all_campaigns":false},"product_brand":[2284],"product_cat":[2233,2235,1817],"product_tag":[5700,5699,5672,5674,4118,5701,5676,2427],"class_list":{"0":"post-15628","1":"product","2":"type-product","3":"status-publish","4":"has-post-thumbnail","6":"product_brand-staviori","7":"product_cat-broszki-3","8":"product_cat-srebrna-broszka","9":"product_cat-srebro-2","10":"product_tag-bow-brooch","11":"product_tag-broszka-kokarda","12":"product_tag-broszka-srebrna","13":"product_tag-broszka-z-markazytami","14":"product_tag-marcasite-jewelry","15":"product_tag-schleifen-brosche","16":"product_tag-silver-brooch","17":"product_tag-srebro-925","18":"pa_dostawca-markazyty-hong","19":"pa_kamien-markazyty","20":"pa_kruszec-srebro-rodowane","21":"pa_motyw-kokardka","22":"pa_proba-0-925","23":"pa_waga-950g","24":"pa_wymiary-25x52mm","26":"first","27":"instock","28":"purchasable","29":"product-type-simple"},"aioseo_notices":[],"_links":{"self":[{"href":"https:\/\/staviori.com.pl\/en\/wp-json\/wp\/v2\/product\/15628","targetHints":{"allow":["GET"]}}],"collection":[{"href":"https:\/\/staviori.com.pl\/en\/wp-json\/wp\/v2\/product"}],"about":[{"href":"https:\/\/staviori.com.pl\/en\/wp-json\/wp\/v2\/types\/product"}],"replies":[{"embeddable":true,"href":"https:\/\/staviori.com.pl\/en\/wp-json\/wp\/v2\/comments?post=15628"}],"wp:featuredmedia":[{"embeddable":true,"href":"https:\/\/staviori.com.pl\/en\/wp-json\/wp\/v2\/media\/7368"}],"wp:attachment":[{"href":"https:\/\/staviori.com.pl\/en\/wp-json\/wp\/v2\/media?parent=15628"}],"wp:term":[{"taxonomy":"product_brand","embeddable":true,"href":"https:\/\/staviori.com.pl\/en\/wp-json\/wp\/v2\/product_brand?post=15628"},{"taxonomy":"product_cat","embeddable":true,"href":"https:\/\/staviori.com.pl\/en\/wp-json\/wp\/v2\/product_cat?post=15628"},{"taxonomy":"product_tag","embeddable":true,"href":"https:\/\/staviori.com.pl\/en\/wp-json\/wp\/v2\/product_tag?post=15628"}],"curies":[{"name":"wp","href":"https:\/\/api.w.org\/{rel}","templated":true}]}}