{"id":15625,"date":"2025-02-24T22:49:20","date_gmt":"2025-02-24T21:49:20","guid":{"rendered":"https:\/\/staviori.com.pl\/product\/srebrna-broszka-rdm2848\/"},"modified":"2026-02-11T00:09:21","modified_gmt":"2026-02-10T23:09:21","slug":"srebrna-broszka-rdm2848","status":"publish","type":"product","link":"https:\/\/staviori.com.pl\/en\/product\/srebrna-broszka-rdm2848\/","title":{"rendered":"Beautiful silver brooch with marcasites, onyx and garnet - PAW"},"content":{"rendered":"<p>Model: RDM2848<br \/>\nWaga ok. 11,50g<\/p>\n<p>Brooch.<br \/>\nPendant.<br \/>\n0.925 rhodium-plated silver.<br \/>\nMarcasites.<br \/>\nOnyx.<br \/>\nPomegranate.<\/p>\n<p>Wymiary 29&#215;59 mm.<\/p>\n<p>Can be used as a pendant.<\/p>","protected":false},"excerpt":{"rendered":"<p>Zachwycaj\u0105ca broszka w kszta\u0142cie pawia, wykonana z rodowanego srebra pr\u00f3by 0,925. Ogon ptaka zdobi\u0105 b\u0142yszcz\u0105ce markazyty oraz czarne onyksy, kt\u00f3re nadaj\u0105 ca\u0142o\u015bci g\u0142\u0119bi i elegancji. Drobny granat w oku dodaje broszce wyj\u0105tkowego charakteru i szlachetnego wyrazu. Ten niezwykle kunsztowny wz\u00f3r mo\u017cna nosi\u0107 r\u00f3wnie\u017c jako wisiorek, czyni\u0105c go uniwersalnym dodatkiem do ka\u017cdej stylizacji.<\/p>","protected":false},"featured_media":21087,"comment_status":"closed","ping_status":"closed","template":"","meta":{"om_disable_all_campaigns":false},"product_brand":[2284],"product_cat":[2233,2235,1817],"product_tag":[5681,5672,5683,5674,5682,5686,4118,5685,5684,5676,2427,4028],"class_list":{"0":"post-15625","1":"product","2":"type-product","3":"status-publish","4":"has-post-thumbnail","6":"product_brand-staviori","7":"product_cat-broszki-3","8":"product_cat-srebrna-broszka","9":"product_cat-srebro-2","10":"product_tag-broszka-paw","11":"product_tag-broszka-srebrna","12":"product_tag-broszka-z-granatem","13":"product_tag-broszka-z-markazytami","14":"product_tag-broszka-z-onyksem","15":"product_tag-granat-brosche","16":"product_tag-marcasite-jewelry","17":"product_tag-onyx-jewelry","18":"product_tag-peacock-brooch","19":"product_tag-silver-brooch","20":"product_tag-srebro-925","21":"product_tag-wisiorek","22":"pa_kamien-granat","23":"pa_kamien-markazyty","24":"pa_kamien-onyks","25":"pa_kruszec-srebro-rodowane","26":"pa_motyw-paw","27":"pa_motyw-ptak","28":"pa_proba-0-925","29":"pa_waga-1150g","30":"pa_wymiary-29x59mm","32":"first","33":"instock","34":"purchasable","35":"product-type-simple"},"aioseo_notices":[],"_links":{"self":[{"href":"https:\/\/staviori.com.pl\/en\/wp-json\/wp\/v2\/product\/15625","targetHints":{"allow":["GET"]}}],"collection":[{"href":"https:\/\/staviori.com.pl\/en\/wp-json\/wp\/v2\/product"}],"about":[{"href":"https:\/\/staviori.com.pl\/en\/wp-json\/wp\/v2\/types\/product"}],"replies":[{"embeddable":true,"href":"https:\/\/staviori.com.pl\/en\/wp-json\/wp\/v2\/comments?post=15625"}],"wp:featuredmedia":[{"embeddable":true,"href":"https:\/\/staviori.com.pl\/en\/wp-json\/wp\/v2\/media\/21087"}],"wp:attachment":[{"href":"https:\/\/staviori.com.pl\/en\/wp-json\/wp\/v2\/media?parent=15625"}],"wp:term":[{"taxonomy":"product_brand","embeddable":true,"href":"https:\/\/staviori.com.pl\/en\/wp-json\/wp\/v2\/product_brand?post=15625"},{"taxonomy":"product_cat","embeddable":true,"href":"https:\/\/staviori.com.pl\/en\/wp-json\/wp\/v2\/product_cat?post=15625"},{"taxonomy":"product_tag","embeddable":true,"href":"https:\/\/staviori.com.pl\/en\/wp-json\/wp\/v2\/product_tag?post=15625"}],"curies":[{"name":"wp","href":"https:\/\/api.w.org\/{rel}","templated":true}]}}