{"id":15602,"date":"2025-02-24T22:49:20","date_gmt":"2025-02-24T21:49:20","guid":{"rendered":"https:\/\/staviori.com.pl\/product\/pierscionek-z-diamentem-pzd6226z\/"},"modified":"2026-04-01T09:41:16","modified_gmt":"2026-04-01T07:41:16","slug":"pierscionek-z-diamentem-pzd6226z","status":"publish","type":"product","link":"https:\/\/staviori.com.pl\/en\/product\/pierscionek-z-diamentem-pzd6226z\/","title":{"rendered":"Yellow gold ring with emerald and diamonds"},"content":{"rendered":"<p>Model: PZD6226Z<br \/>\nWaga ok. 1,49g<\/p>\n<p>Ring.<br \/>\nYellow gold 0.585.<br \/>\n10 Diament\u00f3w, szlif achtkant, o masie 0,05ct, barwa H, czysto\u015b\u0107 I1-I2.<br \/>\n1 Szmaragd, o masie 0,30ct.<\/p>\n<p>Only some sizes available - please ask<br \/>\nW przypadku braku na magazynie zrobimy na zam\u00f3wienie.<\/p>","protected":false},"excerpt":{"rendered":"<p>Elegancki pier\u015bcionek z \u017c\u00f3\u0142tego z\u0142ota pr\u00f3by 0,585, kt\u00f3rego centrum zdobi szmaragd o masie 0,30 ct. Kamie\u0144 otoczony jest delikatnym wie\u0144cem z dziesi\u0119ciu diament\u00f3w, kt\u00f3re dodaj\u0105 ca\u0142o\u015bci blasku i podkre\u015blaj\u0105 intensywn\u0105 ziele\u0144 szmaragdu. To ponadczasowy model o klasycznej formie, idealny na wyj\u0105tkowy prezent lub pier\u015bcionek zar\u0119czynowy w stylu vintage.<\/p>","protected":false},"featured_media":7316,"comment_status":"closed","ping_status":"closed","template":"","meta":{"om_disable_all_campaigns":false},"product_brand":[2284,2350],"product_cat":[1384,1838,2182,801,176],"product_tag":[3722,5622,4708,5125,5618,5624,5623,4147,5601,5556,4910,5018],"class_list":{"0":"post-15602","1":"product","2":"type-product","3":"status-publish","4":"has-post-thumbnail","6":"product_brand-staviori","7":"product_brand-verona","8":"product_cat-bizuteria","9":"product_cat-diamenty","10":"product_cat-pierscionek-z-diamentem","11":"product_cat-pierscionki","12":"product_cat-zloto","13":"product_tag-diament","14":"product_tag-emerald-diamond-ring","15":"product_tag-pierscionek-z-diamentami","16":"product_tag-pierscionek-ze-szmaragdem","17":"product_tag-pierscionek-zloto-585","18":"product_tag-prsten-se-smaragdem","19":"product_tag-smaragd-diamantring","20":"product_tag-szmaragd","21":"product_tag-verlobungsring-gelbgold","22":"product_tag-yellow-gold-ring","23":"product_tag-zasnubni-prsten","24":"product_tag-zloty-pierscionek","25":"pa_barwa-h-2","26":"pa_czystosc-i1","27":"pa_kamien-diamenty","28":"pa_kamien-szmaragd","29":"pa_kolor-zolte","30":"pa_kruszec-zloto","31":"pa_proba-0-585","32":"pa_rozmiar-2353","33":"pa_rozmiar-2354","34":"pa_rozmiar-2355","35":"pa_rozmiar-2356","36":"pa_rozmiar-2360","37":"pa_waga-145g","39":"first","40":"instock","41":"purchasable","42":"product-type-simple"},"aioseo_notices":[],"_links":{"self":[{"href":"https:\/\/staviori.com.pl\/en\/wp-json\/wp\/v2\/product\/15602","targetHints":{"allow":["GET"]}}],"collection":[{"href":"https:\/\/staviori.com.pl\/en\/wp-json\/wp\/v2\/product"}],"about":[{"href":"https:\/\/staviori.com.pl\/en\/wp-json\/wp\/v2\/types\/product"}],"replies":[{"embeddable":true,"href":"https:\/\/staviori.com.pl\/en\/wp-json\/wp\/v2\/comments?post=15602"}],"wp:featuredmedia":[{"embeddable":true,"href":"https:\/\/staviori.com.pl\/en\/wp-json\/wp\/v2\/media\/7316"}],"wp:attachment":[{"href":"https:\/\/staviori.com.pl\/en\/wp-json\/wp\/v2\/media?parent=15602"}],"wp:term":[{"taxonomy":"product_brand","embeddable":true,"href":"https:\/\/staviori.com.pl\/en\/wp-json\/wp\/v2\/product_brand?post=15602"},{"taxonomy":"product_cat","embeddable":true,"href":"https:\/\/staviori.com.pl\/en\/wp-json\/wp\/v2\/product_cat?post=15602"},{"taxonomy":"product_tag","embeddable":true,"href":"https:\/\/staviori.com.pl\/en\/wp-json\/wp\/v2\/product_tag?post=15602"}],"curies":[{"name":"wp","href":"https:\/\/api.w.org\/{rel}","templated":true}]}}