{"id":15599,"date":"2025-02-24T22:49:15","date_gmt":"2025-02-24T21:49:15","guid":{"rendered":"https:\/\/staviori.com.pl\/product\/pzd6100\/"},"modified":"2026-02-11T00:09:21","modified_gmt":"2026-02-10T23:09:21","slug":"pzd6100","status":"publish","type":"product","link":"https:\/\/staviori.com.pl\/en\/product\/pzd6100\/","title":{"rendered":"Exclusive | 750 gold ring with 0.21ct diamonds"},"content":{"rendered":"<p>Model: PZD6100<br \/>\nWaga ok. 1,65g<\/p>\n<p>Ring.<br \/>\nYellow Gold 0.750.<br \/>\n68 Diament\u00f3w, szlif brylantowy, o masie 0,21ct, barwa G-H, czysto\u015b\u0107 VS1-SI2.<\/p>\n<p>Thickness 1.9 mm.<br \/>\nSzeroko\u015b\u0107 1.3 mm.<\/p>\n<p>Can be manufactured in a different gold colour.<br \/>\nThe stone weight and price quoted are for size 13.<br \/>\nPlease note that you should measure your size well because it is not possible to change the size later.<\/p>\n<p>Product available on request only, lead time approx. 2 weeks.<br \/>\nA beautiful, delicate ring \/ wedding band with diamonds. Available in any colour of gold.<\/p>","protected":false},"excerpt":{"rendered":"<p>A subtle and graceful ring in 0.750 yellow gold, set with 68 sparkling diamonds weighing a total of 0.21 ct. The slender form gives it a unique lightness, while the equal row of diamonds creates an effect of elegant sparkle around the entire ring. Perfect as both a delicate wedding ring and an elegant accessory worn on its own or set with other rings.<\/p>\n<p>https:\/\/www.youtube.com\/watch?v=05SRYcZK3UM<\/p>\n<p>Can be manufactured in a different gold colour.<br \/>\nThe stone weight and price quoted are for size 13.<br \/>\nPlease note that you should measure your size well because it is not possible to change the size later.<\/p>\n<p>Product available on request only, lead time approx. 2 weeks.<\/p>","protected":false},"featured_media":7307,"comment_status":"closed","ping_status":"closed","template":"","meta":{"om_disable_all_campaigns":false},"product_brand":[2284],"product_cat":[1803,2181],"product_tag":[5577,4928,5405,5612,4746,5602,5601,5613,5556,4910,5018,2610],"class_list":{"0":"post-15599","1":"product","2":"type-product","3":"status-publish","4":"has-post-thumbnail","6":"product_brand-staviori","7":"product_cat-brylanty-exclusive","8":"product_cat-obraczki","9":"product_tag-diamantring","10":"product_tag-diamond-ring","11":"product_tag-obraczka-z-diamentami","12":"product_tag-obraczka-zloto-750","13":"product_tag-pierscionek-z-brylantami","14":"product_tag-prsten-se-zlatem-750","15":"product_tag-verlobungsring-gelbgold","16":"product_tag-wedding-band","17":"product_tag-yellow-gold-ring","18":"product_tag-zasnubni-prsten","19":"product_tag-zloty-pierscionek","20":"product_tag-zolte-zloto-750","21":"pa_barwa-g-h","22":"pa_czystosc-vs1","23":"pa_dostawca-hosgor","24":"pa_grubosc-1-9mm","25":"pa_kamien-brylanty","26":"pa_kolor-zolte","27":"pa_kruszec-zloto","28":"pa_proba-0-750","29":"pa_rozmiar-2353","30":"pa_szerokosc-1-3mm","31":"pa_waga-165g","33":"first","34":"onbackorder","35":"purchasable","36":"product-type-simple"},"aioseo_notices":[],"_links":{"self":[{"href":"https:\/\/staviori.com.pl\/en\/wp-json\/wp\/v2\/product\/15599","targetHints":{"allow":["GET"]}}],"collection":[{"href":"https:\/\/staviori.com.pl\/en\/wp-json\/wp\/v2\/product"}],"about":[{"href":"https:\/\/staviori.com.pl\/en\/wp-json\/wp\/v2\/types\/product"}],"replies":[{"embeddable":true,"href":"https:\/\/staviori.com.pl\/en\/wp-json\/wp\/v2\/comments?post=15599"}],"wp:featuredmedia":[{"embeddable":true,"href":"https:\/\/staviori.com.pl\/en\/wp-json\/wp\/v2\/media\/7307"}],"wp:attachment":[{"href":"https:\/\/staviori.com.pl\/en\/wp-json\/wp\/v2\/media?parent=15599"}],"wp:term":[{"taxonomy":"product_brand","embeddable":true,"href":"https:\/\/staviori.com.pl\/en\/wp-json\/wp\/v2\/product_brand?post=15599"},{"taxonomy":"product_cat","embeddable":true,"href":"https:\/\/staviori.com.pl\/en\/wp-json\/wp\/v2\/product_cat?post=15599"},{"taxonomy":"product_tag","embeddable":true,"href":"https:\/\/staviori.com.pl\/en\/wp-json\/wp\/v2\/product_tag?post=15599"}],"curies":[{"name":"wp","href":"https:\/\/api.w.org\/{rel}","templated":true}]}}