{"id":15598,"date":"2025-02-24T22:49:15","date_gmt":"2025-02-24T21:49:15","guid":{"rendered":"https:\/\/staviori.com.pl\/product\/pierscionek-z-diamentem-pzd6099\/"},"modified":"2026-02-11T00:09:21","modified_gmt":"2026-02-10T23:09:21","slug":"pierscionek-z-diamentem-pzd6099","status":"publish","type":"product","link":"https:\/\/staviori.com.pl\/en\/product\/pierscionek-z-diamentem-pzd6099\/","title":{"rendered":"Exclusive | 750 yellow gold ring with 0.09ct diamonds"},"content":{"rendered":"<p>Model: PZD6099<br \/>\nWeight approx. 1.80g<\/p>\n<p>Ring.<br \/>\n\u017b\u00f3\u0142te z\u0142oto 0,750.<br \/>\n7 Diament\u00f3w, szlif brylantowy, o masie 0,09ct, barwa G, czysto\u015b\u0107 VS1-SI2.<\/p>\n<p>Can be manufactured in a different gold colour.<br \/>\nProduct in any size, available on request only, lead time approx. 4 weeks.<\/p>","protected":false},"excerpt":{"rendered":"<p>Delikatny pier\u015bcionek wykonany z \u017c\u00f3\u0142tego z\u0142ota pr\u00f3by 0,750, ozdobiony siedmioma diamentami o \u0142\u0105cznej masie 0,09 ct. Subtelne oprawy w formie ma\u0142ych rozet i g\u0142adkich k\u00f3\u0142eczek nadaj\u0105 mu romantycznego i niepowtarzalnego charakteru. To idealny wyb\u00f3r dla kobiet ceni\u0105cych lekko\u015b\u0107, finezj\u0119 i nowoczesn\u0105 elegancj\u0119. Dost\u0119pny r\u00f3wnie\u017c w innych kolorach z\u0142ota, by jeszcze lepiej dopasowa\u0107 go do indywidualnych preferencji.<\/p>\n<p>https:\/\/www.youtube.com\/watch?v=u9eakN9oqN4<\/p>\n<p>Product in any size, available on request only, lead time approx. 4 weeks.<\/p>","protected":false},"featured_media":7302,"comment_status":"closed","ping_status":"closed","template":"","meta":{"om_disable_all_campaigns":false},"product_brand":[2284],"product_cat":[1803,1838,2182,801],"product_tag":[5611,4679,5577,4928,4708,5610,5602,5601,5556,4910,5018,2610],"class_list":{"0":"post-15598","1":"product","2":"type-product","3":"status-publish","4":"has-post-thumbnail","6":"product_brand-staviori","7":"product_cat-brylanty-exclusive","8":"product_cat-diamenty","9":"product_cat-pierscionek-z-diamentem","10":"product_cat-pierscionki","11":"product_tag-delicate-ring","12":"product_tag-delikatny-pierscionek","13":"product_tag-diamantring","14":"product_tag-diamond-ring","15":"product_tag-pierscionek-z-diamentami","16":"product_tag-pierscionek-zloto-750","17":"product_tag-prsten-se-zlatem-750","18":"product_tag-verlobungsring-gelbgold","19":"product_tag-yellow-gold-ring","20":"product_tag-zasnubni-prsten","21":"product_tag-zloty-pierscionek","22":"product_tag-zolte-zloto-750","23":"pa_barwa-g-2","24":"pa_czystosc-vs","25":"pa_kamien-brylanty","26":"pa_kolor-zolte","27":"pa_kruszec-zloto","28":"pa_proba-0-750","29":"pa_waga-180g","31":"first","32":"onbackorder","33":"purchasable","34":"product-type-simple"},"aioseo_notices":[],"_links":{"self":[{"href":"https:\/\/staviori.com.pl\/en\/wp-json\/wp\/v2\/product\/15598","targetHints":{"allow":["GET"]}}],"collection":[{"href":"https:\/\/staviori.com.pl\/en\/wp-json\/wp\/v2\/product"}],"about":[{"href":"https:\/\/staviori.com.pl\/en\/wp-json\/wp\/v2\/types\/product"}],"replies":[{"embeddable":true,"href":"https:\/\/staviori.com.pl\/en\/wp-json\/wp\/v2\/comments?post=15598"}],"wp:featuredmedia":[{"embeddable":true,"href":"https:\/\/staviori.com.pl\/en\/wp-json\/wp\/v2\/media\/7302"}],"wp:attachment":[{"href":"https:\/\/staviori.com.pl\/en\/wp-json\/wp\/v2\/media?parent=15598"}],"wp:term":[{"taxonomy":"product_brand","embeddable":true,"href":"https:\/\/staviori.com.pl\/en\/wp-json\/wp\/v2\/product_brand?post=15598"},{"taxonomy":"product_cat","embeddable":true,"href":"https:\/\/staviori.com.pl\/en\/wp-json\/wp\/v2\/product_cat?post=15598"},{"taxonomy":"product_tag","embeddable":true,"href":"https:\/\/staviori.com.pl\/en\/wp-json\/wp\/v2\/product_tag?post=15598"}],"curies":[{"name":"wp","href":"https:\/\/api.w.org\/{rel}","templated":true}]}}