{"id":15594,"date":"2025-02-24T22:49:15","date_gmt":"2025-02-24T21:49:15","guid":{"rendered":"https:\/\/staviori.com.pl\/product\/pierscionek-z-diamentem-pzd6000r\/"},"modified":"2026-02-11T00:09:21","modified_gmt":"2026-02-10T23:09:21","slug":"pierscionek-z-diamentem-pzd6000r","status":"publish","type":"product","link":"https:\/\/staviori.com.pl\/en\/product\/pierscionek-z-diamentem-pzd6000r\/","title":{"rendered":"Exclusive | Engagement ring with ruby and diamonds gold 750"},"content":{"rendered":"<p>Model: PZD6000R<br \/>\nWaga ok. 1,85g<\/p>\n<p>Ring.<br \/>\nYellow, White or Rose gold 0.750.<br \/>\n36 Diament\u00f3w, szlif brylantowy, o masie 0,10ct, barwa G, czysto\u015b\u0107 VS1-VS2.<br \/>\n1 Rubin, o masie 0,41ct.<\/p>\n<p>Can be manufactured in a different gold colour.<br \/>\nProduct in any size, available on request only, lead time approx. 2 weeks.<\/p>\n<p>Przepi\u0119kny pier\u015bcionek z rubinem i brylantami.<br \/>\nAvailable in yellow, white or rose gold.<br \/>\nDost\u0119pne kolczyki i naszyjnik do kompletu.<\/p>","protected":false},"excerpt":{"rendered":"<p>Zjawiskowy pier\u015bcionek zar\u0119czynowy wykonany z \u017c\u00f3\u0142tego z\u0142ota pr\u00f3by 750, kt\u00f3rego centralnym punktem jest pi\u0119kny rubin o masie 0,41 ct. Kamie\u0144 otacza subtelna aureola 36 l\u015bni\u0105cych diament\u00f3w o szlifie brylantowym, kt\u00f3re dodaj\u0105 ca\u0142o\u015bci wyj\u0105tkowego blasku i elegancji. Smuk\u0142a, z\u0142ota obr\u0105czka z delikatnym diamentowym akcentem na bokach podkre\u015bla wyrafinowany charakter bi\u017cuterii. To pier\u015bcionek pe\u0142en klasy i romantyzmu, idealny jako symbol mi\u0142o\u015bci i wyj\u0105tkowych chwil.<\/p>\n<p>Can be manufactured in a different gold colour.<br \/>\nProdukt w dowolnym rozmiarze i kolorze z\u0142ota &#8211; dost\u0119pny wy\u0142\u0105cznie na zam\u00f3wienie, czas realizacji ok. 2 tygodnie.<br \/>\nDost\u0119pne kolczyki i naszyjnik do kompletu.<\/p>","protected":false},"featured_media":7285,"comment_status":"closed","ping_status":"closed","template":"","meta":{"om_disable_all_campaigns":false},"product_brand":[2284],"product_cat":[1803,1838,2182,801],"product_tag":[4123,5577,3722,4928,4906,4668,4763,5580,5581,5579,5560,4910,3723,5018,2610],"class_list":{"0":"post-15594","1":"product","2":"type-product","3":"status-publish","4":"has-post-thumbnail","6":"product_brand-staviori","7":"product_cat-brylanty-exclusive","8":"product_cat-diamenty","9":"product_cat-pierscionek-z-diamentem","10":"product_cat-pierscionki","11":"product_tag-brylant","12":"product_tag-diamantring","13":"product_tag-diament","14":"product_tag-diamond-ring","15":"product_tag-engagement-ring","16":"product_tag-pierscionek-zareczynowy","17":"product_tag-rubin","18":"product_tag-rubinovy-prsten","19":"product_tag-rubinring","20":"product_tag-ruby-ring","21":"product_tag-verlobungsring","22":"product_tag-zasnubni-prsten","23":"product_tag-zlota-bizuteria","24":"product_tag-zloty-pierscionek","25":"product_tag-zolte-zloto-750","26":"pa_barwa-g-2","27":"pa_czystosc-vs","28":"pa_dostawca-hosgor","29":"pa_kamien-brylanty","30":"pa_kamien-rubin","31":"pa_kolor-biale","32":"pa_kolor-rozowe","33":"pa_kolor-zolte","34":"pa_kruszec-zloto","35":"pa_proba-0-750","36":"pa_waga-180g","38":"first","39":"onbackorder","40":"purchasable","41":"product-type-simple"},"aioseo_notices":[],"_links":{"self":[{"href":"https:\/\/staviori.com.pl\/en\/wp-json\/wp\/v2\/product\/15594","targetHints":{"allow":["GET"]}}],"collection":[{"href":"https:\/\/staviori.com.pl\/en\/wp-json\/wp\/v2\/product"}],"about":[{"href":"https:\/\/staviori.com.pl\/en\/wp-json\/wp\/v2\/types\/product"}],"replies":[{"embeddable":true,"href":"https:\/\/staviori.com.pl\/en\/wp-json\/wp\/v2\/comments?post=15594"}],"wp:featuredmedia":[{"embeddable":true,"href":"https:\/\/staviori.com.pl\/en\/wp-json\/wp\/v2\/media\/7285"}],"wp:attachment":[{"href":"https:\/\/staviori.com.pl\/en\/wp-json\/wp\/v2\/media?parent=15594"}],"wp:term":[{"taxonomy":"product_brand","embeddable":true,"href":"https:\/\/staviori.com.pl\/en\/wp-json\/wp\/v2\/product_brand?post=15594"},{"taxonomy":"product_cat","embeddable":true,"href":"https:\/\/staviori.com.pl\/en\/wp-json\/wp\/v2\/product_cat?post=15594"},{"taxonomy":"product_tag","embeddable":true,"href":"https:\/\/staviori.com.pl\/en\/wp-json\/wp\/v2\/product_tag?post=15594"}],"curies":[{"name":"wp","href":"https:\/\/api.w.org\/{rel}","templated":true}]}}