{"id":15591,"date":"2025-02-24T22:49:15","date_gmt":"2025-02-24T21:49:15","guid":{"rendered":"https:\/\/staviori.com.pl\/product\/zloty-pierscionek-pzd5821\/"},"modified":"2026-04-08T13:38:44","modified_gmt":"2026-04-08T11:38:44","slug":"zloty-pierscionek-pzd5821","status":"publish","type":"product","link":"https:\/\/staviori.com.pl\/en\/product\/zloty-pierscionek-pzd5821\/","title":{"rendered":"Ring with London Blue topaz and sapphires gold 585"},"content":{"rendered":"<p>Model: PZD5821<br \/>\nWeight approx. 3.50g<\/p>\n<p>Ring.<br \/>\nYellow gold 0.585.<br \/>\n1 Topaz London Blue, o masie 2,44ct.<br \/>\n16 Szafir\u00f3w, o masie 0,74ct.<\/p>\n<p>\u015arednica korony ok. 13 mm.<\/p>\n<p>Only some sizes available - please ask<br \/>\nW przypadku braku rozmiaru na stanie &#8211; mo\u017cemy zrobi\u0107 na zam\u00f3wienie w terminie oko\u0142o 1 tygodnia.<\/p>\n<p>Przepi\u0119kny, klasyczny pier\u015bcionek z ogromnym London Blue Topaz otoczonym przez 16 szafir\u00f3w. Do kompletu mamy r\u00f3wnie\u017c kolczyki. Ca\u0142o\u015b\u0107 stanowi cudowny, elegancki komplet.<\/p>","protected":false},"excerpt":{"rendered":"<p>Ol\u015bniewaj\u0105cy pier\u015bcionek wykonany z \u017c\u00f3\u0142tego z\u0142ota pr\u00f3by 585, kt\u00f3rego centralnym punktem jest imponuj\u0105cy topaz London Blue o masie 2,44 ct. Kamie\u0144 otacza 16 g\u0142\u0119boko granatowych szafir\u00f3w, kt\u00f3re podkre\u015blaj\u0105 intensywn\u0105 barw\u0119 topazu i dodaj\u0105 ca\u0142o\u015bci wyrafinowanego charakteru. Klasyczna, a zarazem wyj\u0105tkowa kompozycja sprawia, \u017ce pier\u015bcionek prezentuje si\u0119 niezwykle elegancko. Doskona\u0142y wyb\u00f3r dla kobiet ceni\u0105cych luksus i ponadczasowe pi\u0119kno.<\/p>\n<p>Only some sizes available - please ask<br \/>\nW przypadku braku rozmiaru na stanie &#8211; mo\u017cemy zrobi\u0107 na zam\u00f3wienie w terminie oko\u0142o 1 tygodnia.<\/p>","protected":false},"featured_media":7263,"comment_status":"closed","ping_status":"closed","template":"","meta":{"om_disable_all_campaigns":false},"product_brand":[2284,2350],"product_cat":[1384,801,176,1930,2204],"product_tag":[5589,4906,5127,5584,5533,5411,5590,5121,5587,5117,4153,5588,5585,5586,5560,4910,3723,5018,2599],"class_list":{"0":"post-15591","1":"product","2":"type-product","3":"status-publish","4":"has-post-thumbnail","6":"product_brand-staviori","7":"product_brand-verona","8":"product_cat-bizuteria","9":"product_cat-pierscionki","10":"product_cat-zloto","11":"product_cat-zloto-2","12":"product_cat-zloty-pierscionek","13":"product_tag-5589","14":"product_tag-engagement-ring","15":"product_tag-gemstone-ring","16":"product_tag-london-blue-topaz","17":"product_tag-pierscionek-z-szafirami","18":"product_tag-pierscionek-z-topazem","19":"product_tag-pzd5821","20":"product_tag-safirovy-prsten","21":"product_tag-saphirring","22":"product_tag-sapphire-ring","23":"product_tag-szafir","24":"product_tag-topasring","25":"product_tag-topaz-ring","26":"product_tag-topazovy-prsten","27":"product_tag-verlobungsring","28":"product_tag-zasnubni-prsten","29":"product_tag-zlota-bizuteria","30":"product_tag-zloty-pierscionek","31":"product_tag-zolte-zloto-585","32":"pa_kamien-topaz-london-blue","33":"pa_kolor-zolte","34":"pa_kruszec-zloto","35":"pa_proba-0-585","36":"pa_rozmiar-4355","37":"pa_rozmiar-2351","38":"pa_rozmiar-2352","39":"pa_rozmiar-2353","40":"pa_rozmiar-2354","41":"pa_rozmiar-2355","42":"pa_rozmiar-2356","43":"pa_srednica-korony-ok-13mm","44":"pa_waga-350g","46":"first","47":"onbackorder","48":"purchasable","49":"product-type-simple"},"aioseo_notices":[],"_links":{"self":[{"href":"https:\/\/staviori.com.pl\/en\/wp-json\/wp\/v2\/product\/15591","targetHints":{"allow":["GET"]}}],"collection":[{"href":"https:\/\/staviori.com.pl\/en\/wp-json\/wp\/v2\/product"}],"about":[{"href":"https:\/\/staviori.com.pl\/en\/wp-json\/wp\/v2\/types\/product"}],"replies":[{"embeddable":true,"href":"https:\/\/staviori.com.pl\/en\/wp-json\/wp\/v2\/comments?post=15591"}],"wp:featuredmedia":[{"embeddable":true,"href":"https:\/\/staviori.com.pl\/en\/wp-json\/wp\/v2\/media\/7263"}],"wp:attachment":[{"href":"https:\/\/staviori.com.pl\/en\/wp-json\/wp\/v2\/media?parent=15591"}],"wp:term":[{"taxonomy":"product_brand","embeddable":true,"href":"https:\/\/staviori.com.pl\/en\/wp-json\/wp\/v2\/product_brand?post=15591"},{"taxonomy":"product_cat","embeddable":true,"href":"https:\/\/staviori.com.pl\/en\/wp-json\/wp\/v2\/product_cat?post=15591"},{"taxonomy":"product_tag","embeddable":true,"href":"https:\/\/staviori.com.pl\/en\/wp-json\/wp\/v2\/product_tag?post=15591"}],"curies":[{"name":"wp","href":"https:\/\/api.w.org\/{rel}","templated":true}]}}