{"id":15585,"date":"2025-02-24T22:49:15","date_gmt":"2025-02-24T21:49:15","guid":{"rendered":"https:\/\/staviori.com.pl\/product\/pierscionek-z-diamentem-pzd5224\/"},"modified":"2026-02-11T00:09:54","modified_gmt":"2026-02-10T23:09:54","slug":"pierscionek-z-diamentem-pzd5224","status":"publish","type":"product","link":"https:\/\/staviori.com.pl\/en\/product\/pierscionek-z-diamentem-pzd5224\/","title":{"rendered":"Diamond engagement ring yellow gold 585"},"content":{"rendered":"<p>Model: PZD5224<br \/>\nWeight approx. 2.10g<\/p>\n<p>Ring.<br \/>\nYellow gold 0.585.<br \/>\n12 Diamonds, brilliant cut, weighing 0.16ct, colour H, purity I1.<\/p>\n<p>Only some sizes available - please ask<br \/>\nW przypadku braku rozmiaru &#8211; mo\u017cliwo\u015b\u0107 wykonania na zam\u00f3wienie w terminie oko\u0142o 4 tygodnie.<br \/>\nW\u00f3wczas Kolor z\u0142ota dowolny.<\/p>","protected":false},"excerpt":{"rendered":"<p>Urokliwy pier\u015bcionek zar\u0119czynowy wykonany z \u017c\u00f3\u0142tego z\u0142ota pr\u00f3by 585, ozdobiony dwunastoma diamentami o \u0142\u0105cznej masie 0,16 ct. Centralny kamie\u0144 otoczony jest subtelnym diamentowym wie\u0144cem, tworz\u0105c motyw rozkwitaj\u0105cego kwiatu. Delikatna obr\u0105czka w klasycznej formie nadaje bi\u017cuterii ponadczasowego charakteru. To elegancki i romantyczny pier\u015bcionek, kt\u00f3ry b\u0119dzie pi\u0119knym symbolem mi\u0142o\u015bci.<\/p>\n<p>Only some sizes available - please ask<br \/>\nW przypadku braku rozmiaru &#8211; mo\u017cliwo\u015b\u0107 wykonania na zam\u00f3wienie w terminie oko\u0142o 4 tygodnie.<\/p>","protected":false},"featured_media":20876,"comment_status":"closed","ping_status":"closed","template":"","meta":{"om_disable_all_campaigns":false},"product_brand":[2284],"product_cat":[1838,2182,801],"product_tag":[4923,5577,4928,4906,5576,4708,4668,5560,4910,3723,5018,2599],"class_list":{"0":"post-15585","1":"product","2":"type-product","3":"status-publish","4":"has-post-thumbnail","6":"product_brand-staviori","7":"product_cat-diamenty","8":"product_cat-pierscionek-z-diamentem","9":"product_cat-pierscionki","10":"product_tag-diamantovy-prsten","11":"product_tag-diamantring","12":"product_tag-diamond-ring","13":"product_tag-engagement-ring","14":"product_tag-gold-ring","15":"product_tag-pierscionek-z-diamentami","16":"product_tag-pierscionek-zareczynowy","17":"product_tag-verlobungsring","18":"product_tag-zasnubni-prsten","19":"product_tag-zlota-bizuteria","20":"product_tag-zloty-pierscionek","21":"product_tag-zolte-zloto-585","22":"pa_barwa-h-2","23":"pa_czystosc-i1","24":"pa_dostawca-estrella","25":"pa_kamien-brylanty","26":"pa_kolor-zolte","27":"pa_kruszec-zloto","28":"pa_proba-0-585","29":"pa_rozmiar-4355","30":"pa_rozmiar-2351","31":"pa_rozmiar-2352","32":"pa_rozmiar-2353","33":"pa_rozmiar-2354","34":"pa_rozmiar-2355","35":"pa_rozmiar-2356","36":"pa_rozmiar-2357","37":"pa_rozmiar-2358","38":"pa_waga-210g","40":"first","41":"instock","42":"purchasable","43":"product-type-variable"},"aioseo_notices":[],"_links":{"self":[{"href":"https:\/\/staviori.com.pl\/en\/wp-json\/wp\/v2\/product\/15585","targetHints":{"allow":["GET"]}}],"collection":[{"href":"https:\/\/staviori.com.pl\/en\/wp-json\/wp\/v2\/product"}],"about":[{"href":"https:\/\/staviori.com.pl\/en\/wp-json\/wp\/v2\/types\/product"}],"replies":[{"embeddable":true,"href":"https:\/\/staviori.com.pl\/en\/wp-json\/wp\/v2\/comments?post=15585"}],"wp:featuredmedia":[{"embeddable":true,"href":"https:\/\/staviori.com.pl\/en\/wp-json\/wp\/v2\/media\/20876"}],"wp:attachment":[{"href":"https:\/\/staviori.com.pl\/en\/wp-json\/wp\/v2\/media?parent=15585"}],"wp:term":[{"taxonomy":"product_brand","embeddable":true,"href":"https:\/\/staviori.com.pl\/en\/wp-json\/wp\/v2\/product_brand?post=15585"},{"taxonomy":"product_cat","embeddable":true,"href":"https:\/\/staviori.com.pl\/en\/wp-json\/wp\/v2\/product_cat?post=15585"},{"taxonomy":"product_tag","embeddable":true,"href":"https:\/\/staviori.com.pl\/en\/wp-json\/wp\/v2\/product_tag?post=15585"}],"curies":[{"name":"wp","href":"https:\/\/api.w.org\/{rel}","templated":true}]}}