{"id":15575,"date":"2025-02-24T22:49:11","date_gmt":"2025-02-24T21:49:11","guid":{"rendered":"https:\/\/staviori.com.pl\/product\/bizuteria-inwestycyjna-pierscionek-pzd4038\/"},"modified":"2026-02-11T00:09:19","modified_gmt":"2026-02-10T23:09:19","slug":"bizuteria-inwestycyjna-pierscionek-pzd4038","status":"publish","type":"product","link":"https:\/\/staviori.com.pl\/en\/product\/bizuteria-inwestycyjna-pierscionek-pzd4038\/","title":{"rendered":"Exclusive | ring with diamonds and princess diamonds , yellow gold 750"},"content":{"rendered":"<p>Model: DDR1505<br \/>\nWaga ok. 5,95g<\/p>\n<p>Ring.<br \/>\nYellow Gold 0.750.<br \/>\n40 Diament\u00f3w, szlif brylantowy, o masie 0,77ct, barwa G-H, czysto\u015b\u0107 SI1.<br \/>\n12 Diament\u00f3w, szlif princessa, o masie 0,62ct, barwa G-H, czysto\u015b\u0107 SI1.<\/p>\n<p>Szeroko\u015b\u0107 10.4 mm.<br \/>\nGrubo\u015b\u0107 6.8 mm.<br \/>\nSzeroko\u015b\u0107 obr\u0105czki ok. 2.85 mm.<\/p>\n<p>Product in any size, available on request only, lead time approx. 5 weeks.<\/p>","protected":false},"excerpt":{"rendered":"<p>A stunning Staviori ring in 0.750 yellow gold, full of sparkle and elegance. Intricately set diamonds of brilliant and princess cut create a unique geometric pattern of impressive brilliance. It is a true work of jewellery art, which attracts attention and emphasises the sophisticated taste of its owner. An ideal choice for a woman who appreciates luxury and unique style.<\/p>","protected":false},"featured_media":7121,"comment_status":"closed","ping_status":"closed","template":"","meta":{"om_disable_all_campaigns":false},"product_brand":[2284],"product_cat":[1803,6741,801],"product_tag":[6756,4923,6120,4928,6390,6757,2280,4042,4708,6755,3724,5556,2341,2522],"class_list":{"0":"post-15575","1":"product","2":"type-product","3":"status-publish","4":"has-post-thumbnail","6":"product_brand-staviori","7":"product_cat-brylanty-exclusive","8":"product_cat-pierscionki-brylanty-exclusive","9":"product_cat-pierscionki","10":"product_tag-ddr1505","11":"product_tag-diamantovy-prsten","12":"product_tag-diamond-jewelry","13":"product_tag-diamond-ring","14":"product_tag-gold-18k","15":"product_tag-gold-jewellery","16":"product_tag-luksusowa-bizuteria","17":"product_tag-luxusni-sperk","18":"product_tag-pierscionek-z-diamentami","19":"product_tag-pzd4038","20":"product_tag-staviori","21":"product_tag-yellow-gold-ring","22":"product_tag-zloto-750","23":"product_tag-zolte-zloto","24":"pa_barwa-g-h","25":"pa_czystosc-si1","26":"pa_grubosc-6-8mm","27":"pa_kamien-brylanty","28":"pa_kamien-diamenty-princessa","29":"pa_kolor-zolte","30":"pa_kruszec-zloto","31":"pa_proba-0-750","32":"pa_szerokosc-10-4mm","33":"pa_waga-590g","35":"first","36":"onbackorder","37":"purchasable","38":"product-type-simple"},"aioseo_notices":[],"_links":{"self":[{"href":"https:\/\/staviori.com.pl\/en\/wp-json\/wp\/v2\/product\/15575","targetHints":{"allow":["GET"]}}],"collection":[{"href":"https:\/\/staviori.com.pl\/en\/wp-json\/wp\/v2\/product"}],"about":[{"href":"https:\/\/staviori.com.pl\/en\/wp-json\/wp\/v2\/types\/product"}],"replies":[{"embeddable":true,"href":"https:\/\/staviori.com.pl\/en\/wp-json\/wp\/v2\/comments?post=15575"}],"wp:featuredmedia":[{"embeddable":true,"href":"https:\/\/staviori.com.pl\/en\/wp-json\/wp\/v2\/media\/7121"}],"wp:attachment":[{"href":"https:\/\/staviori.com.pl\/en\/wp-json\/wp\/v2\/media?parent=15575"}],"wp:term":[{"taxonomy":"product_brand","embeddable":true,"href":"https:\/\/staviori.com.pl\/en\/wp-json\/wp\/v2\/product_brand?post=15575"},{"taxonomy":"product_cat","embeddable":true,"href":"https:\/\/staviori.com.pl\/en\/wp-json\/wp\/v2\/product_cat?post=15575"},{"taxonomy":"product_tag","embeddable":true,"href":"https:\/\/staviori.com.pl\/en\/wp-json\/wp\/v2\/product_tag?post=15575"}],"curies":[{"name":"wp","href":"https:\/\/api.w.org\/{rel}","templated":true}]}}