{"id":15571,"date":"2025-02-24T22:49:11","date_gmt":"2025-02-24T21:49:11","guid":{"rendered":"https:\/\/staviori.com.pl\/product\/bizuteria-inwestycyjna-pierscionek-pzd3948\/"},"modified":"2026-02-11T00:09:19","modified_gmt":"2026-02-10T23:09:19","slug":"bizuteria-inwestycyjna-pierscionek-pzd3948","status":"publish","type":"product","link":"https:\/\/staviori.com.pl\/en\/product\/bizuteria-inwestycyjna-pierscionek-pzd3948\/","title":{"rendered":"Exclusive | ring \/ wedding ring with diamonds gold 750"},"content":{"rendered":"<p>Model: DDR1808<br \/>\nWeight approx. 1.30g<\/p>\n<p>Ring.<br \/>\nYellow Gold 0.750.<br \/>\n16 Diament\u00f3w, szlif brylantowy, o masie 0,35ct., barwa G-H, czysto\u015b\u0107 SI1.<\/p>\n<p>Szeroko\u015b\u0107 2.4-0.6 mm.<br \/>\nWysoko\u015b\u0107 2.1 mm.<\/p>\n<p>The stone weight and price quoted are for size 13.<br \/>\nPlease note: Please check the size well because it is difficult to change later.<br \/>\nProduct in any size, available on request only, lead time approx. 5 weeks.<\/p>","protected":false},"excerpt":{"rendered":"<p>A unique engagement ring made from 750 yellow gold, decorated with 16 sparkling diamonds weighing a total of 0.35ct. Each stone is set in a delicate setting, creating a subtle yet striking composition around the entire ring. This is a model full of elegance and charm that will impress with its timeless brilliance and unique character. An ideal choice for those who appreciate original and luxurious design.<\/p>\n<p>The stone weight and price quoted are for size 13.<br \/>\nPlease note: Please check the size well because it is difficult to change later.<br \/>\nProduct in any size, available on request only, lead time approx. 5 weeks.<\/p>","protected":false},"featured_media":7089,"comment_status":"closed","ping_status":"closed","template":"","meta":{"om_disable_all_campaigns":false},"product_brand":[2284],"product_cat":[1803,2181,6741,801],"product_tag":[4123,5574,4923,5577,3722,4928,4906,5576,4668,5575,5560,4910,3723,5018,2610],"class_list":{"0":"post-15571","1":"product","2":"type-product","3":"status-publish","4":"has-post-thumbnail","6":"product_brand-staviori","7":"product_cat-brylanty-exclusive","8":"product_cat-obraczki","9":"product_cat-pierscionki-brylanty-exclusive","10":"product_cat-pierscionki","11":"product_tag-brylant","12":"product_tag-ddr1808","13":"product_tag-diamantovy-prsten","14":"product_tag-diamantring","15":"product_tag-diament","16":"product_tag-diamond-ring","17":"product_tag-engagement-ring","18":"product_tag-gold-ring","19":"product_tag-pierscionek-zareczynowy","20":"product_tag-pzd3948","21":"product_tag-verlobungsring","22":"product_tag-zasnubni-prsten","23":"product_tag-zlota-bizuteria","24":"product_tag-zloty-pierscionek","25":"product_tag-zolte-zloto-750","26":"pa_barwa-g-h","27":"pa_czystosc-si1","28":"pa_dostawca-draco","29":"pa_kamien-brylanty","30":"pa_kolor-zolte","31":"pa_kruszec-zloto","32":"pa_proba-0-750","33":"pa_szerokosc-2-4-0-6mm","34":"pa_waga-130g","35":"pa_wysokosc-2-1mm","37":"first","38":"onbackorder","39":"purchasable","40":"product-type-simple"},"aioseo_notices":[],"_links":{"self":[{"href":"https:\/\/staviori.com.pl\/en\/wp-json\/wp\/v2\/product\/15571","targetHints":{"allow":["GET"]}}],"collection":[{"href":"https:\/\/staviori.com.pl\/en\/wp-json\/wp\/v2\/product"}],"about":[{"href":"https:\/\/staviori.com.pl\/en\/wp-json\/wp\/v2\/types\/product"}],"replies":[{"embeddable":true,"href":"https:\/\/staviori.com.pl\/en\/wp-json\/wp\/v2\/comments?post=15571"}],"wp:featuredmedia":[{"embeddable":true,"href":"https:\/\/staviori.com.pl\/en\/wp-json\/wp\/v2\/media\/7089"}],"wp:attachment":[{"href":"https:\/\/staviori.com.pl\/en\/wp-json\/wp\/v2\/media?parent=15571"}],"wp:term":[{"taxonomy":"product_brand","embeddable":true,"href":"https:\/\/staviori.com.pl\/en\/wp-json\/wp\/v2\/product_brand?post=15571"},{"taxonomy":"product_cat","embeddable":true,"href":"https:\/\/staviori.com.pl\/en\/wp-json\/wp\/v2\/product_cat?post=15571"},{"taxonomy":"product_tag","embeddable":true,"href":"https:\/\/staviori.com.pl\/en\/wp-json\/wp\/v2\/product_tag?post=15571"}],"curies":[{"name":"wp","href":"https:\/\/api.w.org\/{rel}","templated":true}]}}