{"id":15570,"date":"2025-02-24T22:49:11","date_gmt":"2025-02-24T21:49:11","guid":{"rendered":"https:\/\/staviori.com.pl\/product\/bizuteria-inwestycyjna-pierscionek-pzd3945\/"},"modified":"2026-02-11T00:09:19","modified_gmt":"2026-02-10T23:09:19","slug":"bizuteria-inwestycyjna-pierscionek-pzd3945","status":"publish","type":"product","link":"https:\/\/staviori.com.pl\/en\/product\/bizuteria-inwestycyjna-pierscionek-pzd3945\/","title":{"rendered":"Exclusive | ring with diamonds in 18-carat gold"},"content":{"rendered":"<p>Model: PZD3945<br \/>\nWeight approx. 1.50g<\/p>\n<p>Ring.<br \/>\nYellow Gold 0.750.<br \/>\n8 Diament\u00f3w, szlif brylantowy, o masie 0,33ct, barwa G-H, czysto\u015b\u0107 SI1.<\/p>\n<p>Szeroko\u015b\u0107 3-0.85 mm.<br \/>\nWysoko\u015b\u0107 2.4 mm.<\/p>\n<p>The stone weight and price quoted are for size 13.<br \/>\nProduct in any size, available on request only, lead time approx. 5 weeks.<\/p>","protected":false},"excerpt":{"rendered":"<p>A subtle yet dazzling ring made from 18ct yellow gold. Eight sparkling diamonds weighing a total of 0.33 ct adorn the entire ring, creating an effect of uninterrupted brilliance. The perfect harmony of simplicity and elegance makes this ring perfect both as a symbol of love and as a unique addition to everyday styling.<\/p>","protected":false},"featured_media":7087,"comment_status":"closed","ping_status":"closed","template":"","meta":{"om_disable_all_campaigns":false},"product_brand":[2284],"product_cat":[1803,6741,801],"product_tag":[2338,6746,2798,4993,4928,6076,5595,4708,6728,5018,2522],"class_list":{"0":"post-15570","1":"product","2":"type-product","3":"status-publish","4":"has-post-thumbnail","6":"product_brand-staviori","7":"product_cat-brylanty-exclusive","8":"product_cat-pierscionki-brylanty-exclusive","9":"product_cat-pierscionki","10":"product_tag-18k","11":"product_tag-anillo-de-diamantes","12":"product_tag-bizuteria-staviori","13":"product_tag-diamentowy-pierscionek","14":"product_tag-diamond-ring","15":"product_tag-gold-750","16":"product_tag-gold-jewelry","17":"product_tag-pierscionek-z-diamentami","18":"product_tag-zlaty-prsten","19":"product_tag-zloty-pierscionek","20":"product_tag-zolte-zloto","21":"pa_barwa-g-h","22":"pa_czystosc-si1","23":"pa_kamien-brylanty","24":"pa_kolor-zolte","25":"pa_kruszec-zloto","26":"pa_proba-0-750","27":"pa_szerokosc-3-0-85mm","28":"pa_waga-150g","29":"pa_wysokosc-2-4mm","31":"first","32":"onbackorder","33":"purchasable","34":"product-type-simple"},"aioseo_notices":[],"_links":{"self":[{"href":"https:\/\/staviori.com.pl\/en\/wp-json\/wp\/v2\/product\/15570","targetHints":{"allow":["GET"]}}],"collection":[{"href":"https:\/\/staviori.com.pl\/en\/wp-json\/wp\/v2\/product"}],"about":[{"href":"https:\/\/staviori.com.pl\/en\/wp-json\/wp\/v2\/types\/product"}],"replies":[{"embeddable":true,"href":"https:\/\/staviori.com.pl\/en\/wp-json\/wp\/v2\/comments?post=15570"}],"wp:featuredmedia":[{"embeddable":true,"href":"https:\/\/staviori.com.pl\/en\/wp-json\/wp\/v2\/media\/7087"}],"wp:attachment":[{"href":"https:\/\/staviori.com.pl\/en\/wp-json\/wp\/v2\/media?parent=15570"}],"wp:term":[{"taxonomy":"product_brand","embeddable":true,"href":"https:\/\/staviori.com.pl\/en\/wp-json\/wp\/v2\/product_brand?post=15570"},{"taxonomy":"product_cat","embeddable":true,"href":"https:\/\/staviori.com.pl\/en\/wp-json\/wp\/v2\/product_cat?post=15570"},{"taxonomy":"product_tag","embeddable":true,"href":"https:\/\/staviori.com.pl\/en\/wp-json\/wp\/v2\/product_tag?post=15570"}],"curies":[{"name":"wp","href":"https:\/\/api.w.org\/{rel}","templated":true}]}}