{"id":15561,"date":"2025-02-24T22:49:11","date_gmt":"2025-02-24T21:49:11","guid":{"rendered":"https:\/\/staviori.com.pl\/product\/bizuteria-inwestycyjna-pierscionek-pzd1803\/"},"modified":"2026-02-11T00:09:19","modified_gmt":"2026-02-10T23:09:19","slug":"bizuteria-inwestycyjna-pierscionek-pzd1803","status":"publish","type":"product","link":"https:\/\/staviori.com.pl\/en\/product\/bizuteria-inwestycyjna-pierscionek-pzd1803\/","title":{"rendered":"Exclusive | 18 carat gold ring with agate and diamonds"},"content":{"rendered":"<p>Model: DSR0597<br \/>\nWeight approx. 4.50g<\/p>\n<p>Ring.<br \/>\nYellow Gold 0.750.<br \/>\n108 Diament\u00f3w, szlif brylantowy, o masie 1,05ct, barwa G-H, czysto\u015b\u0107 SI1.<br \/>\nWhite agate<\/p>\n<p>\u015arednica korony ok. 19&#215;20 mm.<br \/>\n6 mm wide.<br \/>\nSzeroko\u015b\u0107 obr\u0105czki ok. 3-8 mm.<\/p>\n<p>Product in any size and gold colour - available on request only, lead time approx. 5 weeks.<\/p>","protected":false},"excerpt":{"rendered":"<p>An exceptional ring made of 0.750 yellow gold, which delights with its original form and richness of details. The central motif in the shape of intertwining links is adorned with white agate, highlighted by the brilliance of 108 diamonds weighing a total of 1.05 ct. The subtle combination of gold, gemstones and natural mineral creates an extremely luxurious and modern design, ideal for women who value elegance and individual style.<\/p>","protected":false},"featured_media":7029,"comment_status":"closed","ping_status":"closed","template":"","meta":{"om_disable_all_campaigns":false},"product_brand":[2284],"product_cat":[1803,6741,801],"product_tag":[4238,4754,5077,3751,4928,5566,5569,4713,3747,5218,4708,5565,3724,5560,5567,5556,5568,2610],"class_list":{"0":"post-15561","1":"product","2":"type-product","3":"status-publish","4":"has-post-thumbnail","6":"product_brand-staviori","7":"product_cat-brylanty-exclusive","8":"product_cat-pierscionki-brylanty-exclusive","9":"product_cat-pierscionki","10":"product_tag-achat","11":"product_tag-designerski-pierscionek","12":"product_tag-diamant","13":"product_tag-diamanty","14":"product_tag-diamond-ring","15":"product_tag-dsr0597","16":"product_tag-gelbgold-750","17":"product_tag-luksusowy-pierscionek","18":"product_tag-luxury-jewelry","19":"product_tag-pierscionek-z-agatem","20":"product_tag-pierscionek-z-diamentami","21":"product_tag-pzd1803","22":"product_tag-staviori","23":"product_tag-verlobungsring","24":"product_tag-white-agate","25":"product_tag-yellow-gold-ring","26":"product_tag-zasnubni-prsten-se-zlatem","27":"product_tag-zolte-zloto-750","28":"pa_barwa-g-h","29":"pa_czystosc-si1","30":"pa_dostawca-draco","31":"pa_kamien-agat-bialy","32":"pa_kamien-brylanty","33":"pa_kolor-biale","34":"pa_kolor-rozowe","35":"pa_kolor-zolte","36":"pa_kruszec-zloto","37":"pa_proba-0-750","38":"pa_srednica-korony-ok-19x20mm","39":"pa_szerokosc-6mm","40":"pa_waga-450g","42":"first","43":"onbackorder","44":"purchasable","45":"product-type-simple"},"aioseo_notices":[],"_links":{"self":[{"href":"https:\/\/staviori.com.pl\/en\/wp-json\/wp\/v2\/product\/15561","targetHints":{"allow":["GET"]}}],"collection":[{"href":"https:\/\/staviori.com.pl\/en\/wp-json\/wp\/v2\/product"}],"about":[{"href":"https:\/\/staviori.com.pl\/en\/wp-json\/wp\/v2\/types\/product"}],"replies":[{"embeddable":true,"href":"https:\/\/staviori.com.pl\/en\/wp-json\/wp\/v2\/comments?post=15561"}],"wp:featuredmedia":[{"embeddable":true,"href":"https:\/\/staviori.com.pl\/en\/wp-json\/wp\/v2\/media\/7029"}],"wp:attachment":[{"href":"https:\/\/staviori.com.pl\/en\/wp-json\/wp\/v2\/media?parent=15561"}],"wp:term":[{"taxonomy":"product_brand","embeddable":true,"href":"https:\/\/staviori.com.pl\/en\/wp-json\/wp\/v2\/product_brand?post=15561"},{"taxonomy":"product_cat","embeddable":true,"href":"https:\/\/staviori.com.pl\/en\/wp-json\/wp\/v2\/product_cat?post=15561"},{"taxonomy":"product_tag","embeddable":true,"href":"https:\/\/staviori.com.pl\/en\/wp-json\/wp\/v2\/product_tag?post=15561"}],"curies":[{"name":"wp","href":"https:\/\/api.w.org\/{rel}","templated":true}]}}