{"id":15548,"date":"2025-02-24T22:49:06","date_gmt":"2025-02-24T21:49:06","guid":{"rendered":"https:\/\/staviori.com.pl\/product\/pierscionek-z-diamentem-pzd1170\/"},"modified":"2026-02-11T00:09:53","modified_gmt":"2026-02-10T23:09:53","slug":"pierscionek-z-diamentem-pzd1170","status":"publish","type":"product","link":"https:\/\/staviori.com.pl\/en\/product\/pierscionek-z-diamentem-pzd1170\/","title":{"rendered":"flower ring with rubies and diamonds"},"content":{"rendered":"<p>Model: PZD1170<br \/>\nWeight approx. 1.75g<\/p>\n<p>Ring.<br \/>\nYellow gold 0.585.<br \/>\n1 Diamond, brilliant cut, weighing 0.005ct, colour H, purity I1.<br \/>\n6 Rubin\u00f3w, o masie 0,20ct.<\/p>\n<p>Crown diameter approx. 7 mm.<br \/>\nWysoko\u015b\u0107 3.1 mm.<br \/>\nSzeroko\u015b\u0107 obr\u0105czki ok. 1.65 mm.<\/p>\n<p>Only some sizes available - please ask<br \/>\nDost\u0119pny wisiorek i kolczyki do kompletu.<\/p>","protected":false},"excerpt":{"rendered":"<p>Uroczy pier\u015bcionek z \u017c\u00f3\u0142tego z\u0142ota 14k, kt\u00f3rego delikatna forma zachwyca subtelnym blaskiem. W centrum kompozycji znajduje si\u0119 male\u0144ki diament, otoczony sze\u015bcioma rubinami w kszta\u0142cie kwiatu, kt\u00f3re nadaj\u0105 ca\u0142o\u015bci wyj\u0105tkowego uroku i romantycznego charakteru. To idealna bi\u017cuteria dla kobiet ceni\u0105cych klasyczn\u0105 elegancj\u0119 po\u0142\u0105czon\u0105 z nut\u0105 koloru.<\/p>\n<p>Dost\u0119pne tylko niekt\u00f3re rozmiary &#8211; prosimy pyta\u0107 w przypadku ch\u0119ci zam\u00f3wienia innego.<\/p>","protected":false},"featured_media":6897,"comment_status":"closed","ping_status":"closed","template":"","meta":{"om_disable_all_campaigns":false},"product_brand":[2284],"product_cat":[1838,2182,801],"product_tag":[2288,4711,4686,4770,5257,5535,2642],"class_list":{"0":"post-15548","1":"product","2":"type-product","3":"status-publish","4":"has-post-thumbnail","6":"product_brand-staviori","7":"product_cat-diamenty","8":"product_cat-pierscionek-z-diamentem","9":"product_cat-pierscionki","10":"product_tag-bizuteria-z-rubinami","11":"product_tag-pierscionek-kwiat","12":"product_tag-pierscionek-z-diamentem","13":"product_tag-pierscionek-z-rubinami","14":"product_tag-pierscionek-zloty","15":"product_tag-pzd1170","16":"product_tag-zlota-bizuteria-damska","17":"pa_barwa-h-2","18":"pa_czystosc-i1","19":"pa_dostawca-estrella","20":"pa_kamien-diament","21":"pa_kamien-rubiny","22":"pa_kolor-zolte","23":"pa_kruszec-zloto","24":"pa_motyw-kwiatek","25":"pa_proba-0-585","26":"pa_rozmiar-4355","27":"pa_rozmiar-2351","28":"pa_rozmiar-2352","29":"pa_rozmiar-2353","30":"pa_rozmiar-2354","31":"pa_rozmiar-2355","32":"pa_rozmiar-2356","33":"pa_rozmiar-2357","34":"pa_rozmiar-2358","35":"pa_srednica-korony-ok-7mm","36":"pa_waga-175g","37":"pa_wysokosc-3-1mm","39":"first","40":"instock","41":"purchasable","42":"product-type-variable"},"aioseo_notices":[],"_links":{"self":[{"href":"https:\/\/staviori.com.pl\/en\/wp-json\/wp\/v2\/product\/15548","targetHints":{"allow":["GET"]}}],"collection":[{"href":"https:\/\/staviori.com.pl\/en\/wp-json\/wp\/v2\/product"}],"about":[{"href":"https:\/\/staviori.com.pl\/en\/wp-json\/wp\/v2\/types\/product"}],"replies":[{"embeddable":true,"href":"https:\/\/staviori.com.pl\/en\/wp-json\/wp\/v2\/comments?post=15548"}],"wp:featuredmedia":[{"embeddable":true,"href":"https:\/\/staviori.com.pl\/en\/wp-json\/wp\/v2\/media\/6897"}],"wp:attachment":[{"href":"https:\/\/staviori.com.pl\/en\/wp-json\/wp\/v2\/media?parent=15548"}],"wp:term":[{"taxonomy":"product_brand","embeddable":true,"href":"https:\/\/staviori.com.pl\/en\/wp-json\/wp\/v2\/product_brand?post=15548"},{"taxonomy":"product_cat","embeddable":true,"href":"https:\/\/staviori.com.pl\/en\/wp-json\/wp\/v2\/product_cat?post=15548"},{"taxonomy":"product_tag","embeddable":true,"href":"https:\/\/staviori.com.pl\/en\/wp-json\/wp\/v2\/product_tag?post=15548"}],"curies":[{"name":"wp","href":"https:\/\/api.w.org\/{rel}","templated":true}]}}