{"id":15528,"date":"2025-02-24T22:49:06","date_gmt":"2025-02-24T21:49:06","guid":{"rendered":"https:\/\/staviori.com.pl\/product\/zloty-pierscionek-pzc6602\/"},"modified":"2026-02-11T00:09:18","modified_gmt":"2026-02-10T23:09:18","slug":"zloty-pierscionek-pzc6602","status":"publish","type":"product","link":"https:\/\/staviori.com.pl\/en\/product\/zloty-pierscionek-pzc6602\/","title":{"rendered":"Ring with ametrine and diamonds PZC6602"},"content":{"rendered":"<p>Model: PZC6602<br \/>\nWeight approx. 2.75g<\/p>\n<p>Ring.<br \/>\nYellow gold 0.585.<br \/>\n1 Ametryn, o masie 3,06ct.<br \/>\n6 Diament\u00f3w, szlif brylantowy, o masie 0,11ct, barwa H, czysto\u015b\u0107 I1-I2.<\/p>\n<p>Only some sizes available - please ask<br \/>\nDost\u0119pne na zam\u00f3wienie w terminie oko\u0142o 1 tygodnia.<\/p>","protected":false},"excerpt":{"rendered":"<p>Zjawiskowy pier\u015bcionek z \u017c\u00f3\u0142tego z\u0142ota 14k, ozdobiony wyj\u0105tkowym ametrynem o masie 3,06 ct w szlifie prostok\u0105tnym. Unikalne po\u0142\u0105czenie fioletu i \u017c\u00f3\u0142ci w kamieniu tworzy fascynuj\u0105c\u0105 gr\u0119 barw, dodatkowo podkre\u015blon\u0105 blaskiem sze\u015bciu brylant\u00f3w. To luksusowa bi\u017cuteria, kt\u00f3ra zachwyca elegancj\u0105 i oryginalnym charakterem \u2013 idealna na specjalne okazje.<\/p>","protected":false},"featured_media":15529,"comment_status":"closed","ping_status":"closed","template":"","meta":{"om_disable_all_campaigns":false},"product_brand":[2284,2350],"product_cat":[801,1930,2204],"product_tag":[4672,2280,5526,4708,5524,5018,2599],"class_list":{"0":"post-15528","1":"product","2":"type-product","3":"status-publish","4":"has-post-thumbnail","6":"product_brand-staviori","7":"product_brand-verona","8":"product_cat-pierscionki","9":"product_cat-zloto-2","10":"product_cat-zloty-pierscionek","11":"product_tag-elegancki-pierscionek","12":"product_tag-luksusowa-bizuteria","13":"product_tag-pierscionek-z-ametrynem","14":"product_tag-pierscionek-z-diamentami","15":"product_tag-pierscionek-z-kamieniem-szlachetnym","16":"product_tag-zloty-pierscionek","17":"product_tag-zolte-zloto-585","18":"pa_kamien-diamenty","19":"pa_kamien-ametryn","20":"pa_kolor-zolte","21":"pa_kruszec-zloto","22":"pa_proba-0-585","23":"pa_rozmiar-2352","24":"pa_rozmiar-2353","25":"pa_rozmiar-2354","26":"pa_rozmiar-2355","27":"pa_rozmiar-2356","28":"pa_rozmiar-2357","29":"pa_rozmiar-2358","30":"pa_waga-275g","32":"first","33":"instock","34":"purchasable","35":"product-type-simple"},"aioseo_notices":[],"_links":{"self":[{"href":"https:\/\/staviori.com.pl\/en\/wp-json\/wp\/v2\/product\/15528","targetHints":{"allow":["GET"]}}],"collection":[{"href":"https:\/\/staviori.com.pl\/en\/wp-json\/wp\/v2\/product"}],"about":[{"href":"https:\/\/staviori.com.pl\/en\/wp-json\/wp\/v2\/types\/product"}],"replies":[{"embeddable":true,"href":"https:\/\/staviori.com.pl\/en\/wp-json\/wp\/v2\/comments?post=15528"}],"wp:featuredmedia":[{"embeddable":true,"href":"https:\/\/staviori.com.pl\/en\/wp-json\/wp\/v2\/media\/15529"}],"wp:attachment":[{"href":"https:\/\/staviori.com.pl\/en\/wp-json\/wp\/v2\/media?parent=15528"}],"wp:term":[{"taxonomy":"product_brand","embeddable":true,"href":"https:\/\/staviori.com.pl\/en\/wp-json\/wp\/v2\/product_brand?post=15528"},{"taxonomy":"product_cat","embeddable":true,"href":"https:\/\/staviori.com.pl\/en\/wp-json\/wp\/v2\/product_cat?post=15528"},{"taxonomy":"product_tag","embeddable":true,"href":"https:\/\/staviori.com.pl\/en\/wp-json\/wp\/v2\/product_tag?post=15528"}],"curies":[{"name":"wp","href":"https:\/\/api.w.org\/{rel}","templated":true}]}}