{"id":15433,"date":"2025-02-24T22:48:53","date_gmt":"2025-02-24T21:48:53","guid":{"rendered":"https:\/\/staviori.com.pl\/product\/bizuteria-inwestycyjna-pierscionek-pxd4041\/"},"modified":"2026-02-11T00:09:16","modified_gmt":"2026-02-10T23:09:16","slug":"bizuteria-inwestycyjna-pierscionek-pxd4041","status":"publish","type":"product","link":"https:\/\/staviori.com.pl\/en\/product\/bizuteria-inwestycyjna-pierscionek-pxd4041\/","title":{"rendered":"Exclusive | trio of rings with diamonds in 18 carat gold in any colour"},"content":{"rendered":"<p>Model: DDR1926<br \/>\nWaga ok. 5,10g<\/p>\n<p>Ring.<br \/>\nYellow, White, Rose Gold 0.750.<br \/>\n175 Diament\u00f3w, szlif brylantowy, o masie ok 1,56ct, barwa G-H, czysto\u015b\u0107 SI1.<\/p>\n<p>Szeroko\u015b\u0107 8.5 mm.<br \/>\nGrubo\u015b\u0107 2.7 mm.<\/p>\n<p>The stone weight and price quoted are for size 13.<\/p>\n<p>Ca\u0142o\u015b\u0107 stanowi\u0105 3 osobne pier\u015bcionki.<br \/>\nProdukt w dowolnym rozmiarze i kolorze z\u0142ota dost\u0119pny wy\u0142\u0105cznie na zam\u00f3wienie, czas realizacji ok. 5 tygodnie.<\/p>","protected":false},"excerpt":{"rendered":"<p>An exceptional set of three rings made of yellow, white and rose gold 0.750, which captivates with the subtle brilliance of up to 175 diamonds with a total weight of 1.56 ct. Each ring forms an integral part of an elegant composition that can be worn together or separately - depending on the occasion and style. The luxurious form, top-class stones and craftsmanship make this set an excellent choice for women who appreciate jewellery with a unique character.<\/p>","protected":false},"featured_media":20439,"comment_status":"closed","ping_status":"closed","template":"","meta":{"om_disable_all_campaigns":false},"product_brand":[2284],"product_cat":[1803,801,6741],"product_tag":[2311,5472,5473,4767,4708,5471,2341],"class_list":{"0":"post-15433","1":"product","2":"type-product","3":"status-publish","4":"has-post-thumbnail","6":"product_brand-staviori","7":"product_cat-brylanty-exclusive","8":"product_cat-pierscionki","9":"product_cat-pierscionki-brylanty-exclusive","10":"product_tag-bizuteria-luksusowa","11":"product_tag-komplet-pierscionkow","12":"product_tag-pierscionek-z","13":"product_tag-pierscionek-z-bialego-zlota","14":"product_tag-pierscionek-z-diamentami","15":"product_tag-pxd4041","16":"product_tag-zloto-750","17":"pa_barwa-g-h","18":"pa_czystosc-si1","19":"pa_dostawca-draco","20":"pa_grubosc-2-7mm","21":"pa_kamien-brylanty","22":"pa_kolor-biale","23":"pa_kolor-rozowe","24":"pa_kolor-zolte","25":"pa_kruszec-zloto","26":"pa_proba-0-750","27":"pa_szerokosc-8-5mm","28":"pa_waga-490g","30":"first","31":"onbackorder","32":"purchasable","33":"product-type-simple"},"aioseo_notices":[],"_links":{"self":[{"href":"https:\/\/staviori.com.pl\/en\/wp-json\/wp\/v2\/product\/15433","targetHints":{"allow":["GET"]}}],"collection":[{"href":"https:\/\/staviori.com.pl\/en\/wp-json\/wp\/v2\/product"}],"about":[{"href":"https:\/\/staviori.com.pl\/en\/wp-json\/wp\/v2\/types\/product"}],"replies":[{"embeddable":true,"href":"https:\/\/staviori.com.pl\/en\/wp-json\/wp\/v2\/comments?post=15433"}],"wp:featuredmedia":[{"embeddable":true,"href":"https:\/\/staviori.com.pl\/en\/wp-json\/wp\/v2\/media\/20439"}],"wp:attachment":[{"href":"https:\/\/staviori.com.pl\/en\/wp-json\/wp\/v2\/media?parent=15433"}],"wp:term":[{"taxonomy":"product_brand","embeddable":true,"href":"https:\/\/staviori.com.pl\/en\/wp-json\/wp\/v2\/product_brand?post=15433"},{"taxonomy":"product_cat","embeddable":true,"href":"https:\/\/staviori.com.pl\/en\/wp-json\/wp\/v2\/product_cat?post=15433"},{"taxonomy":"product_tag","embeddable":true,"href":"https:\/\/staviori.com.pl\/en\/wp-json\/wp\/v2\/product_tag?post=15433"}],"curies":[{"name":"wp","href":"https:\/\/api.w.org\/{rel}","templated":true}]}}