{"id":15421,"date":"2025-02-24T22:48:53","date_gmt":"2025-02-24T21:48:53","guid":{"rendered":"https:\/\/staviori.com.pl\/product\/pierscionek-z-diamentem-pxd3605\/"},"modified":"2026-02-11T00:09:51","modified_gmt":"2026-02-10T23:09:51","slug":"pierscionek-z-diamentem-pxd3605","status":"publish","type":"product","link":"https:\/\/staviori.com.pl\/en\/product\/pierscionek-z-diamentem-pxd3605\/","title":{"rendered":"Diamond ring in white gold and with a pink heart"},"content":{"rendered":"<p>Model: PBD3605<br \/>\nWeight approx. 4.30g<\/p>\n<p>Ring.<br \/>\nWhite, Rose Gold 0.585.<br \/>\n29 Diament\u00f3w, szlif brylantowy, o masie 0,11ct, barwa H, czysto\u015b\u0107 I1.<\/p>\n<p>Szeroko\u015b\u0107 7 mm.<\/p>\n<p>Engagement ring<\/p>\n<p>Only some sizes available - please ask<br \/>\nInne rozmiary tylko na zam\u00f3wienie.<\/p>","protected":false},"excerpt":{"rendered":"<p>Romantyczny pier\u015bcionek zar\u0119czynowy wykonany z po\u0142\u0105czenia bia\u0142ego i r\u00f3\u017cowego z\u0142ota, zachwyca subtelnym motywem serca. L\u015bni\u0105ce brylanty osadzone w formie finezyjnej wst\u0119gi nadaj\u0105 mu wyj\u0105tkowego blasku i elegancji. Serce z r\u00f3\u017cowego z\u0142ota symbolizuje mi\u0142o\u015b\u0107 i czu\u0142o\u015b\u0107, tworz\u0105c niezwykle kobiec\u0105 i delikatn\u0105 kompozycj\u0119. Idealny wyb\u00f3r dla os\u00f3b szukaj\u0105cych pier\u015bcionka z nut\u0105 nowoczesnego romantyzmu.<\/p>","protected":false},"featured_media":20459,"comment_status":"closed","ping_status":"closed","template":"","meta":{"om_disable_all_campaigns":false},"product_brand":[2284],"product_cat":[1838,2182,801],"product_tag":[2556,4352,5480,5440,4708,5482,4668,5481,4687,5018],"class_list":{"0":"post-15421","1":"product","2":"type-product","3":"status-publish","4":"has-post-thumbnail","6":"product_brand-staviori","7":"product_cat-diamenty","8":"product_cat-pierscionek-z-diamentem","9":"product_cat-pierscionki","10":"product_tag-biale-i-rozowe-zloto","11":"product_tag-bizuteria-slubna","12":"product_tag-pbd3605","13":"product_tag-pierscionek-na-prezent","14":"product_tag-pierscionek-z-diamentami","15":"product_tag-pierscionek-z-sercem","16":"product_tag-pierscionek-zareczynowy","17":"product_tag-pxd3605","18":"product_tag-romantyczny-pierscionek","19":"product_tag-zloty-pierscionek","20":"pa_barwa-h-2","21":"pa_czystosc-i1","22":"pa_dostawca-estrella","23":"pa_kamien-diamenty","24":"pa_kolor-biale","25":"pa_kolor-rozowe","26":"pa_kruszec-zloto","27":"pa_motyw-serce","28":"pa_proba-0-585","29":"pa_rozmiar-2353","30":"pa_rozmiar-inne-rozmiary","31":"pa_szerokosc-7mm","32":"pa_waga-430g","34":"first","35":"instock","36":"purchasable","37":"product-type-variable","38":"has-default-attributes"},"aioseo_notices":[],"_links":{"self":[{"href":"https:\/\/staviori.com.pl\/en\/wp-json\/wp\/v2\/product\/15421","targetHints":{"allow":["GET"]}}],"collection":[{"href":"https:\/\/staviori.com.pl\/en\/wp-json\/wp\/v2\/product"}],"about":[{"href":"https:\/\/staviori.com.pl\/en\/wp-json\/wp\/v2\/types\/product"}],"replies":[{"embeddable":true,"href":"https:\/\/staviori.com.pl\/en\/wp-json\/wp\/v2\/comments?post=15421"}],"wp:featuredmedia":[{"embeddable":true,"href":"https:\/\/staviori.com.pl\/en\/wp-json\/wp\/v2\/media\/20459"}],"wp:attachment":[{"href":"https:\/\/staviori.com.pl\/en\/wp-json\/wp\/v2\/media?parent=15421"}],"wp:term":[{"taxonomy":"product_brand","embeddable":true,"href":"https:\/\/staviori.com.pl\/en\/wp-json\/wp\/v2\/product_brand?post=15421"},{"taxonomy":"product_cat","embeddable":true,"href":"https:\/\/staviori.com.pl\/en\/wp-json\/wp\/v2\/product_cat?post=15421"},{"taxonomy":"product_tag","embeddable":true,"href":"https:\/\/staviori.com.pl\/en\/wp-json\/wp\/v2\/product_tag?post=15421"}],"curies":[{"name":"wp","href":"https:\/\/api.w.org\/{rel}","templated":true}]}}