{"id":15418,"date":"2025-02-24T22:48:53","date_gmt":"2025-02-24T21:48:53","guid":{"rendered":"https:\/\/staviori.com.pl\/product\/bizuteria-inwestycyjna-pierscionek-pxd3526\/"},"modified":"2026-02-11T00:09:16","modified_gmt":"2026-02-10T23:09:16","slug":"bizuteria-inwestycyjna-pierscionek-pxd3526","status":"publish","type":"product","link":"https:\/\/staviori.com.pl\/en\/product\/bizuteria-inwestycyjna-pierscionek-pxd3526\/","title":{"rendered":"Exclusive | beautiful rose and white gold 750 ring with diamonds"},"content":{"rendered":"<p>Model: DDR1304R<br \/>\nWeight approx. 9.50g<\/p>\n<p>Ring.<br \/>\nR\u00f3\u017cowe i Bia\u0142e Z\u0142oto 0,750.<br \/>\n73 Diamonds, brilliant cut, weight approx. 0.94ct, colour G-H, clarity SI1.<\/p>\n<p>Width of the ring approx. 7-11 mm.<br \/>\nHeight 4 mm.<\/p>\n<p>Product in any size, available on request only, lead time approx. 5 weeks.<\/p>","protected":false},"excerpt":{"rendered":"<p>A dazzling ring crafted in rose and white 0.750 gold, it impresses with its modern form and luxurious finish. As many as 73 diamonds weighing a total of 0.94ct create spectacular brilliance, wrapping harmoniously around each band of the ring. The dynamic lines, the contrast effect of the gold and the subtle sparkle of the stones make this model a true work of jewellery art. The perfect choice for the woman who loves expressive elegance and exceptional design.<\/p>","protected":false},"featured_media":20472,"comment_status":"closed","ping_status":"closed","template":"","meta":{"om_disable_all_campaigns":false},"product_brand":[2284],"product_cat":[1803,801,6741],"product_tag":[5483],"class_list":{"0":"post-15418","1":"product","2":"type-product","3":"status-publish","4":"has-post-thumbnail","6":"product_brand-staviori","7":"product_cat-brylanty-exclusive","8":"product_cat-pierscionki","9":"product_cat-pierscionki-brylanty-exclusive","10":"product_tag-ddr1304r","11":"pa_barwa-g-h","12":"pa_czystosc-si1","13":"pa_dostawca-draco","14":"pa_kamien-diamenty","15":"pa_kolor-biale","16":"pa_kolor-rozowe","17":"pa_kruszec-zloto","18":"pa_proba-0-750","19":"pa_szerokosc-obraczki-ok-7-11mm","20":"pa_waga-950g","21":"pa_wysokosc-4mm","23":"first","24":"onbackorder","25":"purchasable","26":"product-type-simple"},"aioseo_notices":[],"_links":{"self":[{"href":"https:\/\/staviori.com.pl\/en\/wp-json\/wp\/v2\/product\/15418","targetHints":{"allow":["GET"]}}],"collection":[{"href":"https:\/\/staviori.com.pl\/en\/wp-json\/wp\/v2\/product"}],"about":[{"href":"https:\/\/staviori.com.pl\/en\/wp-json\/wp\/v2\/types\/product"}],"replies":[{"embeddable":true,"href":"https:\/\/staviori.com.pl\/en\/wp-json\/wp\/v2\/comments?post=15418"}],"wp:featuredmedia":[{"embeddable":true,"href":"https:\/\/staviori.com.pl\/en\/wp-json\/wp\/v2\/media\/20472"}],"wp:attachment":[{"href":"https:\/\/staviori.com.pl\/en\/wp-json\/wp\/v2\/media?parent=15418"}],"wp:term":[{"taxonomy":"product_brand","embeddable":true,"href":"https:\/\/staviori.com.pl\/en\/wp-json\/wp\/v2\/product_brand?post=15418"},{"taxonomy":"product_cat","embeddable":true,"href":"https:\/\/staviori.com.pl\/en\/wp-json\/wp\/v2\/product_cat?post=15418"},{"taxonomy":"product_tag","embeddable":true,"href":"https:\/\/staviori.com.pl\/en\/wp-json\/wp\/v2\/product_tag?post=15418"}],"curies":[{"name":"wp","href":"https:\/\/api.w.org\/{rel}","templated":true}]}}