{"id":15411,"date":"2025-02-24T22:48:48","date_gmt":"2025-02-24T21:48:48","guid":{"rendered":"https:\/\/staviori.com.pl\/product\/pierscionek-z-diamentem-pxd1943y\/"},"modified":"2026-02-11T00:09:16","modified_gmt":"2026-02-10T23:09:16","slug":"pierscionek-z-diamentem-pxd1943y","status":"publish","type":"product","link":"https:\/\/staviori.com.pl\/en\/product\/pierscionek-z-diamentem-pxd1943y\/","title":{"rendered":"engagement ring in two-tone gold with 0.15ct diamond"},"content":{"rendered":"<p>Model: PXD1943Y<br \/>\nWeight approx. 1.90g<\/p>\n<p>Ring.<br \/>\nYellow, White Gold 0.585.<br \/>\n1 Diamond, brilliant cut, weight 0.15ct, colour G, purity SI1.<\/p>\n<p>Szeroko\u015b\u0107 5.5-2 mm.<br \/>\nWysoko\u015b\u0107 3.5 mm.<\/p>\n<p>Available on individual order with any other Diamond.<br \/>\nEngagement ring<br \/>\nOnly some sizes available - please ask<\/p>\n<p>Klasyka w nieco mniej tradycyjnym uj\u0119ciu pier\u015bcionka zar\u0119czynowego, w kt\u00f3rym \u0142agodne, delikatnie faluj\u0105ce linie otulaj\u0105 szlachetne refleksy diamentu o brylantowym szlifie. Efekt ten wzmocniono po\u0142\u0105czeniem ol\u015bniewaj\u0105cego 14-karatowego bia\u0142ego z\u0142ota z ponadczasowym \u017c\u00f3\u0142tym. Zachwycaj\u0105cy urod\u0105 pier\u015bcionek zar\u0119czynowy dost\u0119pny jest w wersji w innych kolorach z\u0142ota oraz z brylantem o masie 0,10ct. i 0,25ct.<\/p>","protected":false},"excerpt":{"rendered":"<p>Phenomenal engagement ring made of a combination of white and yellow gold 0.585 is a proposal for women who appreciate the classics with a touch of modernity. Harmoniously intertwined lines of the ring subtly entwine a sparkling diamond weighing 0.15 ct, creating a romantic composition full of elegance and lightness. The brilliant cut of the stone gives it a unique sparkle that draws the eye in. The perfect choice for a special moment of declaration - timeless yet unconventional.<\/p>","protected":false},"featured_media":6432,"comment_status":"closed","ping_status":"closed","template":"","meta":{"om_disable_all_campaigns":false},"product_brand":[2284],"product_cat":[1838,6752,2182,801],"product_tag":[2383,5456,4123,3722,2603,4668,2291,5457,4682,5018],"class_list":{"0":"post-15411","1":"product","2":"type-product","3":"status-publish","4":"has-post-thumbnail","6":"product_brand-staviori","7":"product_cat-diamenty","8":"product_cat-kolekcja-staviori-must-have","9":"product_cat-pierscionek-z-diamentem","10":"product_cat-pierscionki","11":"product_tag-14k","12":"product_tag-biale-i-zolte-zloto","13":"product_tag-brylant","14":"product_tag-diament","15":"product_tag-klasyczna-bizuteria","16":"product_tag-pierscionek-zareczynowy","17":"product_tag-prezent-dla-niej","18":"product_tag-pxd1943y","19":"product_tag-zareczyny","20":"product_tag-zloty-pierscionek","21":"pa_barwa-g-2","22":"pa_czystosc-si1","23":"pa_kamien-brylant","24":"pa_kolor-biale","25":"pa_kolor-zolte","26":"pa_kruszec-zloto","27":"pa_masa-karatowa-015ct","28":"pa_proba-0-585","29":"pa_szerokosc-5-5-2mm","30":"pa_waga-190g","31":"pa_wysokosc-3-5mm","33":"first","34":"instock","35":"purchasable","36":"product-type-simple"},"aioseo_notices":[],"_links":{"self":[{"href":"https:\/\/staviori.com.pl\/en\/wp-json\/wp\/v2\/product\/15411","targetHints":{"allow":["GET"]}}],"collection":[{"href":"https:\/\/staviori.com.pl\/en\/wp-json\/wp\/v2\/product"}],"about":[{"href":"https:\/\/staviori.com.pl\/en\/wp-json\/wp\/v2\/types\/product"}],"replies":[{"embeddable":true,"href":"https:\/\/staviori.com.pl\/en\/wp-json\/wp\/v2\/comments?post=15411"}],"wp:featuredmedia":[{"embeddable":true,"href":"https:\/\/staviori.com.pl\/en\/wp-json\/wp\/v2\/media\/6432"}],"wp:attachment":[{"href":"https:\/\/staviori.com.pl\/en\/wp-json\/wp\/v2\/media?parent=15411"}],"wp:term":[{"taxonomy":"product_brand","embeddable":true,"href":"https:\/\/staviori.com.pl\/en\/wp-json\/wp\/v2\/product_brand?post=15411"},{"taxonomy":"product_cat","embeddable":true,"href":"https:\/\/staviori.com.pl\/en\/wp-json\/wp\/v2\/product_cat?post=15411"},{"taxonomy":"product_tag","embeddable":true,"href":"https:\/\/staviori.com.pl\/en\/wp-json\/wp\/v2\/product_tag?post=15411"}],"curies":[{"name":"wp","href":"https:\/\/api.w.org\/{rel}","templated":true}]}}