{"id":15410,"date":"2025-02-24T22:48:48","date_gmt":"2025-02-24T21:48:48","guid":{"rendered":"https:\/\/staviori.com.pl\/product\/pierscionek-z-diamentem-pxd1943r\/"},"modified":"2026-02-11T00:09:15","modified_gmt":"2026-02-10T23:09:15","slug":"pierscionek-z-diamentem-pxd1943r","status":"publish","type":"product","link":"https:\/\/staviori.com.pl\/en\/product\/pierscionek-z-diamentem-pxd1943r\/","title":{"rendered":"engagement ring in two-tone gold with 0.15ct diamond"},"content":{"rendered":"<p>Model: PXD1943R<br \/>\nWeight approx. 1.90g<\/p>\n<p>Ring.<br \/>\nWhite, Rose Gold 0.585.<br \/>\n1 Diamond, brilliant cut, weight 0.15ct, colour G, purity SI1.<\/p>\n<p>Szeroko\u015b\u0107 obr\u0105czki ok. 3.5-2.10 mm.<br \/>\nWysoko\u015b\u0107 2.2 mm.<br \/>\nCrown diameter approx. 4.5 mm.<\/p>\n<p>Available on individual order with any other Diamond.<br \/>\nEngagement ring<br \/>\nOnly some sizes available - please ask<\/p>\n<p>Klasyka w nieco mniej tradycyjnym uj\u0119ciu pier\u015bcionka zar\u0119czynowego, w kt\u00f3rym \u0142agodne, delikatnie faluj\u0105ce linie otulaj\u0105 szlachetne refleksy diamentu o brylantowym szlifie. Efekt ten wzmocniono niezwykle modnym po\u0142\u0105czeniem r\u00f3\u017cowego i bia\u0142ego z\u0142ota. Zachwycaj\u0105cy urod\u0105 pier\u015bcionek zar\u0119czynowy dost\u0119pny jest w wersji w innych kolorach z\u0142ota oraz z brylantem o masie 0,10 ct. i 0,25 ct.<\/p>","protected":false},"excerpt":{"rendered":"<p>Zachwycaj\u0105cy pier\u015bcionek zar\u0119czynowy wykonany z 14-karatowego bia\u0142ego i r\u00f3\u017cowego z\u0142ota to wyj\u0105tkowa propozycja dla kobiet ceni\u0105cych subteln\u0105 elegancj\u0119. Harmonijnie splecione linie obr\u0105czki otulaj\u0105 brylantowy diament o masie 0,15 ct, kt\u00f3ry l\u015bni czystym blaskiem. Po\u0142\u0105czenie r\u00f3\u017cowego i bia\u0142ego z\u0142ota nadaje ca\u0142o\u015bci nowoczesny, a zarazem romantyczny charakter. To bi\u017cuteria stworzona z my\u015bl\u0105 o magicznych chwilach \u2013 ponadczasowa, a jednocze\u015bnie pe\u0142na \u015bwie\u017co\u015bci i stylu.<\/p>","protected":false},"featured_media":6430,"comment_status":"closed","ping_status":"closed","template":"","meta":{"om_disable_all_campaigns":false},"product_brand":[2284],"product_cat":[1838,6752,2182,801],"product_tag":[2383,2308,4123,3722,2569,4668,2291,5458,2336,4682],"class_list":{"0":"post-15410","1":"product","2":"type-product","3":"status-publish","4":"has-post-thumbnail","6":"product_brand-staviori","7":"product_cat-diamenty","8":"product_cat-kolekcja-staviori-must-have","9":"product_cat-pierscionek-z-diamentem","10":"product_cat-pierscionki","11":"product_tag-14k","12":"product_tag-biale-zloto","13":"product_tag-brylant","14":"product_tag-diament","15":"product_tag-nowoczesna-bizuteria","16":"product_tag-pierscionek-zareczynowy","17":"product_tag-prezent-dla-niej","18":"product_tag-pxd1943r","19":"product_tag-rozowe-zloto","20":"product_tag-zareczyny","21":"pa_barwa-g-2","22":"pa_czystosc-si1","23":"pa_dostawca-draco","24":"pa_kamien-diament","25":"pa_kolor-biale","26":"pa_kolor-rozowe","27":"pa_kruszec-zloto","28":"pa_masa-karatowa-015ct","29":"pa_proba-0-585","30":"pa_szerokosc-obraczki-ok-3-5-2-10mm","31":"pa_waga-190g","32":"pa_wysokosc-2-2mm","34":"first","35":"instock","36":"purchasable","37":"product-type-simple"},"aioseo_notices":[],"_links":{"self":[{"href":"https:\/\/staviori.com.pl\/en\/wp-json\/wp\/v2\/product\/15410","targetHints":{"allow":["GET"]}}],"collection":[{"href":"https:\/\/staviori.com.pl\/en\/wp-json\/wp\/v2\/product"}],"about":[{"href":"https:\/\/staviori.com.pl\/en\/wp-json\/wp\/v2\/types\/product"}],"replies":[{"embeddable":true,"href":"https:\/\/staviori.com.pl\/en\/wp-json\/wp\/v2\/comments?post=15410"}],"wp:featuredmedia":[{"embeddable":true,"href":"https:\/\/staviori.com.pl\/en\/wp-json\/wp\/v2\/media\/6430"}],"wp:attachment":[{"href":"https:\/\/staviori.com.pl\/en\/wp-json\/wp\/v2\/media?parent=15410"}],"wp:term":[{"taxonomy":"product_brand","embeddable":true,"href":"https:\/\/staviori.com.pl\/en\/wp-json\/wp\/v2\/product_brand?post=15410"},{"taxonomy":"product_cat","embeddable":true,"href":"https:\/\/staviori.com.pl\/en\/wp-json\/wp\/v2\/product_cat?post=15410"},{"taxonomy":"product_tag","embeddable":true,"href":"https:\/\/staviori.com.pl\/en\/wp-json\/wp\/v2\/product_tag?post=15410"}],"curies":[{"name":"wp","href":"https:\/\/api.w.org\/{rel}","templated":true}]}}