{"id":15407,"date":"2025-02-24T22:48:48","date_gmt":"2025-02-24T21:48:48","guid":{"rendered":"https:\/\/staviori.com.pl\/product\/pierscionek-z-diamentem-pxd1929\/"},"modified":"2026-02-11T00:09:15","modified_gmt":"2026-02-10T23:09:15","slug":"pierscionek-z-diamentem-pxd1929","status":"publish","type":"product","link":"https:\/\/staviori.com.pl\/en\/product\/pierscionek-z-diamentem-pxd1929\/","title":{"rendered":"Exclusive | engagement ring with 0.15ct diamond in 750 gold"},"content":{"rendered":"<p>Model: PZD1929<br \/>\nWaga ok. 1,42g<\/p>\n<p>Ring.<br \/>\nYellow, White Gold 0.750.<br \/>\n1 Diament, szlif brylantowy, o masie 0,15ct, barwa G, czysto\u015b\u0107 SI.<\/p>\n<p>Crown diameter approx. 4 mm.<br \/>\n3 mm high.<br \/>\nWidth of the ring approx. 2 mm.<\/p>\n<p>Available on individual order with any other Diamond.<br \/>\nEngagement ring<\/p>\n<p>Only some sizes available - please ask<br \/>\nW przypadku braku rozmiaru &#8211; mo\u017cliwo\u015b\u0107 wykonania na zam\u00f3wienie w terminie 5 tygodni.<\/p>","protected":false},"excerpt":{"rendered":"<p>Elegancki pier\u015bcionek zar\u0119czynowy z \u017c\u00f3\u0142tego i bia\u0142ego z\u0142ota pr\u00f3by 0,750, ozdobiony subtelnym brylantem o masie 0,15 ct. Klasyczna forma z delikatnie profilowan\u0105 szyn\u0105 oraz korona z sze\u015bcioma \u0142apkami doskonale eksponuj\u0105 kamie\u0144, nadaj\u0105c ca\u0142o\u015bci szlachetnego charakteru. To idealna propozycja dla os\u00f3b ceni\u0105cych ponadczasowe pi\u0119kno i w\u0142osk\u0105 precyzj\u0119 wykonania.<\/p>","protected":false},"featured_media":6392,"comment_status":"closed","ping_status":"closed","template":"","meta":{"om_disable_all_campaigns":false},"product_brand":[2284],"product_cat":[1803,1838,2182,801],"product_tag":[4482,2308,5429,2317,4673,4668,5430,2341,2522],"class_list":{"0":"post-15407","1":"product","2":"type-product","3":"status-publish","4":"has-post-thumbnail","6":"product_brand-staviori","7":"product_cat-brylanty-exclusive","8":"product_cat-diamenty","9":"product_cat-pierscionek-z-diamentem","10":"product_cat-pierscionki","11":"product_tag-18-karatowe-zloto","12":"product_tag-biale-zloto","13":"product_tag-brylant-0-15ct","14":"product_tag-elegancka-bizuteria","15":"product_tag-klasyczny-pierscionek","16":"product_tag-pierscionek-zareczynowy","17":"product_tag-wloski-design","18":"product_tag-zloto-750","19":"product_tag-zolte-zloto","20":"pa_barwa-g-2","21":"pa_czystosc-si1-si2","22":"pa_dostawca-draco","23":"pa_kamien-brylant","24":"pa_kolor-zolte","25":"pa_kruszec-zloto","26":"pa_masa-karatowa-015ct","27":"pa_proba-0-750","28":"pa_rozmiar-2353","29":"pa_srednica-korony-ok-4mm","30":"pa_waga-140g","31":"pa_wysokosc-3mm","33":"first","34":"instock","35":"purchasable","36":"product-type-simple"},"aioseo_notices":[],"_links":{"self":[{"href":"https:\/\/staviori.com.pl\/en\/wp-json\/wp\/v2\/product\/15407","targetHints":{"allow":["GET"]}}],"collection":[{"href":"https:\/\/staviori.com.pl\/en\/wp-json\/wp\/v2\/product"}],"about":[{"href":"https:\/\/staviori.com.pl\/en\/wp-json\/wp\/v2\/types\/product"}],"replies":[{"embeddable":true,"href":"https:\/\/staviori.com.pl\/en\/wp-json\/wp\/v2\/comments?post=15407"}],"wp:featuredmedia":[{"embeddable":true,"href":"https:\/\/staviori.com.pl\/en\/wp-json\/wp\/v2\/media\/6392"}],"wp:attachment":[{"href":"https:\/\/staviori.com.pl\/en\/wp-json\/wp\/v2\/media?parent=15407"}],"wp:term":[{"taxonomy":"product_brand","embeddable":true,"href":"https:\/\/staviori.com.pl\/en\/wp-json\/wp\/v2\/product_brand?post=15407"},{"taxonomy":"product_cat","embeddable":true,"href":"https:\/\/staviori.com.pl\/en\/wp-json\/wp\/v2\/product_cat?post=15407"},{"taxonomy":"product_tag","embeddable":true,"href":"https:\/\/staviori.com.pl\/en\/wp-json\/wp\/v2\/product_tag?post=15407"}],"curies":[{"name":"wp","href":"https:\/\/api.w.org\/{rel}","templated":true}]}}