{"id":15406,"date":"2025-02-24T22:48:48","date_gmt":"2025-02-24T21:48:48","guid":{"rendered":"https:\/\/staviori.com.pl\/product\/pierscionek-z-diamentem-pxd1913\/"},"modified":"2026-02-11T00:09:15","modified_gmt":"2026-02-10T23:09:15","slug":"pierscionek-z-diamentem-pxd1913","status":"publish","type":"product","link":"https:\/\/staviori.com.pl\/en\/product\/pierscionek-z-diamentem-pxd1913\/","title":{"rendered":"Beautiful classic engagement ring with 0.15ct G\/Si diamond"},"content":{"rendered":"<p>Model: PZD1913<br \/>\nWeight approx. 2.10g<\/p>\n<p>Ring.<br \/>\nYellow, White Gold 0.585.<br \/>\n1 Diament, szlif brylantowy, o masie 0,15ct, barwa G, czysto\u015b\u0107 Si.<\/p>\n<p>Crown diameter approx. 4.2 mm.<br \/>\nWysoko\u015b\u0107 4.3 mm.<br \/>\nWidth of the ring approx. 2.2 mm.<\/p>\n<p>Available on individual order with any other Diamond.<br \/>\nEngagement ring<br \/>\nOnly some sizes available - please ask<\/p>","protected":false},"excerpt":{"rendered":"<p>Klasyczny pier\u015bcionek zar\u0119czynowy z \u017c\u00f3\u0142tego i bia\u0142ego z\u0142ota pr\u00f3by 0,585, ozdobiony l\u015bni\u0105cym brylantem o masie 0,15 ct. Elegancki sze\u015bciokrapowy koszyczek pi\u0119knie eksponuje diament w szlifie brylantowym, dodaj\u0105c mu blasku i g\u0142\u0119bi. Subtelnie zaokr\u0105glona szyna i ponadczasowy design sprawiaj\u0105, \u017ce ten pier\u015bcionek b\u0119dzie wyj\u0105tkowym symbolem mi\u0142o\u015bci i oddania.<\/p>","protected":false},"featured_media":6381,"comment_status":"closed","ping_status":"closed","template":"","meta":{"om_disable_all_campaigns":false},"product_brand":[2284],"product_cat":[1838,6752,2182,801],"product_tag":[2308,4436,5429,3690,4673,4668,5428,5427,2522],"class_list":{"0":"post-15406","1":"product","2":"type-product","3":"status-publish","4":"has-post-thumbnail","6":"product_brand-staviori","7":"product_cat-diamenty","8":"product_cat-kolekcja-staviori-must-have","9":"product_cat-pierscionek-z-diamentem","10":"product_cat-pierscionki","11":"product_tag-biale-zloto","12":"product_tag-bizuteria-z-diamentem","13":"product_tag-brylant-0-15ct","14":"product_tag-elegancki-prezent","15":"product_tag-klasyczny-pierscionek","16":"product_tag-pierscionek-zareczynowy","17":"product_tag-pxd1913","18":"product_tag-pzd1913","19":"product_tag-zolte-zloto","20":"pa_barwa-g-2","21":"pa_czystosc-si1-si2","22":"pa_dostawca-draco","23":"pa_dostawca-iza","24":"pa_kamien-brylant","25":"pa_kolor-zolte","26":"pa_kruszec-zloto","27":"pa_proba-0-585","28":"pa_rozmiar-2352","29":"pa_rozmiar-2354","30":"pa_srednica-korony-ok-4-2mm","31":"pa_waga-210g","32":"pa_wysokosc-4-3mm","34":"first","35":"instock","36":"purchasable","37":"product-type-simple"},"aioseo_notices":[],"_links":{"self":[{"href":"https:\/\/staviori.com.pl\/en\/wp-json\/wp\/v2\/product\/15406","targetHints":{"allow":["GET"]}}],"collection":[{"href":"https:\/\/staviori.com.pl\/en\/wp-json\/wp\/v2\/product"}],"about":[{"href":"https:\/\/staviori.com.pl\/en\/wp-json\/wp\/v2\/types\/product"}],"replies":[{"embeddable":true,"href":"https:\/\/staviori.com.pl\/en\/wp-json\/wp\/v2\/comments?post=15406"}],"wp:featuredmedia":[{"embeddable":true,"href":"https:\/\/staviori.com.pl\/en\/wp-json\/wp\/v2\/media\/6381"}],"wp:attachment":[{"href":"https:\/\/staviori.com.pl\/en\/wp-json\/wp\/v2\/media?parent=15406"}],"wp:term":[{"taxonomy":"product_brand","embeddable":true,"href":"https:\/\/staviori.com.pl\/en\/wp-json\/wp\/v2\/product_brand?post=15406"},{"taxonomy":"product_cat","embeddable":true,"href":"https:\/\/staviori.com.pl\/en\/wp-json\/wp\/v2\/product_cat?post=15406"},{"taxonomy":"product_tag","embeddable":true,"href":"https:\/\/staviori.com.pl\/en\/wp-json\/wp\/v2\/product_tag?post=15406"}],"curies":[{"name":"wp","href":"https:\/\/api.w.org\/{rel}","templated":true}]}}