{"id":15403,"date":"2025-02-24T22:48:48","date_gmt":"2025-02-24T21:48:48","guid":{"rendered":"https:\/\/staviori.com.pl\/product\/pierscionek-z-diamentem-pxd1876\/"},"modified":"2026-02-11T00:09:14","modified_gmt":"2026-02-10T23:09:14","slug":"pierscionek-z-diamentem-pxd1876","status":"publish","type":"product","link":"https:\/\/staviori.com.pl\/en\/product\/pierscionek-z-diamentem-pxd1876\/","title":{"rendered":"flower-shaped diamond ring - white and yellow gold 585"},"content":{"rendered":"<p>Model: PZD1876<br \/>\nWeight approx. 1.90g<\/p>\n<p>Ring.<br \/>\nYellow, White Gold 0.585.<br \/>\n1 Diamond, brilliant cut, weighing 0.03ct, colour H, purity I1.<\/p>\n<p>Crown diameter approx. 10 mm.<br \/>\nHeight 5 mm.<br \/>\nWidth of ring approx. 1.5 mm.<\/p>","protected":false},"excerpt":{"rendered":"<p>Wyj\u0105tkowy pier\u015bcionek z \u017c\u00f3\u0142tego i bia\u0142ego z\u0142ota, kt\u00f3rego forma przypomina rozkwitaj\u0105cy kwiat. Centralnie osadzony diament o szlifie brylantowym delikatnie l\u015bni po\u015br\u00f3d roz\u0142o\u017cystych p\u0142atk\u00f3w o dwukolorowym wyko\u0144czeniu. Ten model emanuje rado\u015bci\u0105 i kobiec\u0105 finezj\u0105, stanowi\u0105c oryginalny wyb\u00f3r zar\u00f3wno na prezent, jak i wyj\u0105tkow\u0105 okazj\u0119.<\/p>","protected":false},"featured_media":20291,"comment_status":"closed","ping_status":"closed","template":"","meta":{"om_disable_all_campaigns":false},"product_brand":[2284],"product_cat":[1838,2182,801],"product_tag":[5420,4884,2967,5419,4686,5257,5417,5418,3589],"class_list":{"0":"post-15403","1":"product","2":"type-product","3":"status-publish","4":"has-post-thumbnail","6":"product_brand-staviori","7":"product_cat-diamenty","8":"product_cat-pierscionek-z-diamentem","9":"product_cat-pierscionki","10":"product_tag-bizuteria-0-585","11":"product_tag-kobiecy-pierscionek","12":"product_tag-oryginalna-bizuteria","13":"product_tag-pierscionek-w-ksztalcie-kwiatu","14":"product_tag-pierscionek-z-diamentem","15":"product_tag-pierscionek-zloty","16":"product_tag-pxd1876","17":"product_tag-pzd1876","18":"product_tag-zolte-i-biale-zloto","19":"pa_barwa-h-2","20":"pa_czystosc-i1","21":"pa_kamien-brylant","22":"pa_kolor-zolte","23":"pa_kruszec-zloto","24":"pa_proba-0-585","25":"pa_rozmiar-2353","26":"pa_rozmiar-2354","27":"pa_srednica-korony-ok-10mm","28":"pa_waga-190g","29":"pa_wysokosc-5mm","31":"first","32":"instock","33":"purchasable","34":"product-type-simple"},"aioseo_notices":[],"_links":{"self":[{"href":"https:\/\/staviori.com.pl\/en\/wp-json\/wp\/v2\/product\/15403","targetHints":{"allow":["GET"]}}],"collection":[{"href":"https:\/\/staviori.com.pl\/en\/wp-json\/wp\/v2\/product"}],"about":[{"href":"https:\/\/staviori.com.pl\/en\/wp-json\/wp\/v2\/types\/product"}],"replies":[{"embeddable":true,"href":"https:\/\/staviori.com.pl\/en\/wp-json\/wp\/v2\/comments?post=15403"}],"wp:featuredmedia":[{"embeddable":true,"href":"https:\/\/staviori.com.pl\/en\/wp-json\/wp\/v2\/media\/20291"}],"wp:attachment":[{"href":"https:\/\/staviori.com.pl\/en\/wp-json\/wp\/v2\/media?parent=15403"}],"wp:term":[{"taxonomy":"product_brand","embeddable":true,"href":"https:\/\/staviori.com.pl\/en\/wp-json\/wp\/v2\/product_brand?post=15403"},{"taxonomy":"product_cat","embeddable":true,"href":"https:\/\/staviori.com.pl\/en\/wp-json\/wp\/v2\/product_cat?post=15403"},{"taxonomy":"product_tag","embeddable":true,"href":"https:\/\/staviori.com.pl\/en\/wp-json\/wp\/v2\/product_tag?post=15403"}],"curies":[{"name":"wp","href":"https:\/\/api.w.org\/{rel}","templated":true}]}}