{"id":15392,"date":"2025-02-24T22:48:44","date_gmt":"2025-02-24T21:48:44","guid":{"rendered":"https:\/\/staviori.com.pl\/product\/pierscionek-z-diamentem-pxd1542d\/"},"modified":"2026-02-11T00:09:14","modified_gmt":"2026-02-10T23:09:14","slug":"pierscionek-z-diamentem-pxd1542d","status":"publish","type":"product","link":"https:\/\/staviori.com.pl\/en\/product\/pierscionek-z-diamentem-pxd1542d\/","title":{"rendered":"Exclusive | engagement ring with diamond 0.25ct pink and white gold 750"},"content":{"rendered":"<p>Model: DDR0715<br \/>\nWeight approx. 2.20g<\/p>\n<p>Ring.<br \/>\nWhite, Rose Gold 0.750.<br \/>\n1 Diamond, brilliant cut, weight 0.25ct, colour G, purity SI1.<\/p>\n<p>\u015arednica korony ok. 6.5 mm.<br \/>\nWysoko\u015b\u0107 4.15 mm.<br \/>\nSzeroko\u015b\u0107 obr\u0105czki ok. 1-2.0 mm.<\/p>\n<p>Mo\u017cliwo\u015b\u0107 wykonania na zam\u00f3wienie z diamentami o dowolnej czysto\u015bci i barwie.<br \/>\nEngagement ring<br \/>\nProduct in any size, available on request only, lead time approx. 5 weeks.<\/p>","protected":false},"excerpt":{"rendered":"<p>Model: DDR0715 Waga ok. 2,20g Pier\u015bcionek. Bia\u0142e, R\u00f3\u017cowe Z\u0142oto 0,750. 1 Diament, szlif brylantowy, o masie 0,25ct, barwa G, czysto\u015b\u0107 SI1. \u015arednica korony ok. 6.5 mm. Wysoko\u015b\u0107 4.15 mm. Szeroko\u015b\u0107 obr\u0105czki ok. 1-2.0 mm. Mo\u017cliwo\u015b\u0107 wykonania na zam\u00f3wienie z diamentami o dowolnej czysto\u015bci i barwie. Pier\u015bcionek zar\u0119czynowy Produkt w dowolnym rozmiarze, dost\u0119pny wy\u0142\u0105cznie na zam\u00f3wienie, [&#8230;]","protected":false},"featured_media":6240,"comment_status":"closed","ping_status":"closed","template":"","meta":{"om_disable_all_campaigns":false},"product_brand":[2284],"product_cat":[1803,1838,2182,6741,801],"product_tag":[4095,5490,2308,2276,4123,6749,3722,4928,4906,4668,6748,4125,2336,3724,5560,3777,4910,6747],"class_list":{"0":"post-15392","1":"product","2":"type-product","3":"status-publish","4":"has-post-thumbnail","6":"product_brand-staviori","7":"product_cat-brylanty-exclusive","8":"product_cat-diamenty","9":"product_cat-pierscionek-z-diamentem","10":"product_cat-pierscionki-brylanty-exclusive","11":"product_cat-pierscionki","12":"product_tag-18k-gold","13":"product_tag-25ct","14":"product_tag-biale-zloto","15":"product_tag-bizuteria-ekskluzywna","16":"product_tag-brylant","17":"product_tag-diamant-0","18":"product_tag-diament","19":"product_tag-diamond-ring","20":"product_tag-engagement-ring","21":"product_tag-pierscionek-zareczynowy","22":"product_tag-prsten-se-zasnubni-diamantem","23":"product_tag-rose-gold","24":"product_tag-rozowe-zloto","25":"product_tag-staviori","26":"product_tag-verlobungsring","27":"product_tag-white-gold","28":"product_tag-zasnubni-prsten","29":"product_tag-zloto-0-750","30":"pa_barwa-g-2","31":"pa_czystosc-si1","32":"pa_kamien-brylant","33":"pa_kolor-biale","34":"pa_kolor-rozowe","35":"pa_kruszec-zloto","36":"pa_proba-0-750","37":"pa_srednica-korony-ok-6-5mm","38":"pa_waga-220g","39":"pa_wysokosc-4-15mm","41":"first","42":"onbackorder","43":"purchasable","44":"product-type-simple"},"aioseo_notices":[],"_links":{"self":[{"href":"https:\/\/staviori.com.pl\/en\/wp-json\/wp\/v2\/product\/15392","targetHints":{"allow":["GET"]}}],"collection":[{"href":"https:\/\/staviori.com.pl\/en\/wp-json\/wp\/v2\/product"}],"about":[{"href":"https:\/\/staviori.com.pl\/en\/wp-json\/wp\/v2\/types\/product"}],"replies":[{"embeddable":true,"href":"https:\/\/staviori.com.pl\/en\/wp-json\/wp\/v2\/comments?post=15392"}],"wp:featuredmedia":[{"embeddable":true,"href":"https:\/\/staviori.com.pl\/en\/wp-json\/wp\/v2\/media\/6240"}],"wp:attachment":[{"href":"https:\/\/staviori.com.pl\/en\/wp-json\/wp\/v2\/media?parent=15392"}],"wp:term":[{"taxonomy":"product_brand","embeddable":true,"href":"https:\/\/staviori.com.pl\/en\/wp-json\/wp\/v2\/product_brand?post=15392"},{"taxonomy":"product_cat","embeddable":true,"href":"https:\/\/staviori.com.pl\/en\/wp-json\/wp\/v2\/product_cat?post=15392"},{"taxonomy":"product_tag","embeddable":true,"href":"https:\/\/staviori.com.pl\/en\/wp-json\/wp\/v2\/product_tag?post=15392"}],"curies":[{"name":"wp","href":"https:\/\/api.w.org\/{rel}","templated":true}]}}