{"id":15386,"date":"2025-02-24T22:48:44","date_gmt":"2025-02-24T21:48:44","guid":{"rendered":"https:\/\/staviori.com.pl\/product\/pierscionek-z-diamentem-pxd1267\/"},"modified":"2026-02-11T00:09:14","modified_gmt":"2026-02-10T23:09:14","slug":"pierscionek-z-diamentem-pxd1267","status":"publish","type":"product","link":"https:\/\/staviori.com.pl\/en\/product\/pierscionek-z-diamentem-pxd1267\/","title":{"rendered":"Exclusive | gold wide ring with diamonds in two-tone gold"},"content":{"rendered":"<p>Model: PZD1267<br \/>\nWaga ok. 5,90g<\/p>\n<p>Ring.<br \/>\nYellow, White Gold 0.585.<br \/>\n52 Diamenty, szlif brylantowy, o masie 0,48ct, barwa H, czysto\u015b\u0107 Si.<\/p>\n<p>8 mm wide.<\/p>\n<p>Product in any size, available on request only, lead time approx. 5 weeks.<\/p>","protected":false},"excerpt":{"rendered":"<p>Spektakularny pier\u015bcionek wykonany z po\u0142\u0105czenia \u017c\u00f3\u0142tego i bia\u0142ego z\u0142ota pr\u00f3by 0,585. Jego wyj\u0105tkowa forma oparta na szerokiej obr\u0105czce z misternie przeplataj\u0105cymi si\u0119 pasmami sprawia, \u017ce przyci\u0105ga wzrok i emanuje luksusem. A\u017c 52 brylanty o \u0142\u0105cznej masie 0,48 ct dodaj\u0105 mu niepowtarzalnego blasku i presti\u017cu. To idealna bi\u017cuteria dla kobiet kochaj\u0105cych wyraziste, a zarazem eleganckie dodatki. Ol\u015bniewaj\u0105cy wyb\u00f3r na wyj\u0105tkowe okazje.<\/p>","protected":false},"featured_media":6163,"comment_status":"closed","ping_status":"closed","template":"","meta":{"om_disable_all_campaigns":false},"product_brand":[2284],"product_cat":[1803,1838,2182,801],"product_tag":[5335,4672,2280,4746,5334,5333,3724,4872,5018,3589],"class_list":{"0":"post-15386","1":"product","2":"type-product","3":"status-publish","4":"has-post-thumbnail","6":"product_brand-staviori","7":"product_cat-brylanty-exclusive","8":"product_cat-diamenty","9":"product_cat-pierscionek-z-diamentem","10":"product_cat-pierscionki","11":"product_tag-diamenty-0-48ct","12":"product_tag-elegancki-pierscionek","13":"product_tag-luksusowa-bizuteria","14":"product_tag-pierscionek-z-brylantami","15":"product_tag-pxd1267","16":"product_tag-pzd1267","17":"product_tag-staviori","18":"product_tag-szeroki-pierscionek","19":"product_tag-zloty-pierscionek","20":"product_tag-zolte-i-biale-zloto","21":"pa_barwa-h-2","22":"pa_czystosc-si1-si2","23":"pa_dostawca-estrella","24":"pa_kamien-brylanty","25":"pa_kolor-zolte","26":"pa_kruszec-zloto","27":"pa_proba-0-585","28":"pa_szerokosc-8mm","29":"pa_waga-590g","31":"first","32":"onbackorder","33":"purchasable","34":"product-type-simple"},"aioseo_notices":[],"_links":{"self":[{"href":"https:\/\/staviori.com.pl\/en\/wp-json\/wp\/v2\/product\/15386","targetHints":{"allow":["GET"]}}],"collection":[{"href":"https:\/\/staviori.com.pl\/en\/wp-json\/wp\/v2\/product"}],"about":[{"href":"https:\/\/staviori.com.pl\/en\/wp-json\/wp\/v2\/types\/product"}],"replies":[{"embeddable":true,"href":"https:\/\/staviori.com.pl\/en\/wp-json\/wp\/v2\/comments?post=15386"}],"wp:featuredmedia":[{"embeddable":true,"href":"https:\/\/staviori.com.pl\/en\/wp-json\/wp\/v2\/media\/6163"}],"wp:attachment":[{"href":"https:\/\/staviori.com.pl\/en\/wp-json\/wp\/v2\/media?parent=15386"}],"wp:term":[{"taxonomy":"product_brand","embeddable":true,"href":"https:\/\/staviori.com.pl\/en\/wp-json\/wp\/v2\/product_brand?post=15386"},{"taxonomy":"product_cat","embeddable":true,"href":"https:\/\/staviori.com.pl\/en\/wp-json\/wp\/v2\/product_cat?post=15386"},{"taxonomy":"product_tag","embeddable":true,"href":"https:\/\/staviori.com.pl\/en\/wp-json\/wp\/v2\/product_tag?post=15386"}],"curies":[{"name":"wp","href":"https:\/\/api.w.org\/{rel}","templated":true}]}}