{"id":15359,"date":"2025-02-24T22:48:44","date_gmt":"2025-02-24T21:48:44","guid":{"rendered":"https:\/\/staviori.com.pl\/product\/zloty-pierscionek-pxc6585\/"},"modified":"2026-03-18T09:18:19","modified_gmt":"2026-03-18T08:18:19","slug":"zloty-pierscionek-pxc6585","status":"publish","type":"product","link":"https:\/\/staviori.com.pl\/en\/product\/zloty-pierscionek-pxc6585\/","title":{"rendered":"Gold openwork ring with zircons - flowers - PXC6585"},"content":{"rendered":"<p>Model: PXC6585<br \/>\nWeight approx. 1.50g<\/p>\n<p>Ring.<br \/>\nYellow gold 0.333.<br \/>\nZirconia.<\/p>\n<p>Dost\u0119pne tylko niekt\u00f3re rozmiary &#8211; niekt\u00f3re na zam\u00f3wienie 1 tydzie\u0144.<\/p>","protected":false},"excerpt":{"rendered":"<p>Uroczy pier\u015bcionek z \u017c\u00f3\u0142tego z\u0142ota, ozdobiony delikatnym a\u017curowym wzorem w kszta\u0142cie kwiat\u00f3w i li\u015bci. Ka\u017cdy detal zosta\u0142 starannie dopracowany, a b\u0142yszcz\u0105ce cyrkonie subtelnie podkre\u015blaj\u0105 lekko\u015b\u0107 i romantyczny charakter bi\u017cuterii. Idealny wyb\u00f3r dla kobiet ceni\u0105cych subteln\u0105 elegancj\u0119 i natur\u0119 zakl\u0119t\u0105 w z\u0142ocie.<\/p>\n<p>Dost\u0119pne tylko niekt\u00f3re rozmiary &#8211; na zam\u00f3wienie 1 tydzie\u0144.<\/p>","protected":false},"featured_media":15360,"comment_status":"closed","ping_status":"closed","template":"","meta":{"om_disable_all_campaigns":false},"product_brand":[2284],"product_cat":[1384,801,1930,176,2204],"product_tag":[5259,2601,3429,5166,5257,2579,5416],"class_list":{"0":"post-15359","1":"product","2":"type-product","3":"status-publish","4":"has-post-thumbnail","6":"product_brand-staviori","7":"product_cat-bizuteria","8":"product_cat-pierscionki","9":"product_cat-zloto-2","10":"product_cat-zloto","11":"product_cat-zloty-pierscionek","12":"product_tag-azurowy-pierscionek","13":"product_tag-lekka-bizuteria","14":"product_tag-motyw-kwiatowy","15":"product_tag-pierscionek-z-cyrkoniami","16":"product_tag-pierscionek-zloty","17":"product_tag-romantyczna-bizuteria","18":"product_tag-zolte-zloto-0-333","19":"pa_kamien-cyrkonia","20":"pa_kolor-zolte","21":"pa_kruszec-zloto","22":"pa_rozmiar-2351","23":"pa_rozmiar-2352","24":"pa_rozmiar-2353","25":"pa_rozmiar-2354","26":"pa_rozmiar-2355","27":"pa_rozmiar-2356","28":"pa_rozmiar-2357","29":"pa_rozmiar-2358","30":"pa_rozmiar-2359","31":"pa_rozmiar-2360","32":"pa_waga-150g","34":"first","35":"instock","36":"taxable","37":"shipping-taxable","38":"purchasable","39":"product-type-simple"},"aioseo_notices":[],"_links":{"self":[{"href":"https:\/\/staviori.com.pl\/en\/wp-json\/wp\/v2\/product\/15359","targetHints":{"allow":["GET"]}}],"collection":[{"href":"https:\/\/staviori.com.pl\/en\/wp-json\/wp\/v2\/product"}],"about":[{"href":"https:\/\/staviori.com.pl\/en\/wp-json\/wp\/v2\/types\/product"}],"replies":[{"embeddable":true,"href":"https:\/\/staviori.com.pl\/en\/wp-json\/wp\/v2\/comments?post=15359"}],"wp:featuredmedia":[{"embeddable":true,"href":"https:\/\/staviori.com.pl\/en\/wp-json\/wp\/v2\/media\/15360"}],"wp:attachment":[{"href":"https:\/\/staviori.com.pl\/en\/wp-json\/wp\/v2\/media?parent=15359"}],"wp:term":[{"taxonomy":"product_brand","embeddable":true,"href":"https:\/\/staviori.com.pl\/en\/wp-json\/wp\/v2\/product_brand?post=15359"},{"taxonomy":"product_cat","embeddable":true,"href":"https:\/\/staviori.com.pl\/en\/wp-json\/wp\/v2\/product_cat?post=15359"},{"taxonomy":"product_tag","embeddable":true,"href":"https:\/\/staviori.com.pl\/en\/wp-json\/wp\/v2\/product_tag?post=15359"}],"curies":[{"name":"wp","href":"https:\/\/api.w.org\/{rel}","templated":true}]}}