{"id":15294,"date":"2025-02-24T22:48:40","date_gmt":"2025-02-24T21:48:40","guid":{"rendered":"https:\/\/staviori.com.pl\/product\/pierscionek-z-diamentem-prd5990\/"},"modified":"2026-02-11T00:09:12","modified_gmt":"2026-02-10T23:09:12","slug":"pierscionek-z-diamentem-prd5990","status":"publish","type":"product","link":"https:\/\/staviori.com.pl\/en\/product\/pierscionek-z-diamentem-prd5990\/","title":{"rendered":"rose gold ring with diamonds"},"content":{"rendered":"<p>Model: PRD5990<br \/>\nWeight approx. 1.20g<\/p>\n<p>Ring.<br \/>\nPink Gold 0.585.<br \/>\n5 Diament\u00f3w, szlif brylantowy, o masie 0,05ct, barwa H, czysto\u015b\u0107 I1.<\/p>\n<p>Only some sizes available - please ask<\/p>","protected":false},"excerpt":{"rendered":"<p>Subtelny pier\u015bcionek z r\u00f3\u017cowego z\u0142ota 14K, ozdobiony pi\u0119cioma l\u015bni\u0105cymi brylantami. Delikatnie wyprofilowana forma tworzy lekko zaokr\u0105glony kszta\u0142t litery \u201eV\u201d, dzi\u0119ki czemu pier\u015bcionek idealnie komponuje si\u0119 jako samodzielna ozdoba lub uzupe\u0142nienie pier\u015bcionka zar\u0119czynowego. Klasyka i nowoczesna lekko\u015b\u0107 w jednym \u2013 idealny wyb\u00f3r dla mi\u0142o\u015bniczek dyskretnego blasku.<\/p>","protected":false},"featured_media":6083,"comment_status":"closed","ping_status":"closed","template":"","meta":{"om_disable_all_campaigns":false},"product_brand":[2284],"product_cat":[1838,2182,801],"product_tag":[2384,4723,5217,5268,4746,5266,5267],"class_list":{"0":"post-15294","1":"product","2":"type-product","3":"status-publish","4":"has-post-thumbnail","6":"product_brand-staviori","7":"product_cat-diamenty","8":"product_cat-pierscionek-z-diamentem","9":"product_cat-pierscionki","10":"product_tag-minimalistyczna-bizuteria","11":"product_tag-obraczka-z-brylantami","12":"product_tag-pierscionek-rozowe-zloto","13":"product_tag-pierscionek-v-shape","14":"product_tag-pierscionek-z-brylantami","15":"product_tag-prd5990","16":"product_tag-zloty-pierscionek-z-diamentami","17":"pa_barwa-h-2","18":"pa_czystosc-i1","19":"pa_kamien-brylanty","20":"pa_kolor-rozowe","21":"pa_kruszec-zloto","22":"pa_proba-0-585","23":"pa_rozmiar-2352","24":"pa_waga-120g","26":"first","27":"instock","28":"purchasable","29":"product-type-simple"},"aioseo_notices":[],"_links":{"self":[{"href":"https:\/\/staviori.com.pl\/en\/wp-json\/wp\/v2\/product\/15294","targetHints":{"allow":["GET"]}}],"collection":[{"href":"https:\/\/staviori.com.pl\/en\/wp-json\/wp\/v2\/product"}],"about":[{"href":"https:\/\/staviori.com.pl\/en\/wp-json\/wp\/v2\/types\/product"}],"replies":[{"embeddable":true,"href":"https:\/\/staviori.com.pl\/en\/wp-json\/wp\/v2\/comments?post=15294"}],"wp:featuredmedia":[{"embeddable":true,"href":"https:\/\/staviori.com.pl\/en\/wp-json\/wp\/v2\/media\/6083"}],"wp:attachment":[{"href":"https:\/\/staviori.com.pl\/en\/wp-json\/wp\/v2\/media?parent=15294"}],"wp:term":[{"taxonomy":"product_brand","embeddable":true,"href":"https:\/\/staviori.com.pl\/en\/wp-json\/wp\/v2\/product_brand?post=15294"},{"taxonomy":"product_cat","embeddable":true,"href":"https:\/\/staviori.com.pl\/en\/wp-json\/wp\/v2\/product_cat?post=15294"},{"taxonomy":"product_tag","embeddable":true,"href":"https:\/\/staviori.com.pl\/en\/wp-json\/wp\/v2\/product_tag?post=15294"}],"curies":[{"name":"wp","href":"https:\/\/api.w.org\/{rel}","templated":true}]}}