{"id":15287,"date":"2025-02-24T22:48:31","date_gmt":"2025-02-24T21:48:31","guid":{"rendered":"https:\/\/staviori.com.pl\/product\/bizuteria-inwestycyjna-pierscionek-prd4043\/"},"modified":"2026-02-11T00:09:12","modified_gmt":"2026-02-10T23:09:12","slug":"bizuteria-inwestycyjna-pierscionek-prd4043","status":"publish","type":"product","link":"https:\/\/staviori.com.pl\/en\/product\/bizuteria-inwestycyjna-pierscionek-prd4043\/","title":{"rendered":"Exclusive | beautiful unique ring with amethyst and diamonds in 18K gold"},"content":{"rendered":"<p>Model: PRD4043<br \/>\nWeight approx. 3.60g<\/p>\n<p>Ring.<br \/>\nRose Gold 0.750.<br \/>\n100 Diament\u00f3w, szlif brylantowy, o masie 0,85ct, barwa G-H, czysto\u015b\u0107 SI1.<br \/>\n1 Ametyst, o masie 1,20ct.<\/p>\n<p>Korona 14&#215;10 mm.<br \/>\nWysoko\u015b\u0107 7.1 mm.<br \/>\nWidth of the ring approx. 3 mm.<\/p>\n<p>Pier\u015bcionek przecudowny na zar\u0119czyny lub inn\u0105 okazj\u0119.<br \/>\nDo kompletu mo\u017cemy wykona\u0107 kolczyki, bransoletk\u0119, wisiorek!<br \/>\nProduct in any size, available on request only, lead time approx. 5 weeks.<\/p>","protected":false},"excerpt":{"rendered":"<p>Phenomenal engagement ring in rose gold 0.750, which attracts the eye with its unique composition of precious stones. The central pear-cut amethyst weighing 1.20 ct exudes a deep purple hue, harmoniously surrounded by up to 100 diamonds weighing a total of 0.85 ct. The glittering drop-shaped setting and the richly ornamented neck add a luxurious touch. This elegant and romantic ring is the perfect choice for women who appreciate the sophisticated style and brilliance of precious stones.<\/p>","protected":false},"featured_media":5991,"comment_status":"closed","ping_status":"closed","template":"","meta":{"om_disable_all_campaigns":false},"product_brand":[2284],"product_cat":[1803,6741,801],"product_tag":[4482,2472,2612,2296,2280,4668,2336,5408,2341],"class_list":{"0":"post-15287","1":"product","2":"type-product","3":"status-publish","4":"has-post-thumbnail","6":"product_brand-staviori","7":"product_cat-brylanty-exclusive","8":"product_cat-pierscionki-brylanty-exclusive","9":"product_cat-pierscionki","10":"product_tag-18-karatowe-zloto","11":"product_tag-ametyst","12":"product_tag-bizuteria-z-kamieniami","13":"product_tag-diamenty","14":"product_tag-luksusowa-bizuteria","15":"product_tag-pierscionek-zareczynowy","16":"product_tag-rozowe-zloto","17":"product_tag-szlif-gruszkowy","18":"product_tag-zloto-750","19":"pa_barwa-g-h","20":"pa_czystosc-si1","21":"pa_dostawca-draco","22":"pa_kamien-ametyst-2","23":"pa_kamien-brylanty","24":"pa_kolor-rozowe","25":"pa_korona-14x10mm","26":"pa_kruszec-zloto","27":"pa_proba-0-750","28":"pa_waga-360g","29":"pa_wysokosc-7-1mm","31":"first","32":"onbackorder","33":"purchasable","34":"product-type-simple"},"aioseo_notices":[],"_links":{"self":[{"href":"https:\/\/staviori.com.pl\/en\/wp-json\/wp\/v2\/product\/15287","targetHints":{"allow":["GET"]}}],"collection":[{"href":"https:\/\/staviori.com.pl\/en\/wp-json\/wp\/v2\/product"}],"about":[{"href":"https:\/\/staviori.com.pl\/en\/wp-json\/wp\/v2\/types\/product"}],"replies":[{"embeddable":true,"href":"https:\/\/staviori.com.pl\/en\/wp-json\/wp\/v2\/comments?post=15287"}],"wp:featuredmedia":[{"embeddable":true,"href":"https:\/\/staviori.com.pl\/en\/wp-json\/wp\/v2\/media\/5991"}],"wp:attachment":[{"href":"https:\/\/staviori.com.pl\/en\/wp-json\/wp\/v2\/media?parent=15287"}],"wp:term":[{"taxonomy":"product_brand","embeddable":true,"href":"https:\/\/staviori.com.pl\/en\/wp-json\/wp\/v2\/product_brand?post=15287"},{"taxonomy":"product_cat","embeddable":true,"href":"https:\/\/staviori.com.pl\/en\/wp-json\/wp\/v2\/product_cat?post=15287"},{"taxonomy":"product_tag","embeddable":true,"href":"https:\/\/staviori.com.pl\/en\/wp-json\/wp\/v2\/product_tag?post=15287"}],"curies":[{"name":"wp","href":"https:\/\/api.w.org\/{rel}","templated":true}]}}