{"id":15285,"date":"2025-02-24T22:48:31","date_gmt":"2025-02-24T21:48:31","guid":{"rendered":"https:\/\/staviori.com.pl\/product\/bizuteria-inwestycyjna-pierscionek-prd3948\/"},"modified":"2026-02-11T00:09:12","modified_gmt":"2026-02-10T23:09:12","slug":"bizuteria-inwestycyjna-pierscionek-prd3948","status":"publish","type":"product","link":"https:\/\/staviori.com.pl\/en\/product\/bizuteria-inwestycyjna-pierscionek-prd3948\/","title":{"rendered":"Exclusive | beautiful wedding ring \/ ring with diamonds in pink 18K gold"},"content":{"rendered":"<p>Model: DDR1808R<br \/>\nWeight approx. 1.30g<\/p>\n<p>Ring.<br \/>\nRose Gold 0.750.<br \/>\n16 Diament\u00f3w, szlif brylantowy, o masie 0,35ct, barwa G-H, czysto\u015b\u0107 SI1.<br \/>\nSzeroko\u015b\u0107 2.4-0.6 mm.<br \/>\nWysoko\u015b\u0107 2.1 mm.<\/p>\n<p>The stone weight and price quoted are for size 13.<br \/>\nProduct in any size, available on request only, lead time approx. 5 weeks.<\/p>\n<p>UWAGA!<br \/>\nNale\u017cy dobrze zmierzy\u0107 rozmiar przed zam\u00f3wieniem, bo zmiana rozmiaru p\u00f3\u017aniej jest niemo\u017cliwa.<\/p>","protected":false},"excerpt":{"rendered":"<p>A delightful ring made of subtle rose gold 0.750, set with 16 sparkling diamonds weighing a total of 0.35 ct. The delicate form and perfectly set diamonds create an exceptionally feminine and sensual design. Ideal as an everyday ring or a unique addition to elegant styling. Elegance and lightness in one - a proposal for women who appreciate the classics in a modern edition.<\/p>","protected":false},"featured_media":20183,"comment_status":"closed","ping_status":"closed","template":"","meta":{"om_disable_all_campaigns":false},"product_brand":[2284],"product_cat":[1803,6741,801],"product_tag":[4482,2541,2296,4672,4723,5405,4108,4746,2336,2341,5018],"class_list":{"0":"post-15285","1":"product","2":"type-product","3":"status-publish","4":"has-post-thumbnail","6":"product_brand-staviori","7":"product_cat-brylanty-exclusive","8":"product_cat-pierscionki-brylanty-exclusive","9":"product_cat-pierscionki","10":"product_tag-18-karatowe-zloto","11":"product_tag-bizuteria-damska","12":"product_tag-diamenty","13":"product_tag-elegancki-pierscionek","14":"product_tag-obraczka-z-brylantami","15":"product_tag-obraczka-z-diamentami","16":"product_tag-pierscionek","17":"product_tag-pierscionek-z-brylantami","18":"product_tag-rozowe-zloto","19":"product_tag-zloto-750","20":"product_tag-zloty-pierscionek","21":"pa_barwa-g-h","22":"pa_czystosc-si1","23":"pa_dostawca-draco","24":"pa_kamien-brylanty","25":"pa_kolor-rozowe","26":"pa_kruszec-zloto","27":"pa_proba-0-750","28":"pa_szerokosc-2-4-0-6mm","29":"pa_waga-130g","30":"pa_wysokosc-2-1mm","32":"first","33":"onbackorder","34":"purchasable","35":"product-type-simple"},"aioseo_notices":[],"_links":{"self":[{"href":"https:\/\/staviori.com.pl\/en\/wp-json\/wp\/v2\/product\/15285","targetHints":{"allow":["GET"]}}],"collection":[{"href":"https:\/\/staviori.com.pl\/en\/wp-json\/wp\/v2\/product"}],"about":[{"href":"https:\/\/staviori.com.pl\/en\/wp-json\/wp\/v2\/types\/product"}],"replies":[{"embeddable":true,"href":"https:\/\/staviori.com.pl\/en\/wp-json\/wp\/v2\/comments?post=15285"}],"wp:featuredmedia":[{"embeddable":true,"href":"https:\/\/staviori.com.pl\/en\/wp-json\/wp\/v2\/media\/20183"}],"wp:attachment":[{"href":"https:\/\/staviori.com.pl\/en\/wp-json\/wp\/v2\/media?parent=15285"}],"wp:term":[{"taxonomy":"product_brand","embeddable":true,"href":"https:\/\/staviori.com.pl\/en\/wp-json\/wp\/v2\/product_brand?post=15285"},{"taxonomy":"product_cat","embeddable":true,"href":"https:\/\/staviori.com.pl\/en\/wp-json\/wp\/v2\/product_cat?post=15285"},{"taxonomy":"product_tag","embeddable":true,"href":"https:\/\/staviori.com.pl\/en\/wp-json\/wp\/v2\/product_tag?post=15285"}],"curies":[{"name":"wp","href":"https:\/\/api.w.org\/{rel}","templated":true}]}}