{"id":15280,"date":"2025-02-24T22:48:31","date_gmt":"2025-02-24T21:48:31","guid":{"rendered":"https:\/\/staviori.com.pl\/product\/pierscionek-z-diamentem-prd2500\/"},"modified":"2026-02-11T00:09:12","modified_gmt":"2026-02-10T23:09:12","slug":"pierscionek-z-diamentem-prd2500","status":"publish","type":"product","link":"https:\/\/staviori.com.pl\/en\/product\/pierscionek-z-diamentem-prd2500\/","title":{"rendered":"Exclusive | engagement ring rose gold with 0.20ct diamond"},"content":{"rendered":"<p>Model: PRD2500<br \/>\nWeight approx. 2.50g<\/p>\n<p>Ring.<br \/>\nPink Gold 0.585.<br \/>\n1 Diament, szlif brylantowy, o masie 0,20ct, barwa G-H, czysto\u015b\u0107 SI.<\/p>\n<p>Width of ring approx. 1.5 mm.<br \/>\nGrubo\u015b\u0107 1.2 mm.<br \/>\nWysoko\u015b\u0107 4.5 mm.<\/p>\n<p>Available on individual order with any other Diamond.<br \/>\nMo\u017cliwo\u015b\u0107 wykonania w bia\u0142ym lub \u017c\u00f3\u0142tym kolorze z\u0142ota.<\/p>\n<p>Produkt w dowolnym rozmiarze i kolorze z\u0142ota dost\u0119pny wy\u0142\u0105cznie na zam\u00f3wienie, czas realizacji ok. 2 tygodnie.<\/p>\n<p>&#8212;&#8212;&#8212;&#8212;&#8212;&#8212;&#8212;&#8212;<br \/>\nA beautiful and minimalist rose gold design with a gorgeous, sparkling, gorgeous diamond. It is set in a low basket and held by four paw feet that perfectly display its undeniable brilliance. This is a FASHION model, a very fashionable, delicate design that will at the same time be visible from afar and unmistakably associated with an engagement. Are you looking for a delicate and beautiful ring? This design is just for you. No woman will be ashamed of it.<\/p>","protected":false},"excerpt":{"rendered":"<p>Subtelny, a zarazem efektowny pier\u015bcionek zar\u0119czynowy wykonany z 14-karatowego r\u00f3\u017cowego z\u0142ota. W centralnym punkcie osadzony zosta\u0142 brylant o masie 0,20 ct, utrzymywany przez klasyczne cztery \u0142apki w finezyjnym koszyczku. Prosta obr\u0105czka doskonale wsp\u00f3\u0142gra z kamieniem, tworz\u0105c idealn\u0105 r\u00f3wnowag\u0119 mi\u0119dzy elegancj\u0105 a nowoczesno\u015bci\u0105. Ten pier\u015bcionek typu fashion to doskona\u0142y wyb\u00f3r dla kobiet ceni\u0105cych delikatny blask i minimalistyczny styl, kt\u00f3ry jednoznacznie m\u00f3wi: \u201etak\u201d.<\/p>","protected":false},"featured_media":5931,"comment_status":"closed","ping_status":"closed","template":"","meta":{"om_disable_all_campaigns":false},"product_brand":[2284],"product_cat":[1838,6752,2182,801],"product_tag":[5221,4797,4673,4856,5222,4668,5220,4705,2336,2364],"class_list":{"0":"post-15280","1":"product","2":"type-product","3":"status-publish","4":"has-post-thumbnail","6":"product_brand-staviori","7":"product_cat-diamenty","8":"product_cat-kolekcja-staviori-must-have","9":"product_cat-pierscionek-z-diamentem","10":"product_cat-pierscionki","11":"product_tag-20ct","12":"product_tag-brylant-0","13":"product_tag-klasyczny-pierscionek","14":"product_tag-minimalistyczny-pierscionek","15":"product_tag-modna-bizuteria","16":"product_tag-pierscionek-zareczynowy","17":"product_tag-prd2500","18":"product_tag-prezent-na-zareczyny","19":"product_tag-rozowe-zloto","20":"product_tag-zloto-585","21":"pa_barwa-g-h","22":"pa_czystosc-si1-si2","23":"pa_dostawca-iza","24":"pa_grubosc-1-2mm","25":"pa_kamien-brylant","26":"pa_kolor-rozowe","27":"pa_kruszec-zloto","28":"pa_masa-karatowa-020ct","29":"pa_okazja-idealne-na-zareczyny","30":"pa_proba-0-585","31":"pa_szerokosc-obraczki-ok-1-5mm","32":"pa_waga-250g","34":"first","35":"onbackorder","36":"purchasable","37":"product-type-simple"},"aioseo_notices":[],"_links":{"self":[{"href":"https:\/\/staviori.com.pl\/en\/wp-json\/wp\/v2\/product\/15280","targetHints":{"allow":["GET"]}}],"collection":[{"href":"https:\/\/staviori.com.pl\/en\/wp-json\/wp\/v2\/product"}],"about":[{"href":"https:\/\/staviori.com.pl\/en\/wp-json\/wp\/v2\/types\/product"}],"replies":[{"embeddable":true,"href":"https:\/\/staviori.com.pl\/en\/wp-json\/wp\/v2\/comments?post=15280"}],"wp:featuredmedia":[{"embeddable":true,"href":"https:\/\/staviori.com.pl\/en\/wp-json\/wp\/v2\/media\/5931"}],"wp:attachment":[{"href":"https:\/\/staviori.com.pl\/en\/wp-json\/wp\/v2\/media?parent=15280"}],"wp:term":[{"taxonomy":"product_brand","embeddable":true,"href":"https:\/\/staviori.com.pl\/en\/wp-json\/wp\/v2\/product_brand?post=15280"},{"taxonomy":"product_cat","embeddable":true,"href":"https:\/\/staviori.com.pl\/en\/wp-json\/wp\/v2\/product_cat?post=15280"},{"taxonomy":"product_tag","embeddable":true,"href":"https:\/\/staviori.com.pl\/en\/wp-json\/wp\/v2\/product_tag?post=15280"}],"curies":[{"name":"wp","href":"https:\/\/api.w.org\/{rel}","templated":true}]}}