{"id":15267,"date":"2025-02-24T22:48:31","date_gmt":"2025-02-24T21:48:31","guid":{"rendered":"https:\/\/staviori.com.pl\/product\/srebrny-pierscionek-pds4394\/"},"modified":"2026-02-11T00:10:02","modified_gmt":"2026-02-10T23:10:02","slug":"srebrny-pierscionek-pds4394","status":"publish","type":"product","link":"https:\/\/staviori.com.pl\/en\/product\/srebrny-pierscionek-pds4394\/","title":{"rendered":"sterling silver ring with natural emerald"},"content":{"rendered":"<p>Model: PDS4394<br \/>\nWeight approx. 2.30g<\/p>\n<p>Ring.<br \/>\n0.925 silver.<br \/>\n1 Szmaragd, o masie 0,80ct.<\/p>\n<p>Crown diameter approx. 7 mm.<br \/>\nHeight 4 mm.<\/p>\n<p>Certificate<br \/>\nPlease note: Product with natural stones. As a work of nature, the stones are not perfect. Natural cracks and inclusions may be visible, this is not a product defect.<\/p>","protected":false},"excerpt":{"rendered":"<p>Elegancki pier\u015bcionek wykonany ze srebra pr\u00f3by 0,925, w kt\u00f3rego centrum osadzono naturalny szmaragd o masie 0,80 ct. Kamie\u0144 zachwyca g\u0142\u0119bokim, zielonym kolorem, a pe\u0142na oprawa dodatkowo podkre\u015bla jego intensywny blask. Prosty, nowoczesny design pier\u015bcionka sprawia, \u017ce bi\u017cuteria prezentuje si\u0119 niezwykle stylowo i ponadczasowo. To idealna propozycja dla kobiet, kt\u00f3re ceni\u0105 naturalne pi\u0119kno i niepowtarzalno\u015b\u0107 \u2013 ka\u017cdy kamie\u0144 jest unikalnym dzie\u0142em natury.<\/p>","protected":false},"featured_media":19809,"comment_status":"closed","ping_status":"closed","template":"","meta":{"om_disable_all_campaigns":false},"product_brand":[2284],"product_cat":[1384,801,2206,1817,145],"product_tag":[5225,5227,4672,5223,5160,4843,2427,5224,5226],"class_list":{"0":"post-15267","1":"product","2":"type-product","3":"status-publish","4":"has-post-thumbnail","6":"product_brand-staviori","7":"product_cat-bizuteria","8":"product_cat-pierscionki","9":"product_cat-srebrny-pierscionek","10":"product_cat-srebro-2","11":"product_cat-srebro","12":"product_tag-bizuteria-ze-szmaragdem","13":"product_tag-certyfikowany-szmaragd","14":"product_tag-elegancki-pierscionek","15":"product_tag-pds4394","16":"product_tag-pierscionek-srebrny","17":"product_tag-pierscionek-z-kamieniem","18":"product_tag-srebro-925","19":"product_tag-szmaragd-naturalny","20":"product_tag-zielony-kamien","21":"pa_dostawca-markazyty-hong","22":"pa_kamien-szmaragd","23":"pa_kruszec-srebro","24":"pa_proba-0-925","25":"pa_rozmiar-4355","26":"pa_rozmiar-2351","27":"pa_rozmiar-2353","28":"pa_rozmiar-2354","29":"pa_rozmiar-2355","30":"pa_rozmiar-2357","31":"pa_rozmiar-2359","32":"pa_rozmiar-2360","33":"pa_rozmiar-4356","34":"pa_srednica-korony-ok-7mm","35":"pa_waga-230g","36":"pa_wysokosc-4mm","38":"first","39":"instock","40":"purchasable","41":"product-type-variable"},"aioseo_notices":[],"_links":{"self":[{"href":"https:\/\/staviori.com.pl\/en\/wp-json\/wp\/v2\/product\/15267","targetHints":{"allow":["GET"]}}],"collection":[{"href":"https:\/\/staviori.com.pl\/en\/wp-json\/wp\/v2\/product"}],"about":[{"href":"https:\/\/staviori.com.pl\/en\/wp-json\/wp\/v2\/types\/product"}],"replies":[{"embeddable":true,"href":"https:\/\/staviori.com.pl\/en\/wp-json\/wp\/v2\/comments?post=15267"}],"wp:featuredmedia":[{"embeddable":true,"href":"https:\/\/staviori.com.pl\/en\/wp-json\/wp\/v2\/media\/19809"}],"wp:attachment":[{"href":"https:\/\/staviori.com.pl\/en\/wp-json\/wp\/v2\/media?parent=15267"}],"wp:term":[{"taxonomy":"product_brand","embeddable":true,"href":"https:\/\/staviori.com.pl\/en\/wp-json\/wp\/v2\/product_brand?post=15267"},{"taxonomy":"product_cat","embeddable":true,"href":"https:\/\/staviori.com.pl\/en\/wp-json\/wp\/v2\/product_cat?post=15267"},{"taxonomy":"product_tag","embeddable":true,"href":"https:\/\/staviori.com.pl\/en\/wp-json\/wp\/v2\/product_tag?post=15267"}],"curies":[{"name":"wp","href":"https:\/\/api.w.org\/{rel}","templated":true}]}}