{"id":15260,"date":"2025-02-24T22:48:26","date_gmt":"2025-02-24T21:48:26","guid":{"rendered":"https:\/\/staviori.com.pl\/product\/srebrny-pierscionek-pdm6145\/"},"modified":"2026-02-11T00:09:51","modified_gmt":"2026-02-10T23:09:51","slug":"srebrny-pierscionek-pdm6145","status":"publish","type":"product","link":"https:\/\/staviori.com.pl\/en\/product\/srebrny-pierscionek-pdm6145\/","title":{"rendered":"Silver ring for dog lovers - marcasites and garnet PDM6145"},"content":{"rendered":"<p>Model: PDM6145<br \/>\nWaga ok. 9,90g<\/p>\n<p>Ring.<br \/>\n0.925 silver.<br \/>\nMarcasites.<br \/>\nGarnet Afryka\u0144ski Czerwony.<\/p>\n<p>Szeroko\u015b\u0107 obr\u0105czki ok. 4-14 mm.<br \/>\nWymiary 14&#215;14 mm.<\/p>\n<p>Only some sizes available - please ask<br \/>\nNiezwyk\u0142y srebrny pier\u015bcie\u0144 w kszta\u0142cie psa. Wyra\u017a w ten nietuzinkowy spos\u00f3b swoje przywi\u0105zanie do tych wspania\u0142ych zwierz\u0105t.<\/p>","protected":false},"excerpt":{"rendered":"<p>Uroczy i pe\u0142en charakteru pier\u015bcionek wykonany ze srebra pr\u00f3by 0,925, przedstawiaj\u0105cy psa oplataj\u0105cego palec. Misterne detale oraz l\u015bni\u0105ce markazyty i czerwone afryka\u0144skie granaty w oczach nadaj\u0105 mu niezwyk\u0142ej g\u0142\u0119bi i wyrazisto\u015bci. Idealny wyb\u00f3r dla mi\u0142o\u015bnik\u00f3w zwierz\u0105t i wyj\u0105tkowej bi\u017cuterii z dusz\u0105. Pier\u015bcionek, kt\u00f3ry nie tylko zdobi, ale tak\u017ce wyra\u017ca emocje.<\/p>","protected":false},"featured_media":20174,"comment_status":"closed","ping_status":"closed","template":"","meta":{"om_disable_all_campaigns":false},"product_brand":[2284],"product_cat":[801,2206,1817],"product_tag":[2907,5402,2425,5160,5403,5404],"class_list":{"0":"post-15260","1":"product","2":"type-product","3":"status-publish","4":"has-post-thumbnail","6":"product_brand-staviori","7":"product_cat-pierscionki","8":"product_cat-srebrny-pierscionek","9":"product_cat-srebro-2","10":"product_tag-bizuteria-artystyczna","11":"product_tag-bizuteria-z-psem","12":"product_tag-markazyty","13":"product_tag-pierscionek-srebrny","14":"product_tag-pierscionek-z-granatem","15":"product_tag-pierscionek-z-motywem-zwierzecym","16":"pa_dostawca-markazyty-hong","17":"pa_kamien-garnety-czerwone","18":"pa_kamien-markazyty","19":"pa_kruszec-srebro","20":"pa_proba-0-925","21":"pa_rozmiar-2351","22":"pa_rozmiar-2353","23":"pa_rozmiar-2356","24":"pa_rozmiar-2357","25":"pa_rozmiar-2358","26":"pa_rozmiar-2359","27":"pa_szerokosc-obraczki-ok-4-14mm","28":"pa_waga-990g","29":"pa_wymiary-14x14x15mm","31":"first","32":"instock","33":"purchasable","34":"product-type-variable"},"aioseo_notices":[],"_links":{"self":[{"href":"https:\/\/staviori.com.pl\/en\/wp-json\/wp\/v2\/product\/15260","targetHints":{"allow":["GET"]}}],"collection":[{"href":"https:\/\/staviori.com.pl\/en\/wp-json\/wp\/v2\/product"}],"about":[{"href":"https:\/\/staviori.com.pl\/en\/wp-json\/wp\/v2\/types\/product"}],"replies":[{"embeddable":true,"href":"https:\/\/staviori.com.pl\/en\/wp-json\/wp\/v2\/comments?post=15260"}],"wp:featuredmedia":[{"embeddable":true,"href":"https:\/\/staviori.com.pl\/en\/wp-json\/wp\/v2\/media\/20174"}],"wp:attachment":[{"href":"https:\/\/staviori.com.pl\/en\/wp-json\/wp\/v2\/media?parent=15260"}],"wp:term":[{"taxonomy":"product_brand","embeddable":true,"href":"https:\/\/staviori.com.pl\/en\/wp-json\/wp\/v2\/product_brand?post=15260"},{"taxonomy":"product_cat","embeddable":true,"href":"https:\/\/staviori.com.pl\/en\/wp-json\/wp\/v2\/product_cat?post=15260"},{"taxonomy":"product_tag","embeddable":true,"href":"https:\/\/staviori.com.pl\/en\/wp-json\/wp\/v2\/product_tag?post=15260"}],"curies":[{"name":"wp","href":"https:\/\/api.w.org\/{rel}","templated":true}]}}